{"id":21899,"date":"2025-04-16T14:19:39","date_gmt":"2025-04-16T11:19:39","guid":{"rendered":"https:\/\/drermanak.com\/facelift-before-and-after-photos\/"},"modified":"2025-05-30T11:22:34","modified_gmt":"2025-05-30T11:22:34","slug":"facelift-vorher-nachher-fotos","status":"publish","type":"page","link":"https:\/\/drermanak.com\/de\/facelift-vorher-nachher-fotos\/","title":{"rendered":"Facelift Vorher-Nachher-Fotos"},"content":{"rendered":"<p>Entdecken Sie die beeindruckenden Ergebnisse in unserer Galerie mit Vorher-Nachher-Fotos zum Facelift, die echte Patientenbeispiele von Dr. Erman Ak zeigen. Sehen Sie, wie fachgerecht durchgef\u00fchrte Facelift-Operationen die Gesichtskonturen verj\u00fcngen, erschlaffte Haut reduzieren und ein jugendliches Aussehen wiederherstellen k\u00f6nnen. Jede Fotoserie hebt das nat\u00fcrliche, erfrischte Erscheinungsbild hervor, das durch individuelle Operationsplanung und pr\u00e4zise Techniken erreicht wird. Ideal f\u00fcr alle, die eine Gesichtsverj\u00fcngung in Erw\u00e4gung ziehen \u2013 diese Galerie bietet wertvolle Einblicke in die M\u00f6glichkeiten der modernen Facelift-Chirurgie. Wenn Sie einen erfahrenen Facelift-Chirurgen in der T\u00fcrkei suchen, spiegeln die Arbeiten von Dr. Erman Ak sowohl k\u00fcnstlerisches Geschick als auch Exzellenz in der Gesichts\u00e4sthetik wider.<\/p>\n\n  \n    <div class=\"row large-columns-2 medium-columns- small-columns-\" >\n  <div class=\"gallery-col col\" >\n          <div class=\"col-inner\">\n            <a class=\"image-lightbox lightbox-gallery\" href=\"https:\/\/drermanak.com\/wp-content\/uploads\/2025\/04\/facelift-surgery-before-after-in-turkey-1.webp\" title=\"\">            <div class=\"box has-hover gallery-box box-overlay dark\">\n              <div class=\"box-image\" >\n                <img loading=\"lazy\" decoding=\"async\" width=\"1640\" height=\"924\" src=\"https:\/\/drermanak.com\/wp-content\/uploads\/2025\/04\/facelift-surgery-before-after-in-turkey-1.webp\" class=\"attachment-2048x2048 size-2048x2048\" alt=\"\" ids=\"21852,21864,21868,21872,21876,21884,21892,21931\" lightbox_image_size=\"original\" columns=\"2\" image_size=\"2048x2048\" srcset=\"https:\/\/drermanak.com\/wp-content\/uploads\/2025\/04\/facelift-surgery-before-after-in-turkey-1.webp 1640w, https:\/\/drermanak.com\/wp-content\/uploads\/2025\/04\/facelift-surgery-before-after-in-turkey-1-300x169.webp 300w, https:\/\/drermanak.com\/wp-content\/uploads\/2025\/04\/facelift-surgery-before-after-in-turkey-1-1024x577.webp 1024w, https:\/\/drermanak.com\/wp-content\/uploads\/2025\/04\/facelift-surgery-before-after-in-turkey-1-768x433.webp 768w, https:\/\/drermanak.com\/wp-content\/uploads\/2025\/04\/facelift-surgery-before-after-in-turkey-1-1536x865.webp 1536w\" sizes=\"auto, (max-width: 1640px) 100vw, 1640px\" title=\"\">                                  <div class=\"overlay fill\"\n                      style=\"background-color: rgba(0,0,0,.15)\">\n                  <\/div>\n                                                              <\/div>\n              <div class=\"box-text text-left\" >\n                 <p><\/p>\n              <\/div>\n            <\/div>\n            <\/a>          <\/div>\n         <\/div><div class=\"gallery-col col\" >\n          <div class=\"col-inner\">\n            <a class=\"image-lightbox lightbox-gallery\" href=\"https:\/\/drermanak.com\/wp-content\/uploads\/2025\/04\/facelift-surgery-before-after-in-turkey-4.webp\" title=\"\">            <div class=\"box has-hover gallery-box box-overlay dark\">\n              <div class=\"box-image\" >\n                <img loading=\"lazy\" decoding=\"async\" width=\"1640\" height=\"924\" src=\"https:\/\/drermanak.com\/wp-content\/uploads\/2025\/04\/facelift-surgery-before-after-in-turkey-4.webp\" class=\"attachment-2048x2048 size-2048x2048\" alt=\"\" ids=\"21852,21864,21868,21872,21876,21884,21892,21931\" lightbox_image_size=\"original\" columns=\"2\" image_size=\"2048x2048\" srcset=\"https:\/\/drermanak.com\/wp-content\/uploads\/2025\/04\/facelift-surgery-before-after-in-turkey-4.webp 1640w, https:\/\/drermanak.com\/wp-content\/uploads\/2025\/04\/facelift-surgery-before-after-in-turkey-4-300x169.webp 300w, https:\/\/drermanak.com\/wp-content\/uploads\/2025\/04\/facelift-surgery-before-after-in-turkey-4-1024x577.webp 1024w, https:\/\/drermanak.com\/wp-content\/uploads\/2025\/04\/facelift-surgery-before-after-in-turkey-4-768x433.webp 768w, https:\/\/drermanak.com\/wp-content\/uploads\/2025\/04\/facelift-surgery-before-after-in-turkey-4-1536x865.webp 1536w\" sizes=\"auto, (max-width: 1640px) 100vw, 1640px\" title=\"\">                                  <div class=\"overlay fill\"\n                      style=\"background-color: rgba(0,0,0,.15)\">\n                  <\/div>\n                                                              <\/div>\n              <div class=\"box-text text-left\" >\n                 <p><\/p>\n              <\/div>\n            <\/div>\n            <\/a>          <\/div>\n         <\/div><div class=\"gallery-col col\" >\n          <div class=\"col-inner\">\n            <a class=\"image-lightbox lightbox-gallery\" href=\"https:\/\/drermanak.com\/wp-content\/uploads\/2025\/04\/facelift-surgery-before-after-in-turkey-5.webp\" title=\"\">            <div class=\"box has-hover gallery-box box-overlay dark\">\n              <div class=\"box-image\" >\n                <img loading=\"lazy\" decoding=\"async\" width=\"1640\" height=\"924\" src=\"https:\/\/drermanak.com\/wp-content\/uploads\/2025\/04\/facelift-surgery-before-after-in-turkey-5.webp\" class=\"attachment-2048x2048 size-2048x2048\" alt=\"\" ids=\"21852,21864,21868,21872,21876,21884,21892,21931\" lightbox_image_size=\"original\" columns=\"2\" image_size=\"2048x2048\" srcset=\"https:\/\/drermanak.com\/wp-content\/uploads\/2025\/04\/facelift-surgery-before-after-in-turkey-5.webp 1640w, https:\/\/drermanak.com\/wp-content\/uploads\/2025\/04\/facelift-surgery-before-after-in-turkey-5-300x169.webp 300w, https:\/\/drermanak.com\/wp-content\/uploads\/2025\/04\/facelift-surgery-before-after-in-turkey-5-1024x577.webp 1024w, https:\/\/drermanak.com\/wp-content\/uploads\/2025\/04\/facelift-surgery-before-after-in-turkey-5-768x433.webp 768w, https:\/\/drermanak.com\/wp-content\/uploads\/2025\/04\/facelift-surgery-before-after-in-turkey-5-1536x865.webp 1536w\" sizes=\"auto, (max-width: 1640px) 100vw, 1640px\" title=\"\">                                  <div class=\"overlay fill\"\n                      style=\"background-color: rgba(0,0,0,.15)\">\n                  <\/div>\n                                                              <\/div>\n              <div class=\"box-text text-left\" >\n                 <p><\/p>\n              <\/div>\n            <\/div>\n            <\/a>          <\/div>\n         <\/div><div class=\"gallery-col col\" >\n          <div class=\"col-inner\">\n            <a class=\"image-lightbox lightbox-gallery\" href=\"https:\/\/drermanak.com\/wp-content\/uploads\/2025\/04\/facelift-surgery-before-after-in-turkey-7.webp\" title=\"\">            <div class=\"box has-hover gallery-box box-overlay dark\">\n              <div class=\"box-image\" >\n                <img loading=\"lazy\" decoding=\"async\" width=\"1640\" height=\"924\" src=\"https:\/\/drermanak.com\/wp-content\/uploads\/2025\/04\/facelift-surgery-before-after-in-turkey-7.webp\" class=\"attachment-2048x2048 size-2048x2048\" alt=\"\" ids=\"21852,21864,21868,21872,21876,21884,21892,21931\" lightbox_image_size=\"original\" columns=\"2\" image_size=\"2048x2048\" srcset=\"https:\/\/drermanak.com\/wp-content\/uploads\/2025\/04\/facelift-surgery-before-after-in-turkey-7.webp 1640w, https:\/\/drermanak.com\/wp-content\/uploads\/2025\/04\/facelift-surgery-before-after-in-turkey-7-300x169.webp 300w, https:\/\/drermanak.com\/wp-content\/uploads\/2025\/04\/facelift-surgery-before-after-in-turkey-7-1024x577.webp 1024w, https:\/\/drermanak.com\/wp-content\/uploads\/2025\/04\/facelift-surgery-before-after-in-turkey-7-768x433.webp 768w, https:\/\/drermanak.com\/wp-content\/uploads\/2025\/04\/facelift-surgery-before-after-in-turkey-7-1536x865.webp 1536w\" sizes=\"auto, (max-width: 1640px) 100vw, 1640px\" title=\"\">                                  <div class=\"overlay fill\"\n                      style=\"background-color: rgba(0,0,0,.15)\">\n                  <\/div>\n                                                              <\/div>\n              <div class=\"box-text text-left\" >\n                 <p><\/p>\n              <\/div>\n            <\/div>\n            <\/a>          <\/div>\n         <\/div><div class=\"gallery-col col\" >\n          <div class=\"col-inner\">\n            <a class=\"image-lightbox lightbox-gallery\" href=\"https:\/\/drermanak.com\/wp-content\/uploads\/2025\/04\/facelift-surgery-before-after-in-turkey-9.webp\" title=\"\">            <div class=\"box has-hover gallery-box box-overlay dark\">\n              <div class=\"box-image\" >\n                <img loading=\"lazy\" decoding=\"async\" width=\"1640\" height=\"924\" src=\"https:\/\/drermanak.com\/wp-content\/uploads\/2025\/04\/facelift-surgery-before-after-in-turkey-9.webp\" class=\"attachment-2048x2048 size-2048x2048\" alt=\"\" ids=\"21852,21864,21868,21872,21876,21884,21892,21931\" lightbox_image_size=\"original\" columns=\"2\" image_size=\"2048x2048\" srcset=\"https:\/\/drermanak.com\/wp-content\/uploads\/2025\/04\/facelift-surgery-before-after-in-turkey-9.webp 1640w, https:\/\/drermanak.com\/wp-content\/uploads\/2025\/04\/facelift-surgery-before-after-in-turkey-9-300x169.webp 300w, https:\/\/drermanak.com\/wp-content\/uploads\/2025\/04\/facelift-surgery-before-after-in-turkey-9-1024x577.webp 1024w, https:\/\/drermanak.com\/wp-content\/uploads\/2025\/04\/facelift-surgery-before-after-in-turkey-9-768x433.webp 768w, https:\/\/drermanak.com\/wp-content\/uploads\/2025\/04\/facelift-surgery-before-after-in-turkey-9-1536x865.webp 1536w\" sizes=\"auto, (max-width: 1640px) 100vw, 1640px\" title=\"\">                                  <div class=\"overlay fill\"\n                      style=\"background-color: rgba(0,0,0,.15)\">\n                  <\/div>\n                                                              <\/div>\n              <div class=\"box-text text-left\" >\n                 <p><\/p>\n              <\/div>\n            <\/div>\n            <\/a>          <\/div>\n         <\/div><div class=\"gallery-col col\" >\n          <div class=\"col-inner\">\n            <a class=\"image-lightbox lightbox-gallery\" href=\"https:\/\/drermanak.com\/wp-content\/uploads\/2025\/04\/facelift-surgery-before-after-in-turkey-11.webp\" title=\"\">            <div class=\"box has-hover gallery-box box-overlay dark\">\n              <div class=\"box-image\" >\n                <img loading=\"lazy\" decoding=\"async\" width=\"1640\" height=\"924\" src=\"https:\/\/drermanak.com\/wp-content\/uploads\/2025\/04\/facelift-surgery-before-after-in-turkey-11.webp\" class=\"attachment-2048x2048 size-2048x2048\" alt=\"\" ids=\"21852,21864,21868,21872,21876,21884,21892,21931\" lightbox_image_size=\"original\" columns=\"2\" image_size=\"2048x2048\" srcset=\"https:\/\/drermanak.com\/wp-content\/uploads\/2025\/04\/facelift-surgery-before-after-in-turkey-11.webp 1640w, https:\/\/drermanak.com\/wp-content\/uploads\/2025\/04\/facelift-surgery-before-after-in-turkey-11-300x169.webp 300w, https:\/\/drermanak.com\/wp-content\/uploads\/2025\/04\/facelift-surgery-before-after-in-turkey-11-1024x577.webp 1024w, https:\/\/drermanak.com\/wp-content\/uploads\/2025\/04\/facelift-surgery-before-after-in-turkey-11-768x433.webp 768w, https:\/\/drermanak.com\/wp-content\/uploads\/2025\/04\/facelift-surgery-before-after-in-turkey-11-1536x865.webp 1536w\" sizes=\"auto, (max-width: 1640px) 100vw, 1640px\" title=\"\">                                  <div class=\"overlay fill\"\n                      style=\"background-color: rgba(0,0,0,.15)\">\n                  <\/div>\n                                                              <\/div>\n              <div class=\"box-text text-left\" >\n                 <p><\/p>\n              <\/div>\n            <\/div>\n            <\/a>          <\/div>\n         <\/div><div class=\"gallery-col col\" >\n          <div class=\"col-inner\">\n            <a class=\"image-lightbox lightbox-gallery\" href=\"https:\/\/drermanak.com\/wp-content\/uploads\/2025\/04\/Combined-Facelift-Neck-Lift.webp\" title=\"\">            <div class=\"box has-hover gallery-box box-overlay dark\">\n              <div class=\"box-image\" >\n                <img loading=\"lazy\" decoding=\"async\" width=\"1080\" height=\"1350\" src=\"https:\/\/drermanak.com\/wp-content\/uploads\/2025\/04\/Combined-Facelift-Neck-Lift.webp\" class=\"attachment-2048x2048 size-2048x2048\" alt=\"\" ids=\"21852,21864,21868,21872,21876,21884,21892,21931\" lightbox_image_size=\"original\" columns=\"2\" image_size=\"2048x2048\" srcset=\"https:\/\/drermanak.com\/wp-content\/uploads\/2025\/04\/Combined-Facelift-Neck-Lift.webp 1080w, https:\/\/drermanak.com\/wp-content\/uploads\/2025\/04\/Combined-Facelift-Neck-Lift-240x300.webp 240w, https:\/\/drermanak.com\/wp-content\/uploads\/2025\/04\/Combined-Facelift-Neck-Lift-819x1024.webp 819w, https:\/\/drermanak.com\/wp-content\/uploads\/2025\/04\/Combined-Facelift-Neck-Lift-768x960.webp 768w\" sizes=\"auto, (max-width: 1080px) 100vw, 1080px\" title=\"\">                                  <div class=\"overlay fill\"\n                      style=\"background-color: rgba(0,0,0,.15)\">\n                  <\/div>\n                                                              <\/div>\n              <div class=\"box-text text-left\" >\n                 <p><\/p>\n              <\/div>\n            <\/div>\n            <\/a>          <\/div>\n         <\/div><\/div>\n","protected":false},"excerpt":{"rendered":"<p>Entdecken Sie die beeindruckenden Ergebnisse in unserer Galerie mit Vorher-Nachher-Fotos zum Facelift, die echte Patientenbeispiele von Dr. Erman Ak zeigen. Sehen Sie, wie fachgerecht durchgef\u00fchrte Facelift-Operationen die Gesichtskonturen verj\u00fcngen, erschlaffte Haut reduzieren und ein jugendliches Aussehen wiederherstellen k\u00f6nnen. Jede Fotoserie hebt das nat\u00fcrliche, erfrischte Erscheinungsbild hervor, das durch individuelle Operationsplanung und pr\u00e4zise Techniken erreicht wird. [&#8230;]\n","protected":false},"author":2,"featured_media":0,"parent":0,"menu_order":0,"comment_status":"closed","ping_status":"closed","template":"","meta":{"footnotes":""},"class_list":["post-21899","page","type-page","status-publish","hentry"],"_links":{"self":[{"href":"https:\/\/drermanak.com\/de\/wp-json\/wp\/v2\/pages\/21899","targetHints":{"allow":["GET"]}}],"collection":[{"href":"https:\/\/drermanak.com\/de\/wp-json\/wp\/v2\/pages"}],"about":[{"href":"https:\/\/drermanak.com\/de\/wp-json\/wp\/v2\/types\/page"}],"author":[{"embeddable":true,"href":"https:\/\/drermanak.com\/de\/wp-json\/wp\/v2\/users\/2"}],"replies":[{"embeddable":true,"href":"https:\/\/drermanak.com\/de\/wp-json\/wp\/v2\/comments?post=21899"}],"version-history":[{"count":3,"href":"https:\/\/drermanak.com\/de\/wp-json\/wp\/v2\/pages\/21899\/revisions"}],"predecessor-version":[{"id":25332,"href":"https:\/\/drermanak.com\/de\/wp-json\/wp\/v2\/pages\/21899\/revisions\/25332"}],"wp:attachment":[{"href":"https:\/\/drermanak.com\/de\/wp-json\/wp\/v2\/media?parent=21899"}],"curies":[{"name":"wp","href":"https:\/\/api.w.org\/{rel}","templated":true}]}}