{"id":27143,"date":"2025-09-05T09:19:34","date_gmt":"2025-09-05T06:19:34","guid":{"rendered":"https:\/\/drermanak.com\/?page_id=27143"},"modified":"2025-09-05T09:27:58","modified_gmt":"2025-09-05T09:27:58","slug":"patientenleitfaden","status":"publish","type":"page","link":"https:\/\/drermanak.com\/de\/uber-mich\/patientenleitfaden\/","title":{"rendered":"Patientenleitfaden"},"content":{"rendered":"<h2>Vor der Reise in die T\u00fcrkei<\/h2>\n<ul>\n<li aria-level=\"1\">F\u00fcr Langstreckenfl\u00fcge (\u00dcbersee): Bitte kommen Sie mindestens 2 Tage vor der Operation in Istanbul an.<\/li>\n<li aria-level=\"1\">F\u00fcr Kurzstreckenfl\u00fcge: Bitte kommen Sie mindestens 1 Tag vor der Operation an.<\/li>\n<li aria-level=\"1\">Wir empfehlen, eine Begleitperson mitzubringen, die in den ersten Tagen nach der Operation bei Ihnen bleibt. Wenn dies nicht m\u00f6glich ist, k\u00f6nnen wir Sie an externe professionelle Pflege-\/Begleitdienste (gegen Aufpreis) f\u00fcr Ihren Hotelaufenthalt verweisen.<\/li>\n<li aria-level=\"1\">Reisepass &amp; Visum: \u00dcberpr\u00fcfen Sie die Visabestimmungen auf der offiziellen Website: https:\/\/www.mfa.gov.tr\/visa-information-for-foreigners.en.mfa<\/li>\n<li aria-level=\"1\">Berechtigte Patienten k\u00f6nnen ein E-Visum online beantragen: https:\/\/www.evisa.gov.tr<\/li>\n<\/ul>\n<h2>Medizinische Vorbereitung<\/h2>\n<ul>\n<li aria-level=\"1\">Das Erreichen und Halten Ihres Idealgewichts ist vor der Operation verpflichtend. Gewichtsschwankungen nach der Operation k\u00f6nnen die Ergebnisse negativ beeinflussen.<\/li>\n<li aria-level=\"1\">Gewichtsreduktionsmedikamente: m\u00fcssen mindestens 6 Wochen vor der Operation abgesetzt werden.<\/li>\n<li aria-level=\"1\">Hormonersatztherapie (HRT) und orale Antibabypillen: m\u00fcssen 6 Wochen vor der Operation abgesetzt werden.<\/li>\n<li aria-level=\"1\">Blutverd\u00fcnner &amp; pflanzliche Pr\u00e4parate (Aspirin, Ibuprofen, Omega-3, Vitamin E, Ginkgo, Ginseng usw.): 7\u201310 Tage vor der Operation absetzen.<\/li>\n<li aria-level=\"1\">Rauchen\/Nikotin: muss mindestens 3\u20134 Wochen vor der Operation eingestellt werden.<\/li>\n<li aria-level=\"1\">Alkohol: sollte mindestens 1 Woche vor der Operation vermieden werden.<\/li>\n<li aria-level=\"1\">Brustverkleinerung\/-straffung: Eine Mammographie oder Brustultraschall ist verpflichtend. Diese Untersuchungen k\u00f6nnen auch in unserem Krankenhaus gegen Aufpreis durchgef\u00fchrt werden.<\/li>\n<li aria-level=\"1\">Facelift-Patienten: Alle Gesichtsfiller m\u00fcssen mindestens 2 Monate vor der Operation aufgel\u00f6st sein.<\/li>\n<li aria-level=\"1\">Kr\u00e4utertees (wie gr\u00fcner Tee, Zitronentee usw.) k\u00f6nnen das Blutungsrisiko erh\u00f6hen. Bitte vermeiden Sie diese 1 Woche vor und 1 Woche nach der Operation.<\/li>\n<li aria-level=\"1\">Schwarzer Tee ist unbedenklich und kann konsumiert werden.<\/li>\n<li aria-level=\"1\">Bestimmte Lebensmittel \u2014 darunter Kirschen, Sauerkirschen, Knoblauch, frische oder getrocknete Trauben und Wassermelonen \u2014 enthalten nat\u00fcrliche Salicyls\u00e4ure und k\u00f6nnen wie Aspirin wirken, wodurch das Blutungsrisiko leicht erh\u00f6ht wird. Es ist am besten, den Verzehr gro\u00dfer Mengen dieser Lebensmittel in der Woche vor der Operation zu vermeiden.<\/li>\n<li aria-level=\"1\">Lassen Sie allen Schmuck zu Hause (einschlie\u00dflich Eheringe, Halsketten und Ohrringe).<\/li>\n<li aria-level=\"1\">Tragen Sie vorne zu \u00f6ffnende Kleidung (mit Kn\u00f6pfen oder Rei\u00dfverschluss). Vermeiden Sie enge Kleidung oder St\u00fccke, die \u00fcber den Kopf gezogen werden m\u00fcssen.<\/li>\n<li aria-level=\"1\">Duschen Sie am Abend vor der Operation warm.<\/li>\n<li aria-level=\"1\">Verwenden Sie am Operationstag keine Haarprodukte wie Spray, Gel oder Schaum.<\/li>\n<\/ul>\n<h2>Medizinische Unterlagen &amp; Dokumentation<\/h2>\n<ul>\n<li aria-level=\"1\">Detailliertes medizinisches Formular (Allergien, Medikamente, fr\u00fchere Krankheiten, Rauch-\/Alkoholkonsum).<\/li>\n<li aria-level=\"1\">Fr\u00fchere Operationsberichte oder Entlassungsbriefe.<\/li>\n<li aria-level=\"1\">Wenn Sie Begleiterkrankungen haben (Herzerkrankung, Diabetes, Gerinnungsst\u00f6rungen usw.), ist ein \u00e4rztliches Attest erforderlich.<\/li>\n<li aria-level=\"1\">Pr\u00e4operative Tests (insbesondere bei kombinierten oder langen Operationen): Blutbild, Biochemie (Leber, Nieren, Elektrolyte), Gerinnungstests (PT, aPTT, INR).<\/li>\n<li aria-level=\"1\">Patienten m\u00fcssen diese Tests in ihrem Heimatland durchf\u00fchren und uns die Ergebnisse zusenden. Wir werden diese \u00fcberpr\u00fcfen und gegebenenfalls weitere Empfehlungen geben.<\/li>\n<li aria-level=\"1\">Jede bekannte Infektionskrankheit (HIV, Hepatitis B\/C usw.) muss uns im Voraus gemeldet werden.<\/li>\n<\/ul>\n<h2>Online-Konsultation<\/h2>\n<ul>\n<li aria-level=\"1\">Alle internationalen Patienten m\u00fcssen vor der Operation eine Online-Konsultation durchf\u00fchren.<\/li>\n<li aria-level=\"1\">W\u00e4hrend dieser Sitzung besprechen wir Ihre Erwartungen, was m\u00f6glich ist und was nicht, Operationsrisiken, den Heilungsprozess und die Reiseplanung.<\/li>\n<li aria-level=\"1\">Hinweis: Die Online-Konsultation ist kostenpflichtig, aber dieser Betrag wird von den Gesamtkosten der Operation abgezogen.<\/li>\n<\/ul>\n<h2>W\u00e4hrend des Fluges (Thromboseprophylaxe)<\/h2>\n<ul>\n<li aria-level=\"1\">Gehen Sie regelm\u00e4\u00dfig: Bewegen Sie sich mindestens einmal pro Stunde in der Kabine.<\/li>\n<li aria-level=\"1\">F\u00fchren Sie Waden- und Fu\u00dfgelenks\u00fcbungen im Sitzen durch.<\/li>\n<li aria-level=\"1\">Trinken Sie viel Wasser; vermeiden Sie Alkohol und Koffein.<\/li>\n<li aria-level=\"1\">Kompressionsstr\u00fcmpfe k\u00f6nnen f\u00fcr Risikopatienten empfohlen werden.<\/li>\n<\/ul>\n<h2>Was Sie mitbringen sollten<\/h2>\n<ul>\n<li aria-level=\"1\">Bequeme, vorne zu \u00f6ffnende Kleidung.<\/li>\n<li aria-level=\"1\">Postoperative Kleidung\/Korsett\/Operations-BH (unsere Klinik wird Sie beraten).<\/li>\n<li aria-level=\"1\">Bringen Sie Ihre regelm\u00e4\u00dfig verschriebenen Medikamente mit.<\/li>\n<li aria-level=\"1\">Pers\u00f6nliche Hygieneartikel.<\/li>\n<\/ul>\n<h2>Nach der Ankunft in Istanbul<\/h2>\n<ul>\n<li aria-level=\"1\">Je nach Operation bleiben Sie in der Regel 1\u20132 N\u00e4chte im Krankenhaus.<\/li>\n<li aria-level=\"1\">Wenn Sie keine Begleitperson haben, k\u00f6nnen wir Sie an externe professionelle Pflege-\/Begleitdienste w\u00e4hrend Ihres Hotelaufenthalts verweisen (gegen Aufpreis).<\/li>\n<li aria-level=\"1\">Postoperative Nachuntersuchungen werden organisiert. Nach Ihrer R\u00fcckkehr in Ihr Heimatland kann die Nachsorge online fortgesetzt werden.<\/li>\n<\/ul>\n","protected":false},"excerpt":{"rendered":"<p>Vor der Reise in die T\u00fcrkei F\u00fcr Langstreckenfl\u00fcge (\u00dcbersee): Bitte kommen Sie mindestens 2 Tage vor der Operation in Istanbul an. F\u00fcr Kurzstreckenfl\u00fcge: Bitte kommen Sie mindestens 1 Tag vor der Operation an. Wir empfehlen, eine Begleitperson mitzubringen, die in den ersten Tagen nach der Operation bei Ihnen bleibt. Wenn dies nicht m\u00f6glich ist, k\u00f6nnen [&#8230;]\n","protected":false},"author":2,"featured_media":0,"parent":6373,"menu_order":0,"comment_status":"closed","ping_status":"closed","template":"page-blank-title-center.php","meta":{"footnotes":""},"class_list":["post-27143","page","type-page","status-publish","hentry"],"_links":{"self":[{"href":"https:\/\/drermanak.com\/de\/wp-json\/wp\/v2\/pages\/27143","targetHints":{"allow":["GET"]}}],"collection":[{"href":"https:\/\/drermanak.com\/de\/wp-json\/wp\/v2\/pages"}],"about":[{"href":"https:\/\/drermanak.com\/de\/wp-json\/wp\/v2\/types\/page"}],"author":[{"embeddable":true,"href":"https:\/\/drermanak.com\/de\/wp-json\/wp\/v2\/users\/2"}],"replies":[{"embeddable":true,"href":"https:\/\/drermanak.com\/de\/wp-json\/wp\/v2\/comments?post=27143"}],"version-history":[{"count":2,"href":"https:\/\/drermanak.com\/de\/wp-json\/wp\/v2\/pages\/27143\/revisions"}],"predecessor-version":[{"id":27145,"href":"https:\/\/drermanak.com\/de\/wp-json\/wp\/v2\/pages\/27143\/revisions\/27145"}],"up":[{"embeddable":true,"href":"https:\/\/drermanak.com\/de\/wp-json\/wp\/v2\/pages\/6373"}],"wp:attachment":[{"href":"https:\/\/drermanak.com\/de\/wp-json\/wp\/v2\/media?parent=27143"}],"curies":[{"name":"wp","href":"https:\/\/api.w.org\/{rel}","templated":true}]}}