{"id":6373,"date":"2022-06-07T07:01:22","date_gmt":"2022-06-07T04:01:22","guid":{"rendered":"https:\/\/adoring-mirzakhani.212-227-6-40.plesk.page\/about-me\/"},"modified":"2025-11-06T17:53:04","modified_gmt":"2025-11-06T14:53:04","slug":"uber-mich","status":"publish","type":"page","link":"https:\/\/drermanak.com\/de\/uber-mich\/","title":{"rendered":"\u00dcber Mich"},"content":{"rendered":"<div class=\"row align-middle\"  id=\"row-114624664\">\n\n\t<div id=\"col-26114199\" class=\"col medium-6 small-12 large-6\"  >\n\t\t\t\t<div class=\"col-inner\"  >\n\t\t\t\n\t\t\t\n<h2>Op. Dr. Erman AK<\/h2>\n<p>Op. Dr. Erman Ak ist ein Facharzt f\u00fcr Plastische, Rekonstruktive und \u00c4sthetische Chirurgie mit eigener Klinik in Istanbul, T\u00fcrkei. Er ist bekannt f\u00fcr seine Gesichts-, Brust- und K\u00f6rperformungsoperationen und verf\u00fcgt \u00fcber internationale Erfahrung. Mit modernen \u00e4sthetischen Ans\u00e4tzen, einem auf nat\u00fcrliche Ergebnisse ausgerichteten chirurgischen Verst\u00e4ndnis und einem k\u00fcnstlerischen Blick z\u00e4hlt er zu den f\u00fchrenden Namen der \u00e4sthetischen Chirurgie.<\/p>\n<h2>Ausbildung und Akademische Laufbahn<\/h2>\n<p>Dr. Erman Ak absolvierte seine Grund- und Sekundarschulausbildung in Mersin und besuchte das Mersin Fen Lisesi (Gymnasium f\u00fcr Naturwissenschaften). Im Jahr 2014 schloss er sein Medizinstudium an der Hacettepe-Universit\u00e4t, Fakult\u00e4t f\u00fcr Medizin, ab und begann anschlie\u00dfend seine Facharztausbildung an der Abteilung f\u00fcr Plastische, Rekonstruktive und \u00c4sthetische Chirurgie der Universit\u00e4t Istanbul \u00c7apa.<\/p>\n<p>W\u00e4hrend seiner Assistenzzeit war er aktiv an Handchirurgie, angeborenen Handanomalien, Nerventransfers und mikrochirurgischen Operationen beteiligt und sammelte umfangreiche Erfahrung in der Gesichtschirurgie.<\/p>\n\t\t<\/div>\n\t\t\t\t\t<\/div>\n\n\t\n\n\t<div id=\"col-1764716809\" class=\"col medium-6 small-12 large-6 small-col-first\"  >\n\t\t\t\t<div class=\"col-inner\"  >\n\t\t\t\n\t\t\t\n\t<div class=\"img has-hover x md-x lg-x y md-y lg-y\" id=\"image_167504244\">\n\t\t\t\t\t\t\t\t<div class=\"img-inner dark\" >\n\t\t\t<img decoding=\"async\" width=\"1114\" height=\"1374\" src=\"https:\/\/drermanak.com\/wp-content\/uploads\/2024\/11\/Group-111@2x-1.webp\" class=\"attachment-2048x2048 size-2048x2048\" alt=\"\" srcset=\"https:\/\/drermanak.com\/wp-content\/uploads\/2024\/11\/Group-111@2x-1.webp 1114w, https:\/\/drermanak.com\/wp-content\/uploads\/2024\/11\/Group-111@2x-1-243x300.webp 243w, https:\/\/drermanak.com\/wp-content\/uploads\/2024\/11\/Group-111@2x-1-830x1024.webp 830w, https:\/\/drermanak.com\/wp-content\/uploads\/2024\/11\/Group-111@2x-1-768x947.webp 768w\" sizes=\"(max-width: 1114px) 100vw, 1114px\" title=\"\">\t\t\t\t\t\t\n\t\t\t\t\t<\/div>\n\t\t\t\t\t\t\t\t\n<style>\n#image_167504244 {\n  width: 100%;\n}\n<\/style>\n\t<\/div>\n\t\n\t\t<\/div>\n\t\t\t\t\t<\/div>\n\n\t\n<\/div>\n\n  \n    <div class=\"row large-columns-3 medium-columns- small-columns-1 slider row-slider slider-nav-reveal\"  data-flickity-options='{&quot;imagesLoaded&quot;: true, &quot;groupCells&quot;: &quot;100%&quot;, &quot;dragThreshold&quot; : 5, &quot;cellAlign&quot;: &quot;left&quot;,&quot;wrapAround&quot;: true,&quot;prevNextButtons&quot;: true,&quot;percentPosition&quot;: true,&quot;pageDots&quot;: false, &quot;rightToLeft&quot;: false, &quot;autoPlay&quot; : false}' >\n\n  <div class=\"gallery-col col\" >\n          <div class=\"col-inner\">\n            <a class=\"image-lightbox lightbox-gallery\" href=\"https:\/\/drermanak.com\/wp-content\/uploads\/2024\/11\/1-png.webp\" title=\"\">            <div class=\"box has-hover gallery-box box-none\">\n              <div class=\"box-image\" >\n                <img decoding=\"async\" width=\"500\" height=\"300\" src=\"https:\/\/drermanak.com\/wp-content\/uploads\/2024\/11\/1-png.webp\" class=\"attachment-2048x2048 size-2048x2048\" alt=\"\" ids=\"18099,18103,18107\" style=\"none\" lightbox_image_size=\"2048x2048\" type=\"slider\" columns=\"3\" columns__sm=\"1\" image_size=\"2048x2048\" title=\"\">                                                              <\/div>\n              <div class=\"box-text text-left\" >\n                 <p><\/p>\n              <\/div>\n            <\/div>\n            <\/a>          <\/div>\n         <\/div><div class=\"gallery-col col\" >\n          <div class=\"col-inner\">\n            <a class=\"image-lightbox lightbox-gallery\" href=\"https:\/\/drermanak.com\/wp-content\/uploads\/2024\/11\/2-png.webp\" title=\"\">            <div class=\"box has-hover gallery-box box-none\">\n              <div class=\"box-image\" >\n                <img decoding=\"async\" width=\"500\" height=\"300\" src=\"https:\/\/drermanak.com\/wp-content\/uploads\/2024\/11\/2-png.webp\" class=\"attachment-2048x2048 size-2048x2048\" alt=\"\" ids=\"18099,18103,18107\" style=\"none\" lightbox_image_size=\"2048x2048\" type=\"slider\" columns=\"3\" columns__sm=\"1\" image_size=\"2048x2048\" title=\"\">                                                              <\/div>\n              <div class=\"box-text text-left\" >\n                 <p><\/p>\n              <\/div>\n            <\/div>\n            <\/a>          <\/div>\n         <\/div><div class=\"gallery-col col\" >\n          <div class=\"col-inner\">\n            <a class=\"image-lightbox lightbox-gallery\" href=\"https:\/\/drermanak.com\/wp-content\/uploads\/2024\/11\/3-png.webp\" title=\"\">            <div class=\"box has-hover gallery-box box-none\">\n              <div class=\"box-image\" >\n                <img decoding=\"async\" width=\"500\" height=\"300\" src=\"https:\/\/drermanak.com\/wp-content\/uploads\/2024\/11\/3-png.webp\" class=\"attachment-2048x2048 size-2048x2048\" alt=\"\" ids=\"18099,18103,18107\" style=\"none\" lightbox_image_size=\"2048x2048\" type=\"slider\" columns=\"3\" columns__sm=\"1\" image_size=\"2048x2048\" title=\"\">                                                              <\/div>\n              <div class=\"box-text text-left\" >\n                 <p><\/p>\n              <\/div>\n            <\/div>\n            <\/a>          <\/div>\n         <\/div><\/div>\n<div class=\"row align-middle\"  id=\"row-1490949858\">\n\n\t<div id=\"col-2009796049\" class=\"col small-12 large-12\"  >\n\t\t\t\t<div class=\"col-inner\"  >\n\t\t\t\n\t\t\t\n<h2>Internationale Ausbildung und Wissenschaftliche Arbeiten<\/h2>\n<p>Im Jahr 2018 erhielt er eine fortgeschrittene mikrochirurgische Ausbildung am Chang Gung Memorial Hospital in Taiwan unter der Leitung von Prof. Dr. Fu Chan Wei. 2019 hielt er auf dem Kongress der World Society for Reconstructive Microsurgery in Bologna einen Vortrag \u00fcber \u201cALT-Lappen\u201d. Seine Facharztausbildung schloss er mit der Dissertation \u201eUntersuchung der Morbidit\u00e4t der Spenderstelle nach Latissimus-Dorsi-Muskel-Lappen\u201c ab.<\/p>\n<p>Nach seiner Facharztausbildung war er an der Gr\u00fcndung der Abteilung f\u00fcr Plastische Chirurgie am Ba\u015fak\u015fehir \u00c7am und Sakura Krankenhaus beteiligt und leitete diese Abteilung \u00fcber einen l\u00e4ngeren Zeitraum. In dieser Zeit f\u00fchrte er die erste Knochentransplantation von Kiefer zu Kiefer in diesem Krankenhaus durch.<\/p>\n<p>Im Jahr 2022 arbeitete er drei Monate lang als ISAPS-Stipendiat in der Villa Bella Clinic in Italien mit Prof. Dr. Giovanni Botti und Chiara Botti zusammen, wo er sich auf Gesichts- und Brust\u00e4sthetik spezialisierte. 2021 wurde er vom <strong>European Board of Plastic Surgery (EBOPRAS)<\/strong> mit der Europ\u00e4ischen Fachqualifikation f\u00fcr \u00c4sthetische Plastische Chirurgie ausgezeichnet.<\/p>\n<h2>\u00c4sthetischer Chirurgischer Ansatz<\/h2>\n<p>Dr. Erman Ak betrachtet die \u00e4sthetische Chirurgie nicht nur als Eingriff, sondern als einen individuellen Gestaltungsprozess. Er bewertet jeden Patienten entsprechend seiner Gesichtsproportionen, Gewebestruktur und nat\u00fcrlichen \u00c4sthetik. Sein Ziel ist es, ein jugendliches, harmonisches und elegantes Erscheinungsbild zu schaffen, w\u00e4hrend die Nat\u00fcrlichkeit erhalten bleibt.<\/p>\n<h2>Fachgebiete<\/h2>\n<p>Dr. Erman Ak bietet ein breites Spektrum an Operationen in den Bereichen Gesichts-, Brust- und K\u00f6rper\u00e4sthetik an:<\/p>\n<h3>Gesichts\u00e4sthetik<\/h3>\n<ul>\n<li>Stirnlifting<\/li>\n<li>Oberlidstraffung<\/li>\n<li>Unterlidstraffung<\/li>\n<li>Schl\u00e4fenlifting<\/li>\n<li>Midface-Lifting<\/li>\n<li>Deep Plane Facelift<\/li>\n<li>Deep Plane Halslifting (Platysmaplastik)<\/li>\n<li>Halslifting<\/li>\n<li>Lip Lift (Lippenlifting)<\/li>\n<li>Kinnkorrektur<\/li>\n<li>Bichektomie (Wangenverschm\u00e4lerung)<\/li>\n<li>Fettinjektion ins Gesicht<\/li>\n<\/ul>\n<h3>Brust\u00e4sthetik<\/h3>\n<ul>\n<li>Brustvergr\u00f6\u00dferung<\/li>\n<li>Bruststraffung<\/li>\n<li>Brustverkleinerung<\/li>\n<\/ul>\n<h3>K\u00f6rper\u00e4sthetik<\/h3>\n<ul>\n<li>Bauchdeckenstraffung<\/li>\n<li>Liposuktion<\/li>\n<li>Oberarmstraffung<\/li>\n<li>Ges\u00e4\u00df\u00e4sthetik (BBL \u2013 Brazilian Butt Lift)<\/li>\n<li>Mommy Makeover (Postpartale \u00e4sthetische Kombination)<\/li>\n<\/ul>\n\t\t<\/div>\n\t\t\t\t\t<\/div>\n\n\t\n<\/div>\n","protected":false},"excerpt":{"rendered":"","protected":false},"author":2,"featured_media":0,"parent":0,"menu_order":0,"comment_status":"closed","ping_status":"closed","template":"","meta":{"footnotes":""},"class_list":["post-6373","page","type-page","status-publish","hentry"],"_links":{"self":[{"href":"https:\/\/drermanak.com\/de\/wp-json\/wp\/v2\/pages\/6373","targetHints":{"allow":["GET"]}}],"collection":[{"href":"https:\/\/drermanak.com\/de\/wp-json\/wp\/v2\/pages"}],"about":[{"href":"https:\/\/drermanak.com\/de\/wp-json\/wp\/v2\/types\/page"}],"author":[{"embeddable":true,"href":"https:\/\/drermanak.com\/de\/wp-json\/wp\/v2\/users\/2"}],"replies":[{"embeddable":true,"href":"https:\/\/drermanak.com\/de\/wp-json\/wp\/v2\/comments?post=6373"}],"version-history":[{"count":2,"href":"https:\/\/drermanak.com\/de\/wp-json\/wp\/v2\/pages\/6373\/revisions"}],"predecessor-version":[{"id":28466,"href":"https:\/\/drermanak.com\/de\/wp-json\/wp\/v2\/pages\/6373\/revisions\/28466"}],"wp:attachment":[{"href":"https:\/\/drermanak.com\/de\/wp-json\/wp\/v2\/media?parent=6373"}],"curies":[{"name":"wp","href":"https:\/\/api.w.org\/{rel}","templated":true}]}}