{"id":6687,"date":"2024-05-03T16:16:56","date_gmt":"2024-05-03T16:16:56","guid":{"rendered":"https:\/\/adoring-mirzakhani.212-227-6-40.plesk.page\/hair-transplantation\/"},"modified":"2024-05-16T19:19:56","modified_gmt":"2024-05-16T19:19:56","slug":"haartransplantation","status":"publish","type":"page","link":"https:\/\/drermanak.com\/de\/haartransplantation\/","title":{"rendered":"Haartransplantation"},"content":{"rendered":"<h2>Haartransplantation<\/h2>\n<p>Haarausfall ist sowohl bei M\u00e4nnern als auch bei Frauen ein h\u00e4ufiges Problem. Stress, moderner Lebensstil und Umweltfaktoren k\u00f6nnen dazu f\u00fchren, dass das Haar schw\u00e4cher wird und ausf\u00e4llt. Gesundes, volles Haar ist wichtig f\u00fcr das Selbstvertrauen und die soziale Interaktion. Eine Haartransplantation ist eine gute M\u00f6glichkeit, verlorenes Haar wiederzugewinnen und die Lebensqualit\u00e4t zu verbessern.<\/p>\n<p>Dr. Erman Ak ist Spezialist f\u00fcr plastische, rekonstruktive und \u00e4sthetische Chirurgie und f\u00fchrt Haartransplantationen mit hohen Erfolgsquoten durch. Dr. Ak hat seinen Abschluss an der medizinischen Fakult\u00e4t der Hacettepe-Universit\u00e4t gemacht und seine F\u00e4higkeiten durch verschiedene internationale Fortbildungen weiterentwickelt. Er bietet seinen Patienten nicht nur \u00e4sthetische Verbesserungen, sondern auch psychologische Entlastung. Seine moderne Istanbuler Klinik ist mit modernsten Ger\u00e4ten und einem erfahrenen Team ausgestattet und bietet seinen Patienten umfassende Haartransplantationsdienste an.<\/p>\n<h2>Was ist eine Haartransplantation?<\/h2>\n<p>Die Haartransplantation ist ein chirurgisches Verfahren, das eine dauerhafte L\u00f6sung f\u00fcr Menschen mit Haarausfall bietet. Dabei werden Haarfollikel aus den dichteren Haarbereichen am Hinterkopf entnommen, die gew\u00f6hnlich als Spenderbereich bezeichnet werden, und in kahle oder sp\u00e4rlich behaarte Bereiche verpflanzt. Mit dem technologischen Fortschritt haben sich auch die Methoden der Haartransplantation stark weiterentwickelt, so dass heute viel nat\u00fcrlichere Ergebnisse erzielt werden und die Erholungszeit erheblich verk\u00fcrzt wird.<\/p>\n<h3>Follicular Unit Extraction (FUE)-Technik<\/h3>\n<p>FUE ist eine Haartransplantationstechnik, bei der die Haarfollikel einzeln entnommen und eingesetzt werden. Diese Methode wird bevorzugt, weil sie minimalinvasiv ist und einer ihrer gr\u00f6\u00dften Vorteile darin besteht, dass nach dem Eingriff keine Narben zur\u00fcckbleiben. Bei der FUE werden die Haarfollikel mit speziellen mikrochirurgischen Instrumenten direkt aus dem Spenderbereich entnommen und in den Bereich des Haarausfalls verpflanzt.<\/p>\n<h3>Direkte Haarimplantationstechnik (DHI)<\/h3>\n<p>DHI ist eine neuere Technik, bei der die Haarfollikel mit einem speziellen Stift (Choi-Stift) direkt in die Kopfhaut implantiert werden. Diese Technik minimiert die Sch\u00e4digung der Haarfollikel und erm\u00f6glicht eine bessere Kontrolle bei der Platzierung, was zu einem nat\u00fcrlichen Aussehen und einer nat\u00fcrlichen Dichte f\u00fchrt. Die DHI verk\u00fcrzt die Transplantationszeit der Haarfollikel, maximiert die Lebensf\u00e4higkeit der Follikel und erm\u00f6glicht eine schnellere Erholung.<\/p>\n<p>Mit beiden Techniken lassen sich gro\u00dfartige Ergebnisse erzielen, die das Aussehen wirklich verbessern und die Patienten gl\u00fccklich machen. Welche Technik die richtige ist, h\u00e4ngt von den Haaren des Patienten ab, davon, wie viele Haare er verliert, und davon, was er sich w\u00fcnscht. Dr. Erman Ak und sein Team finden die beste Methode zur Haartransplantation heraus, indem sie sich Gedanken \u00fcber die Bed\u00fcrfnisse und W\u00fcnsche der Patienten machen.<\/p>\n<h2>Warum sollten Sie Dr. Erman Ak f\u00fcr eine Haartransplantation bevorzugen?<\/h2>\n<p>Dr. Erman Ak ist ein echter Experte f\u00fcr \u00e4sthetische und plastische Chirurgie. Haartransplantation ist nur eines dieser Fachgebiete, und Dr. Ak ist mittlerweile ein international anerkannter Name auf diesem Gebiet. Wir werden uns ansehen, warum Dr. Erman Ak die erste Wahl auf dem Gebiet der Haartransplantation ist.<\/p>\n<h3>Kompetenz und Erfahrung<\/h3>\n<p>Nach seinem Abschluss an der Medizinischen Fakult\u00e4t der Hacettepe-Universit\u00e4t absolvierte Dr. Erman Ak seine Facharztausbildung in plastischer, rekonstruktiver und \u00e4sthetischer Chirurgie. Weitere Kenntnisse und F\u00e4higkeiten erwarb er durch eine Fortbildung am Chang Gung Memorial Hospital in Taiwan. Jeder Haartransplantationseingriff wird unter Dr. Aks Aufsicht und nach den h\u00f6chsten medizinischen Standards durchgef\u00fchrt.<\/p>\n<h3>Hochtechnologie und moderne Einrichtungen<\/h3>\n<p>In der Klinik von Dr. Ak dreht sich alles um das Neueste und Beste in der Haartransplantationstechnologie. Die verwendeten Ger\u00e4te und Techniken machen das Verfahren nicht nur angenehmer f\u00fcr die Patienten, sondern maximieren auch den Erfolg des Eingriffs. So sorgen beispielsweise Instrumente wie Mikromotoren und der Choi-Stift f\u00fcr eine geringere Sch\u00e4digung der Haarfollikel und nat\u00fcrlichere Ergebnisse.<\/p>\n<h3>Patientenzufriedenheit und Erfolgsgeschichten<\/h3>\n<p>Die Patienten lieben die von Dr. Ak und seinem Team durchgef\u00fchrten Haartransplantationen. Die Klinik stellt die Zufriedenheit der Patienten an erste Stelle und bietet ma\u00dfgeschneiderte L\u00f6sungen f\u00fcr die Bed\u00fcrfnisse jedes einzelnen Patienten. Durch die umfassende Beratung vor und nach der Operation erhalten die Patienten ein umfassendes Verst\u00e4ndnis f\u00fcr den Prozess und f\u00fchlen sich wohl.<\/p>\n<p>Dr. Erman Ak und sein Team kennen sich mit Haartransplantation bestens aus und legen bei ihrer Arbeit die h\u00f6chsten Standards an. Wenn Sie auf der Suche nach einer professionellen und dauerhaften L\u00f6sung f\u00fcr Ihr Haarausfallproblem sind, ist die Klinik von Dr. Ak eine zuverl\u00e4ssige und erfolgreiche Option, die Ihren Bed\u00fcrfnissen entspricht.<\/p>\n<h2>Prozess der Haartransplantation in der Dr. Erman Ak Klinik<\/h2>\n<p>Der Haartransplantationsprozess wird f\u00fcr jeden Patienten sorgf\u00e4ltig geplant und durchgef\u00fchrt. Der Ansatz von Dr. Erman Ak und seinem Team basiert darauf, sich bei jedem Schritt auf die individuellen Bed\u00fcrfnisse einzustellen. Im Folgenden wird der Ablauf der Haartransplantation in seiner Klinik Schritt f\u00fcr Schritt dargestellt.<\/p>\n<h3>Vorbereitung und Konsultation<\/h3>\n<p>Vor Beginn der Haartransplantation werden die Patienten einer ausf\u00fchrlichen Voruntersuchung unterzogen. Dabei werden die Ursachen des Haarausfalls, der Gesundheitszustand und die Erwartungen im Detail untersucht. In einem pers\u00f6nlichen Beratungsgespr\u00e4ch ermittelt Dr. Ak die am besten geeignete Haartransplantationstechnik und informiert ausf\u00fchrlich \u00fcber den gesamten Ablauf.<\/p>\n<h3>Entnahme der Haarwurzeln<\/h3>\n<p>Die von Ihnen gew\u00e4hlte Haartransplantationstechnik bestimmt, wie die Haarfollikel aus dem Spenderbereich entnommen werden. Bei der FUE-Technik wird dieser Vorgang einzeln mit speziellen mikrochirurgischen Instrumenten durchgef\u00fchrt. Bei der DHI-Technik wird der Choi-Stift verwendet. In beiden F\u00e4llen besteht das Ziel darin, die besten Ergebnisse zu erzielen, indem die Haarfollikel gesund und lebendig gehalten werden.<\/p>\n<h3>Transplantation von Haarfollikeln<\/h3>\n<p>Die entnommenen Haarfollikel werden vorsichtig in Bereiche mit sch\u00fctterem oder kahlem Haar transplantiert. Dieser Vorgang erfolgt in \u00dcbereinstimmung mit der nat\u00fcrlichen Haarlinie des Patienten, damit das Ergebnis so nat\u00fcrlich wie m\u00f6glich aussieht. Dr. Erman Ak und sein Team sind bestrebt, ein \u00e4sthetisch ansprechendes Ergebnis zu erzielen, wenn sie die Haarfollikel einsetzen.<\/p>\n<h3>Erholung und Nachsorge<\/h3>\n<p>Nach der Haartransplantation stehen wir unseren Patienten bei jedem Schritt zur Seite, um sicherzustellen, dass sie einen angenehmen Genesungsprozess haben. Dr. Ak informiert die Patienten dar\u00fcber, was sie nach dem Eingriff zu erwarten haben und was sie tun m\u00fcssen. Au\u00dferdem haben wir spezielle Shampoos und Lotionen f\u00fcr die Pflege nach der Transplantation, die dem neuen Haar helfen, so zu wachsen, wie es soll.<\/p>\n<p>Der Haartransplantationsprozess, den Dr. Erman Ak und sein Team anwenden, wird von Anfang bis Ende sorgf\u00e4ltig \u00fcberwacht. Die Patienten erhalten gute Ergebnisse, sowohl in \u00e4sthetischer als auch in funktioneller Hinsicht. Dieser Prozess zielt darauf ab, die Erwartungen der Patienten bei jedem Schritt zu erf\u00fcllen und ihnen mit ihrem neuen Haar ein neues Aussehen zu verleihen.<\/p>\n<h2>Ergebnisse und Erwartungen der Haartransplantation<\/h2>\n<p>Die Ergebnisse der Haartransplantation sind f\u00fcr die Patienten sowohl in \u00e4sthetischer als auch in psychologischer Hinsicht sehr wichtig. Dr. Erman Ak und sein Team bem\u00fchen sich um ein m\u00f6glichst nat\u00fcrliches und dauerhaftes Ergebnis, indem sie f\u00fcr jeden Patienten einen speziellen Plan erstellen. In diesem Abschnitt erfahren Sie, wann Sie die Ergebnisse der Haartransplantation sehen werden und was Sie erwarten k\u00f6nnen.<\/p>\n<h3>Heilungsprozess nach der Haartransplantation<\/h3>\n<p>Nach einer Haartransplantation verl\u00e4uft der Heilungsprozess in der Regel recht schnell. Die Patienten k\u00f6nnen in der Regel schon wenige Tage nach dem Eingriff wieder ihrem Alltag nachgehen. Es dauert jedoch eine gewisse Zeit, bis das volle Ergebnis sichtbar ist, bis sich die Haarfollikel an ihren neuen Standort angepasst haben und bis gesundes Haar w\u00e4chst.<\/p>\n<h3>Erwarteter Zeitplan f\u00fcr das Haarwachstum<\/h3>\n<ul>\n<li><strong>Erste 1-3 Monate:<\/strong> An der Stelle, an der die Haarfollikel transplantiert wurden, kann es zu einem Schockverlust kommen; das ist v\u00f6llig normal und vor\u00fcbergehend.<\/li>\n<li><strong>3-6 Monate:<\/strong> Neue Haare beginnen langsam zu wachsen.<\/li>\n<li><strong>6-12 Monate:<\/strong> Die Haardichte nimmt zu, und das Haar beginnt voller auszusehen.<\/li>\n<li><strong>12 Monate und danach:<\/strong> Die Ergebnisse der Haartransplantation werden in der Regel in diesem Zeitraum vollst\u00e4ndig ausgewertet. Die Patienten erhalten nat\u00fcrlich aussehendes und dauerhaftes Haar.<\/li>\n<\/ul>\n<h3>Dauerhaftigkeit der Ergebnisse einer Haartransplantation<\/h3>\n<p>Die von Dr. Erman Ak durchgef\u00fchrten Haartransplantationen sind in der Regel dauerhaft, da er hochwertige Techniken anwendet. Ihr allgemeiner Gesundheitszustand und Ihre Haarpflegeroutine k\u00f6nnen jedoch Einfluss darauf haben, wie Ihr Haar auf lange Sicht aussieht.<\/p>\n<h3>Patientenzufriedenheit<\/h3>\n<p>Die meisten Patienten, die sich in der Klinik von Dr. Ak einer Haartransplantation unterziehen, sind mit dem Ergebnis zufrieden. Die Klinik hilft den Patienten auch nach dem Eingriff, damit sie sich mit ihrem neuen Haar besser f\u00fchlen.<\/p>\n<p>Dr. Erman Ak und sein Team f\u00fchren Haartransplantationen mit gro\u00dfer Sorgfalt durch, und die Ergebnisse sind beeindruckend. Die Patienten erhalten nicht nur eine neue Haarlinie, sondern sie berichten auch, dass sie sich selbst und ihr Leben besser f\u00fchlen.<\/p>\n<h2>H\u00e4ufig gestellte Fragen zur Haartransplantation (FAQ)<\/h2>\n<p>Wir haben eine Liste der h\u00e4ufigsten Fragen zusammengestellt, die Patienten \u00fcber den Haartransplantationsprozess stellen, zusammen mit den Antworten von Dr. Erman Ak, die auf Expertenmeinungen basieren.<\/p>\n<p>                Wie sollte die Haarpflege nach einer Haartransplantation aussehen?<\/p>\n<p>Nach einer Haartransplantation ist es wichtig, dass Sie Ihr Haar sauber und mit Feuchtigkeit versorgt halten. Dr. Erman Ak empfiehlt die Verwendung spezieller Shampoos und Lotionen, um das gesunde Wachstum der transplantierten Haare zu unterst\u00fctzen. Wenn Sie Ihr Haar schonend behandeln und die richtigen Produkte verwenden, beschleunigen Sie den Heilungsprozess und verbessern die Qualit\u00e4t des Ergebnisses.<\/p>\n<p>                Wann wachsen die Haare nach einer Haartransplantation?<\/p>\n<p>In der Regel dauert es zwischen drei und sechs Monaten, bis aus den transplantierten Haarfollikeln neue Haare wachsen. Es kann jedoch zwischen 12 und 18 Monaten dauern, bis das Ergebnis vollst\u00e4ndig sichtbar ist und das Haar seine volle Dichte erreicht hat.<\/p>\n<p>                Fallen die Haare nach einer Haartransplantation aus?<\/p>\n<p>Ja, es ist m\u00f6glich, dass nach einer Haartransplantation vor\u00fcbergehend Haare ausfallen. Dies ist Teil des Anpassungsprozesses der transplantierten Haarfollikel und nicht von Dauer. In einigen Monaten werden die Haarfollikel st\u00e4rker, und neues Haar w\u00e4chst nach.<\/p>\n<p>                Gibt es Schmerzen nach einer Haartransplantation?<\/p>\n<p>Es kann sein, dass Sie nach der Haartransplantation ein wenig Schmerzen und Unwohlsein versp\u00fcren, aber das ist in der Regel kein Grund zur Sorge und geht von selbst wieder weg. Dr. Ak sorgt daf\u00fcr, dass sich seine Patienten wohlf\u00fchlen, indem er ihnen alle notwendigen Anweisungen zur Schmerzbehandlung und Pflege gibt.<\/p>\n<p>                Wie viele Stunden dauert eine Haartransplantation?<\/p>\n<p>Wie lange eine Haartransplantation dauert, h\u00e4ngt von der verwendeten Technik und der Anzahl der verpflanzten Haarfollikel ab. In der Regel dauert sie zwischen vier und acht Stunden.<\/p>\n","protected":false},"excerpt":{"rendered":"<p>Haartransplantation Haarausfall ist sowohl bei M\u00e4nnern als auch bei Frauen ein h\u00e4ufiges Problem. Stress, moderner Lebensstil und Umweltfaktoren k\u00f6nnen dazu f\u00fchren, dass das Haar schw\u00e4cher wird und ausf\u00e4llt. Gesundes, volles Haar ist wichtig f\u00fcr das Selbstvertrauen und die soziale Interaktion. Eine Haartransplantation ist eine gute M\u00f6glichkeit, verlorenes Haar wiederzugewinnen und die Lebensqualit\u00e4t zu verbessern. Dr. [&#8230;]\n","protected":false},"author":2,"featured_media":6552,"parent":0,"menu_order":0,"comment_status":"closed","ping_status":"closed","template":"elementor_header_footer","meta":{"footnotes":""},"class_list":["post-6687","page","type-page","status-publish","has-post-thumbnail","hentry"],"_links":{"self":[{"href":"https:\/\/drermanak.com\/de\/wp-json\/wp\/v2\/pages\/6687","targetHints":{"allow":["GET"]}}],"collection":[{"href":"https:\/\/drermanak.com\/de\/wp-json\/wp\/v2\/pages"}],"about":[{"href":"https:\/\/drermanak.com\/de\/wp-json\/wp\/v2\/types\/page"}],"author":[{"embeddable":true,"href":"https:\/\/drermanak.com\/de\/wp-json\/wp\/v2\/users\/2"}],"replies":[{"embeddable":true,"href":"https:\/\/drermanak.com\/de\/wp-json\/wp\/v2\/comments?post=6687"}],"version-history":[{"count":0,"href":"https:\/\/drermanak.com\/de\/wp-json\/wp\/v2\/pages\/6687\/revisions"}],"wp:featuredmedia":[{"embeddable":true,"href":"https:\/\/drermanak.com\/de\/wp-json\/wp\/v2\/media\/6552"}],"wp:attachment":[{"href":"https:\/\/drermanak.com\/de\/wp-json\/wp\/v2\/media?parent=6687"}],"curies":[{"name":"wp","href":"https:\/\/api.w.org\/{rel}","templated":true}]}}