{"id":6364,"date":"2022-06-07T07:01:22","date_gmt":"2022-06-07T04:01:22","guid":{"rendered":"https:\/\/adoring-mirzakhani.212-227-6-40.plesk.page\/hakkimda\/"},"modified":"2025-11-06T17:51:34","modified_gmt":"2025-11-06T14:51:34","slug":"about-me","status":"publish","type":"page","link":"https:\/\/drermanak.com\/en\/about-me\/","title":{"rendered":"About Me"},"content":{"rendered":"<div class=\"row align-middle\"  id=\"row-254445063\">\n\n\t<div id=\"col-1800689393\" class=\"col medium-6 small-12 large-6\"  >\n\t\t\t\t<div class=\"col-inner\"  >\n\t\t\t\n\t\t\t\n<h2>Op. Dr. Erman AK<\/h2>\n<p>Op. Dr. Erman Ak is a Plastic, Reconstructive and Aesthetic Surgery Specialist based in Istanbul, Turkey, known for his expertise in facial, breast and body contouring surgeries. With international experience, a modern aesthetic approach, a focus on natural results and an artistic perspective, he is one of the leading names in aesthetic surgery.<\/p>\n<h2>Education and Academic Career<\/h2>\n<p>Dr. Erman Ak completed his primary and secondary education in Mersin and graduated from Mersin Science High School. In 2014, he graduated from Hacettepe University Faculty of Medicine and began his specialization at Istanbul University \u00c7apa Faculty of Medicine, Department of Plastic, Reconstructive and Aesthetic Surgery.<\/p>\n<p>During his residency, he actively participated in hand surgery, congenital hand anomalies, nerve transfers, and microsurgery operations; he gained intensive experience in facial surgery.<\/p>\n\t\t<\/div>\n\t\t\t\t\t<\/div>\n\n\t\n\n\t<div id=\"col-487348496\" class=\"col medium-6 small-12 large-6 small-col-first\"  >\n\t\t\t\t<div class=\"col-inner\"  >\n\t\t\t\n\t\t\t\n\t<div class=\"img has-hover x md-x lg-x y md-y lg-y\" id=\"image_918213434\">\n\t\t\t\t\t\t\t\t<div class=\"img-inner dark\" >\n\t\t\t<img decoding=\"async\" width=\"1114\" height=\"1374\" src=\"https:\/\/drermanak.com\/wp-content\/uploads\/2024\/11\/Group-111@2x-1.webp\" class=\"attachment-2048x2048 size-2048x2048\" alt=\"\" srcset=\"https:\/\/drermanak.com\/wp-content\/uploads\/2024\/11\/Group-111@2x-1.webp 1114w, https:\/\/drermanak.com\/wp-content\/uploads\/2024\/11\/Group-111@2x-1-243x300.webp 243w, https:\/\/drermanak.com\/wp-content\/uploads\/2024\/11\/Group-111@2x-1-830x1024.webp 830w, https:\/\/drermanak.com\/wp-content\/uploads\/2024\/11\/Group-111@2x-1-768x947.webp 768w\" sizes=\"(max-width: 1114px) 100vw, 1114px\" title=\"\">\t\t\t\t\t\t\n\t\t\t\t\t<\/div>\n\t\t\t\t\t\t\t\t\n<style>\n#image_918213434 {\n  width: 100%;\n}\n<\/style>\n\t<\/div>\n\t\n\t\t<\/div>\n\t\t\t\t\t<\/div>\n\n\t\n<\/div>\n\n  \n    <div class=\"row large-columns-3 medium-columns- small-columns-1 slider row-slider slider-nav-reveal\"  data-flickity-options='{&quot;imagesLoaded&quot;: true, &quot;groupCells&quot;: &quot;100%&quot;, &quot;dragThreshold&quot; : 5, &quot;cellAlign&quot;: &quot;left&quot;,&quot;wrapAround&quot;: true,&quot;prevNextButtons&quot;: true,&quot;percentPosition&quot;: true,&quot;pageDots&quot;: false, &quot;rightToLeft&quot;: false, &quot;autoPlay&quot; : false}' >\n\n  <div class=\"gallery-col col\" >\n          <div class=\"col-inner\">\n            <a class=\"image-lightbox lightbox-gallery\" href=\"https:\/\/drermanak.com\/wp-content\/uploads\/2024\/11\/1-png.webp\" title=\"\">            <div class=\"box has-hover gallery-box box-none\">\n              <div class=\"box-image\" >\n                <img decoding=\"async\" width=\"500\" height=\"300\" src=\"https:\/\/drermanak.com\/wp-content\/uploads\/2024\/11\/1-png.webp\" class=\"attachment-2048x2048 size-2048x2048\" alt=\"\" ids=\"18098,18102,18106\" style=\"none\" lightbox_image_size=\"2048x2048\" type=\"slider\" columns=\"3\" columns__sm=\"1\" image_size=\"2048x2048\" title=\"\">                                                              <\/div>\n              <div class=\"box-text text-left\" >\n                 <p><\/p>\n              <\/div>\n            <\/div>\n            <\/a>          <\/div>\n         <\/div><div class=\"gallery-col col\" >\n          <div class=\"col-inner\">\n            <a class=\"image-lightbox lightbox-gallery\" href=\"https:\/\/drermanak.com\/wp-content\/uploads\/2024\/11\/2-png.webp\" title=\"\">            <div class=\"box has-hover gallery-box box-none\">\n              <div class=\"box-image\" >\n                <img decoding=\"async\" width=\"500\" height=\"300\" src=\"https:\/\/drermanak.com\/wp-content\/uploads\/2024\/11\/2-png.webp\" class=\"attachment-2048x2048 size-2048x2048\" alt=\"\" ids=\"18098,18102,18106\" style=\"none\" lightbox_image_size=\"2048x2048\" type=\"slider\" columns=\"3\" columns__sm=\"1\" image_size=\"2048x2048\" title=\"\">                                                              <\/div>\n              <div class=\"box-text text-left\" >\n                 <p><\/p>\n              <\/div>\n            <\/div>\n            <\/a>          <\/div>\n         <\/div><div class=\"gallery-col col\" >\n          <div class=\"col-inner\">\n            <a class=\"image-lightbox lightbox-gallery\" href=\"https:\/\/drermanak.com\/wp-content\/uploads\/2024\/11\/3-png.webp\" title=\"\">            <div class=\"box has-hover gallery-box box-none\">\n              <div class=\"box-image\" >\n                <img decoding=\"async\" width=\"500\" height=\"300\" src=\"https:\/\/drermanak.com\/wp-content\/uploads\/2024\/11\/3-png.webp\" class=\"attachment-2048x2048 size-2048x2048\" alt=\"\" ids=\"18098,18102,18106\" style=\"none\" lightbox_image_size=\"2048x2048\" type=\"slider\" columns=\"3\" columns__sm=\"1\" image_size=\"2048x2048\" title=\"\">                                                              <\/div>\n              <div class=\"box-text text-left\" >\n                 <p><\/p>\n              <\/div>\n            <\/div>\n            <\/a>          <\/div>\n         <\/div><\/div>\n<div class=\"row align-middle\"  id=\"row-394996770\">\n\n\t<div id=\"col-1687413072\" class=\"col small-12 large-12\"  >\n\t\t\t\t<div class=\"col-inner\"  >\n\t\t\t\n\t\t\t\n<h2>International Training and Scientific Studies<\/h2>\n<p>In 2018, he received advanced microsurgery training at Chang Gung Memorial Hospital in Taiwan under Prof. Dr. Fu Chan Wei. In 2019, he gave an oral presentation on \u201cALT flaps\u201d at the World Society for Reconstructive Microsurgery Congress in Bologna. He completed his specialty training with a thesis on \u201cInvestigation of Donor Site Morbidity After Latissimus Dorsi Muscle Flaps\u201d.<\/p>\n<p>After his specialization, he took part in the establishment of the Plastic Surgery Department at Ba\u015fak\u015fehir \u00c7am and Sakura Hospital and served as the head of the department for a long period. During this time, he performed the hospital\u2019s first mandibular bone graft surgery.<\/p>\n<p>In 2022, he worked as an ISAPS fellow with Prof. Dr. Giovanni Botti and Chiara Botti at Villa Bella Clinic in Italy for three months, conducting advanced studies on facial and breast aesthetics. In 2021, he was awarded the European Board Certification in Aesthetic Plastic Surgery by the <strong>European Board of Plastic Surgery (EBOPRAS)<\/strong>.<\/p>\n<h2>Aesthetic Surgical Approach<\/h2>\n<p>Dr. Erman Ak considers aesthetic surgery not merely an intervention, but a personalized design process. He evaluates each patient according to their facial proportions, tissue structure, and natural aesthetics. His goal is to create a youthful, balanced, and elegant appearance while preserving naturalness.<\/p>\n<h2>Areas of Expertise<\/h2>\n<p>Dr. Erman Ak has a wide range of operations in the fields of facial, breast, and body aesthetics:<\/p>\n<h3>Facial Aesthetics<\/h3>\n<ul>\n<li>Forehead Lift<\/li>\n<li>Upper Eyelid Surgery<\/li>\n<li>Lower Eyelid Surgery<\/li>\n<li>Temporal Lift<\/li>\n<li>Midface Lift<\/li>\n<li>Deep Plane Facelift<\/li>\n<li>Deep Plane Neck Lift (Platysmaplasty)<\/li>\n<li>Neck Lift<\/li>\n<li>Lip Lift<\/li>\n<li>Chin Augmentation<\/li>\n<li>Buccal Fat Removal (Bichectomy)<\/li>\n<li>Facial Fat Injection<\/li>\n<\/ul>\n<h3>Breast Aesthetics<\/h3>\n<ul>\n<li>Breast Augmentation<\/li>\n<li>Breast Lift<\/li>\n<li>Breast Reduction<\/li>\n<\/ul>\n<h3>Body Aesthetics<\/h3>\n<ul>\n<li>Abdominoplasty (Tummy Tuck)<\/li>\n<li>Liposuction<\/li>\n<li>Arm Lift<\/li>\n<li>Buttock Aesthetics (BBL \u2013 Brazilian Butt Lift)<\/li>\n<li>Mommy Makeover (Postpartum Aesthetic Combination)<\/li>\n<\/ul>\n\t\t<\/div>\n\t\t\t\t\t<\/div>\n\n\t\n<\/div>\n","protected":false},"excerpt":{"rendered":"","protected":false},"author":2,"featured_media":0,"parent":0,"menu_order":0,"comment_status":"closed","ping_status":"closed","template":"","meta":{"footnotes":""},"class_list":["post-6364","page","type-page","status-publish","hentry"],"_links":{"self":[{"href":"https:\/\/drermanak.com\/en\/wp-json\/wp\/v2\/pages\/6364","targetHints":{"allow":["GET"]}}],"collection":[{"href":"https:\/\/drermanak.com\/en\/wp-json\/wp\/v2\/pages"}],"about":[{"href":"https:\/\/drermanak.com\/en\/wp-json\/wp\/v2\/types\/page"}],"author":[{"embeddable":true,"href":"https:\/\/drermanak.com\/en\/wp-json\/wp\/v2\/users\/2"}],"replies":[{"embeddable":true,"href":"https:\/\/drermanak.com\/en\/wp-json\/wp\/v2\/comments?post=6364"}],"version-history":[{"count":2,"href":"https:\/\/drermanak.com\/en\/wp-json\/wp\/v2\/pages\/6364\/revisions"}],"predecessor-version":[{"id":28462,"href":"https:\/\/drermanak.com\/en\/wp-json\/wp\/v2\/pages\/6364\/revisions\/28462"}],"wp:attachment":[{"href":"https:\/\/drermanak.com\/en\/wp-json\/wp\/v2\/media?parent=6364"}],"curies":[{"name":"wp","href":"https:\/\/api.w.org\/{rel}","templated":true}]}}