{"id":22846,"date":"2022-06-07T07:01:22","date_gmt":"2022-06-07T04:01:22","guid":{"rendered":"https:\/\/drermanak.com\/?page_id=22846"},"modified":"2025-11-06T17:52:43","modified_gmt":"2025-11-06T14:52:43","slug":"sur-moi","status":"publish","type":"page","link":"https:\/\/drermanak.com\/fr\/sur-moi\/","title":{"rendered":"Sur moi"},"content":{"rendered":"<div class=\"row align-middle\"  id=\"row-1703379141\">\n\n\t<div id=\"col-1661525604\" class=\"col medium-6 small-12 large-6\"  >\n\t\t\t\t<div class=\"col-inner\"  >\n\t\t\t\n\t\t\t\n<h2>Op. Dr. Erman AK<\/h2>\n<p>Le Dr Erman Ak est un sp\u00e9cialiste en Chirurgie Plastique, Reconstructrice et Esth\u00e9tique bas\u00e9 \u00e0 Istanbul, en Turquie. Il est reconnu pour ses interventions sur le visage, la poitrine et la silhouette, et poss\u00e8de une exp\u00e9rience internationale. Avec des approches esth\u00e9tiques modernes, une vision chirurgicale ax\u00e9e sur des r\u00e9sultats naturels et un regard artistique, il est l\u2019un des noms les plus influents de la chirurgie esth\u00e9tique.<\/p>\n<h2>Formation et Carri\u00e8re Acad\u00e9mique<\/h2>\n<p>Le Dr Erman Ak a effectu\u00e9 sa scolarit\u00e9 primaire et secondaire \u00e0 Mersin, puis a \u00e9t\u00e9 dipl\u00f4m\u00e9 du lyc\u00e9e scientifique de Mersin. En 2014, il a obtenu son dipl\u00f4me de la Facult\u00e9 de M\u00e9decine de l\u2019Universit\u00e9 Hacettepe, puis a commenc\u00e9 sa sp\u00e9cialisation au sein du D\u00e9partement de Chirurgie Plastique, Reconstructrice et Esth\u00e9tique de l\u2019Universit\u00e9 d\u2019Istanbul, Facult\u00e9 de M\u00e9decine de \u00c7apa.<\/p>\n<p>Pendant ses ann\u00e9es de r\u00e9sidence, il a jou\u00e9 un r\u00f4le actif dans la chirurgie de la main, les anomalies cong\u00e9nitales de la main, les transferts nerveux et les op\u00e9rations de microchirurgie ; il a acquis une vaste exp\u00e9rience dans la chirurgie du visage.<\/p>\n\t\t<\/div>\n\t\t\t\t\t<\/div>\n\n\t\n\n\t<div id=\"col-2141840122\" class=\"col medium-6 small-12 large-6 small-col-first\"  >\n\t\t\t\t<div class=\"col-inner\"  >\n\t\t\t\n\t\t\t\n\t<div class=\"img has-hover x md-x lg-x y md-y lg-y\" id=\"image_1764798138\">\n\t\t\t\t\t\t\t\t<div class=\"img-inner dark\" >\n\t\t\t<img decoding=\"async\" width=\"1114\" height=\"1374\" src=\"https:\/\/drermanak.com\/wp-content\/uploads\/2024\/11\/Group-111@2x-1.webp\" class=\"attachment-2048x2048 size-2048x2048\" alt=\"\" srcset=\"https:\/\/drermanak.com\/wp-content\/uploads\/2024\/11\/Group-111@2x-1.webp 1114w, https:\/\/drermanak.com\/wp-content\/uploads\/2024\/11\/Group-111@2x-1-243x300.webp 243w, https:\/\/drermanak.com\/wp-content\/uploads\/2024\/11\/Group-111@2x-1-830x1024.webp 830w, https:\/\/drermanak.com\/wp-content\/uploads\/2024\/11\/Group-111@2x-1-768x947.webp 768w\" sizes=\"(max-width: 1114px) 100vw, 1114px\" title=\"\">\t\t\t\t\t\t\n\t\t\t\t\t<\/div>\n\t\t\t\t\t\t\t\t\n<style>\n#image_1764798138 {\n  width: 100%;\n}\n<\/style>\n\t<\/div>\n\t\n\t\t<\/div>\n\t\t\t\t\t<\/div>\n\n\t\n<\/div>\n\n  \n    <div class=\"row large-columns-3 medium-columns- small-columns-1 slider row-slider slider-nav-reveal\"  data-flickity-options='{&quot;imagesLoaded&quot;: true, &quot;groupCells&quot;: &quot;100%&quot;, &quot;dragThreshold&quot; : 5, &quot;cellAlign&quot;: &quot;left&quot;,&quot;wrapAround&quot;: true,&quot;prevNextButtons&quot;: true,&quot;percentPosition&quot;: true,&quot;pageDots&quot;: false, &quot;rightToLeft&quot;: false, &quot;autoPlay&quot; : false}' >\n\n  <div class=\"gallery-col col\" >\n          <div class=\"col-inner\">\n            <a class=\"image-lightbox lightbox-gallery\" href=\"https:\/\/drermanak.com\/wp-content\/uploads\/2024\/11\/1-png.webp\" title=\"\">            <div class=\"box has-hover gallery-box box-none\">\n              <div class=\"box-image\" >\n                <img decoding=\"async\" width=\"500\" height=\"300\" src=\"https:\/\/drermanak.com\/wp-content\/uploads\/2024\/11\/1-png.webp\" class=\"attachment-2048x2048 size-2048x2048\" alt=\"\" ids=\"18096,18100,18104\" style=\"none\" lightbox_image_size=\"2048x2048\" type=\"slider\" columns=\"3\" columns__sm=\"1\" image_size=\"2048x2048\" srcset=\"https:\/\/drermanak.com\/wp-content\/uploads\/2024\/11\/1-png.webp 500w, https:\/\/drermanak.com\/wp-content\/uploads\/2024\/11\/1-300x180.webp 300w\" sizes=\"(max-width: 500px) 100vw, 500px\" title=\"\">                                                              <\/div>\n              <div class=\"box-text text-left\" >\n                 <p><\/p>\n              <\/div>\n            <\/div>\n            <\/a>          <\/div>\n         <\/div><div class=\"gallery-col col\" >\n          <div class=\"col-inner\">\n            <a class=\"image-lightbox lightbox-gallery\" href=\"https:\/\/drermanak.com\/wp-content\/uploads\/2024\/11\/2-png.webp\" title=\"\">            <div class=\"box has-hover gallery-box box-none\">\n              <div class=\"box-image\" >\n                <img decoding=\"async\" width=\"500\" height=\"300\" src=\"https:\/\/drermanak.com\/wp-content\/uploads\/2024\/11\/2-png.webp\" class=\"attachment-2048x2048 size-2048x2048\" alt=\"\" ids=\"18096,18100,18104\" style=\"none\" lightbox_image_size=\"2048x2048\" type=\"slider\" columns=\"3\" columns__sm=\"1\" image_size=\"2048x2048\" srcset=\"https:\/\/drermanak.com\/wp-content\/uploads\/2024\/11\/2-png.webp 500w, https:\/\/drermanak.com\/wp-content\/uploads\/2024\/11\/2-300x180.webp 300w\" sizes=\"(max-width: 500px) 100vw, 500px\" title=\"\">                                                              <\/div>\n              <div class=\"box-text text-left\" >\n                 <p><\/p>\n              <\/div>\n            <\/div>\n            <\/a>          <\/div>\n         <\/div><div class=\"gallery-col col\" >\n          <div class=\"col-inner\">\n            <a class=\"image-lightbox lightbox-gallery\" href=\"https:\/\/drermanak.com\/wp-content\/uploads\/2024\/11\/3-png.webp\" title=\"\">            <div class=\"box has-hover gallery-box box-none\">\n              <div class=\"box-image\" >\n                <img decoding=\"async\" width=\"500\" height=\"300\" src=\"https:\/\/drermanak.com\/wp-content\/uploads\/2024\/11\/3-png.webp\" class=\"attachment-2048x2048 size-2048x2048\" alt=\"\" ids=\"18096,18100,18104\" style=\"none\" lightbox_image_size=\"2048x2048\" type=\"slider\" columns=\"3\" columns__sm=\"1\" image_size=\"2048x2048\" srcset=\"https:\/\/drermanak.com\/wp-content\/uploads\/2024\/11\/3-png.webp 500w, https:\/\/drermanak.com\/wp-content\/uploads\/2024\/11\/3-300x180.webp 300w\" sizes=\"(max-width: 500px) 100vw, 500px\" title=\"\">                                                              <\/div>\n              <div class=\"box-text text-left\" >\n                 <p><\/p>\n              <\/div>\n            <\/div>\n            <\/a>          <\/div>\n         <\/div><\/div>\n<div class=\"row align-middle\"  id=\"row-1979681018\">\n\n\t<div id=\"col-2054360401\" class=\"col small-12 large-12\"  >\n\t\t\t\t<div class=\"col-inner\"  >\n\t\t\t\n\t\t\t\n<h2>Formation Internationale et Travaux Scientifiques<\/h2>\n<p>En 2018, il a suivi une formation avanc\u00e9e en microchirurgie \u00e0 l\u2019H\u00f4pital Chang Gung Memorial \u00e0 Ta\u00efwan, aupr\u00e8s du Prof. Dr. Fu Chan Wei. En 2019, il a pr\u00e9sent\u00e9 une communication orale sur les \u201clambeaux ALT\u201d lors du congr\u00e8s de la World Society for Reconstructive Microsurgery \u00e0 Bologne. Il a termin\u00e9 sa sp\u00e9cialisation avec une th\u00e8se intitul\u00e9e \u201c\u00c9tude de la morbidit\u00e9 du site donneur apr\u00e8s lambeaux musculaires du grand dorsal\u201d.<\/p>\n<p>Apr\u00e8s sa sp\u00e9cialisation, il a particip\u00e9 \u00e0 la fondation du d\u00e9partement de chirurgie plastique de l\u2019h\u00f4pital Ba\u015fak\u015fehir \u00c7am et Sakura et en a \u00e9t\u00e9 le chef pendant plusieurs ann\u00e9es. Durant cette p\u00e9riode, il a r\u00e9alis\u00e9 la premi\u00e8re greffe osseuse mandibulaire de l\u2019h\u00f4pital.<\/p>\n<p>En 2022, il a travaill\u00e9 pendant trois mois en tant que boursier ISAPS \u00e0 la Villa Bella Clinic en Italie avec le Prof. Dr. Giovanni Botti et Chiara Botti, o\u00f9 il a men\u00e9 des \u00e9tudes avanc\u00e9es sur la chirurgie esth\u00e9tique du visage et de la poitrine. En 2021, il a obtenu la certification europ\u00e9enne en chirurgie plastique esth\u00e9tique d\u00e9cern\u00e9e par le <strong>European Board of Plastic Surgery (EBOPRAS)<\/strong>.<\/p>\n<h2>Approche Chirurgicale Esth\u00e9tique<\/h2>\n<p>Le Dr Erman Ak consid\u00e8re la chirurgie esth\u00e9tique non pas comme une simple intervention, mais comme un processus de conception personnalis\u00e9. Il \u00e9value chaque patient selon ses proportions faciales, la structure de ses tissus et son esth\u00e9tique naturelle. Son objectif est d\u2019offrir une apparence jeune, harmonieuse et \u00e9l\u00e9gante tout en pr\u00e9servant la naturalit\u00e9.<\/p>\n<h2>Domaines de Comp\u00e9tence<\/h2>\n<p>Le Dr Erman Ak poss\u00e8de une large gamme d\u2019interventions dans les domaines de l\u2019esth\u00e9tique du visage, de la poitrine et du corps :<\/p>\n<h3>Chirurgie du Visage<\/h3>\n<ul>\n<li>Lifting du front<\/li>\n<li>Bl\u00e9pharoplastie sup\u00e9rieure<\/li>\n<li>Bl\u00e9pharoplastie inf\u00e9rieure<\/li>\n<li>Lifting temporal<\/li>\n<li>Lifting m\u00e9dio-facial<\/li>\n<li>Lifting profond du visage<\/li>\n<li>Lifting profond du cou (Platysmaplastie)<\/li>\n<li>Lifting du cou<\/li>\n<li>Lip Lift (lifting de la l\u00e8vre)<\/li>\n<li>Chirurgie du menton<\/li>\n<li>Bichectomie (amincissement des joues)<\/li>\n<li>Injection de graisse au visage<\/li>\n<\/ul>\n<h3>Chirurgie Mammaire<\/h3>\n<ul>\n<li>Augmentation mammaire<\/li>\n<li>Lift mammaire<\/li>\n<li>R\u00e9duction mammaire<\/li>\n<\/ul>\n<h3>Chirurgie du Corps<\/h3>\n<ul>\n<li>Abdominoplastie<\/li>\n<li>Liposuccion<\/li>\n<li>Lifting des bras<\/li>\n<li>Chirurgie des fesses (BBL \u2013 Brazilian Butt Lift)<\/li>\n<li>Mommy Makeover (combinaison esth\u00e9tique post-partum)<\/li>\n<\/ul>\n\t\t<\/div>\n\t\t\t\t\t<\/div>\n\n\t\n<\/div>\n","protected":false},"excerpt":{"rendered":"","protected":false},"author":2,"featured_media":0,"parent":0,"menu_order":0,"comment_status":"closed","ping_status":"closed","template":"","meta":{"footnotes":""},"class_list":["post-22846","page","type-page","status-publish","hentry"],"_links":{"self":[{"href":"https:\/\/drermanak.com\/fr\/wp-json\/wp\/v2\/pages\/22846","targetHints":{"allow":["GET"]}}],"collection":[{"href":"https:\/\/drermanak.com\/fr\/wp-json\/wp\/v2\/pages"}],"about":[{"href":"https:\/\/drermanak.com\/fr\/wp-json\/wp\/v2\/types\/page"}],"author":[{"embeddable":true,"href":"https:\/\/drermanak.com\/fr\/wp-json\/wp\/v2\/users\/2"}],"replies":[{"embeddable":true,"href":"https:\/\/drermanak.com\/fr\/wp-json\/wp\/v2\/comments?post=22846"}],"version-history":[{"count":2,"href":"https:\/\/drermanak.com\/fr\/wp-json\/wp\/v2\/pages\/22846\/revisions"}],"predecessor-version":[{"id":28464,"href":"https:\/\/drermanak.com\/fr\/wp-json\/wp\/v2\/pages\/22846\/revisions\/28464"}],"wp:attachment":[{"href":"https:\/\/drermanak.com\/fr\/wp-json\/wp\/v2\/media?parent=22846"}],"curies":[{"name":"wp","href":"https:\/\/api.w.org\/{rel}","templated":true}]}}