{"id":22897,"date":"2022-06-07T07:01:36","date_gmt":"2022-06-07T04:01:36","guid":{"rendered":"https:\/\/drermanak.com\/?page_id=22897"},"modified":"2026-03-27T13:29:07","modified_gmt":"2026-03-27T10:29:07","slug":"contact","status":"publish","type":"page","link":"https:\/\/drermanak.com\/fr\/contact\/","title":{"rendered":"Contact"},"content":{"rendered":"\n\t<section class=\"section\" id=\"section_1944327532\">\n\t\t<div class=\"section-bg fill\" >\n\t\t\t\t\t\t\t\t\t\n\t\t\t\n\n\t\t<\/div>\n\n\t\t\n\n\t\t<div class=\"section-content relative\">\n\t\t\t\n  <div id=\"page-header-2136163047\" class=\"page-header-wrapper\">\n  <div class=\"page-title light simple-title\">\n\n    \n    <div class=\"page-title-inner container align-center flex-row medium-flex-wrap\" >\n              <div class=\"title-wrapper flex-col text-left medium-text-center\">\n          <h1 class=\"entry-title mb-0\">\n            Contact          <\/h1>\n        <\/div>\n                    <div class=\"title-content flex-col flex-right text-right medium-text-center\">\n        <div class=\"title-breadcrumbs pb-half pt-half\"><\/div>      <\/div>\n    <\/div>\n\n       <\/div>\n    <\/div>\n  \n\t\t<\/div>\n\n\t\t\n<style>\n#section_1944327532 {\n  padding-top: 30px;\n  padding-bottom: 30px;\n}\n<\/style>\n\t<\/section>\n\t\n\n\t<section class=\"section\" id=\"section_1226717982\">\n\t\t<div class=\"section-bg fill\" >\n\t\t\t\t\t\t\t\t\t\n\t\t\t\n\n\t\t<\/div>\n\n\t\t\n\n\t\t<div class=\"section-content relative\">\n\t\t\t\n<div class=\"row\"  id=\"row-851311034\">\n\n\t<div id=\"col-161494902\" class=\"col medium-7 small-12 large-7\"  >\n\t\t\t\t<div class=\"col-inner\"  >\n\t\t\t\n\t\t\t\n\t<div id=\"text-1722779261\" class=\"text\">\n\t\t\n<div><span style=\"font-size: 85%;\"><strong>Pour Tous les D\u00e9tails Que Vous Vous Demandez<\/strong><\/span><\/div>\n<p><span style=\"font-size: 200%;\"><strong>Contactez-nous !<\/strong><\/span><\/p>\n<p><strong>Op. Dr. Erman Ak &#8211; <\/strong><strong>Chirurgie Plastique et Esth\u00e9tique<\/strong><\/p>\n<p>Vous pouvez nous contacter pour obtenir des informations d\u00e9taill\u00e9es sur les processus, les r\u00e9sultats et les prix des op\u00e9rations esth\u00e9tiques.<br \/>\n\t\t\n<style>\n#text-1722779261 {\n  color: rgb(255,255,255);\n}\n#text-1722779261 > * {\n  color: rgb(255,255,255);\n}\n<\/style>\n\t<\/div>\n\t\n\t\t<\/div>\n\t\t\t\t\t<\/div>\n\n\t\n\n\t<div id=\"col-465441036\" class=\"col medium-5 small-12 large-5\"  >\n\t\t\t\t<div class=\"col-inner\"  >\n\t\t\t\n\t\t\t\n<a href=\"tel:+90%20552%20362%2093%2098\" class=\"button white expand\" style=\"border-radius:10px;padding:10px 0px 10px 0px;\">\n\t\t<span>Contactez par T\u00e9l\u00e9phone !<\/span>\n\t<i class=\"icon-phone\" aria-hidden=\"true\"><\/i><\/a>\n\n<a href=\"https:\/\/api.whatsapp.com\/send?phone=905523629398\" class=\"button success expand\" style=\"border-radius:10px;padding:10px 0px 10px 0px;\" rel=\"nofollow noopener\" target=\"_blank\">\n\t\t<span>Contactez via WhatsApp !<\/span>\n\t<i class=\"icon-whatsapp\" aria-hidden=\"true\"><\/i><\/a>\n\n<a href=\"https:\/\/maps.app.goo.gl\/grzYHD31hK8vgf53A\" class=\"button secondary expand\" style=\"border-radius:10px;padding:10px 0px 10px 0px;\" rel=\"nofollow noopener\" target=\"_blank\">\n\t\t<span>Obtenir l'itin\u00e9raire<\/span>\n\t<i class=\"icon-map-pin-fill\" aria-hidden=\"true\"><\/i><\/a>\n\n\t\t<\/div>\n\t\t\t\t\n<style>\n#col-465441036 > .col-inner {\n  margin: 0px 0px 0px 0px;\n}\n<\/style>\n\t<\/div>\n\n\t\n<\/div>\n\t\t<\/div>\n\n\t\t\n<style>\n#section_1226717982 {\n  padding-top: 30px;\n  padding-bottom: 30px;\n  background-color: #343b48;\n}\n<\/style>\n\t<\/section>\n\t\n\n<div><iframe style=\"border: 0;\" src=\"https:\/\/www.google.com\/maps\/embed?pb=!1m18!1m12!1m3!1d3008.7663210137257!2d28.992848!3d41.052239!2m3!1f0!2f0!3f0!3m2!1i1024!2i768!4f13.1!3m3!1m2!1s0x14cab7ffb6aed96b%3A0x68ed21353080518c!2sOp.%20Dr.%20Erman%20Ak!5e0!3m2!1sde!2str!4v1715617976912!5m2!1sde!2str\" width=\"100%\" height=\"550\" allowfullscreen=\"allowfullscreen\"><\/iframe><br \/>\n\n\t<div id=\"gap-153225677\" class=\"gap-element clearfix\" style=\"display:block; height:auto;\">\n\t\t\n<style>\n#gap-153225677 {\n  padding-top: 80px;\n}\n<\/style>\n\t<\/div>\n\t<\/div>\n","protected":false},"excerpt":{"rendered":"","protected":false},"author":2,"featured_media":0,"parent":0,"menu_order":0,"comment_status":"closed","ping_status":"closed","template":"page-blank.php","meta":{"footnotes":""},"class_list":["post-22897","page","type-page","status-publish","hentry"],"_links":{"self":[{"href":"https:\/\/drermanak.com\/fr\/wp-json\/wp\/v2\/pages\/22897","targetHints":{"allow":["GET"]}}],"collection":[{"href":"https:\/\/drermanak.com\/fr\/wp-json\/wp\/v2\/pages"}],"about":[{"href":"https:\/\/drermanak.com\/fr\/wp-json\/wp\/v2\/types\/page"}],"author":[{"embeddable":true,"href":"https:\/\/drermanak.com\/fr\/wp-json\/wp\/v2\/users\/2"}],"replies":[{"embeddable":true,"href":"https:\/\/drermanak.com\/fr\/wp-json\/wp\/v2\/comments?post=22897"}],"version-history":[{"count":2,"href":"https:\/\/drermanak.com\/fr\/wp-json\/wp\/v2\/pages\/22897\/revisions"}],"predecessor-version":[{"id":31712,"href":"https:\/\/drermanak.com\/fr\/wp-json\/wp\/v2\/pages\/22897\/revisions\/31712"}],"wp:attachment":[{"href":"https:\/\/drermanak.com\/fr\/wp-json\/wp\/v2\/media?parent=22897"}],"curies":[{"name":"wp","href":"https:\/\/api.w.org\/{rel}","templated":true}]}}