{"id":22907,"date":"2025-04-16T14:19:39","date_gmt":"2025-04-16T11:19:39","guid":{"rendered":"https:\/\/drermanak.com\/?page_id=22907"},"modified":"2025-05-16T08:53:03","modified_gmt":"2025-05-16T08:53:03","slug":"photos-avant-et-apres-lifting","status":"publish","type":"page","link":"https:\/\/drermanak.com\/fr\/photos-avant-et-apres-lifting\/","title":{"rendered":"Photos avant et apr\u00e8s Lifting du visage"},"content":{"rendered":"<p>D\u00e9couvrez les r\u00e9sultats transformateurs dans notre galerie de photos Avant &amp; Apr\u00e8s lifting, pr\u00e9sentant les vrais r\u00e9sultats obtenus chez les patients du Dr Erman Ak. Observez comment des interventions de lifting du visage, r\u00e9alis\u00e9es avec expertise, peuvent rajeunir les contours du visage, r\u00e9duire le rel\u00e2chement cutan\u00e9 et redonner une apparence jeune. Chaque s\u00e9rie de photos met en avant l\u2019aspect naturel et rafra\u00eechi obtenu gr\u00e2ce \u00e0 une planification chirurgicale personnalis\u00e9e et \u00e0 une technique pr\u00e9cise. Id\u00e9ale pour ceux qui envisagent un rajeunissement du visage, cette galerie offre un aper\u00e7u pr\u00e9cieux de ce qui est possible avec la chirurgie du lifting moderne. Si vous recherchez un chirurgien comp\u00e9tent pour un lifting du visage en Turquie, le travail du Dr Erman Ak refl\u00e8te \u00e0 la fois l\u2019art et l\u2019excellence en esth\u00e9tique faciale.<\/p>\n\n  \n    <div class=\"row large-columns-2 medium-columns- small-columns-\" >\n  <div class=\"gallery-col col\" >\n          <div class=\"col-inner\">\n            <a class=\"image-lightbox lightbox-gallery\" href=\"https:\/\/drermanak.com\/wp-content\/uploads\/2025\/04\/facelift-surgery-before-after-in-turkey-1.webp\" title=\"\">            <div class=\"box has-hover gallery-box box-overlay dark\">\n              <div class=\"box-image\" >\n                <img decoding=\"async\" width=\"1640\" height=\"924\" src=\"https:\/\/drermanak.com\/wp-content\/uploads\/2025\/04\/facelift-surgery-before-after-in-turkey-1.webp\" class=\"attachment-2048x2048 size-2048x2048\" alt=\"\" ids=\"21852,21864,21868,21872,21876,21884,21892,21931\" lightbox_image_size=\"original\" columns=\"2\" image_size=\"2048x2048\" srcset=\"https:\/\/drermanak.com\/wp-content\/uploads\/2025\/04\/facelift-surgery-before-after-in-turkey-1.webp 1640w, https:\/\/drermanak.com\/wp-content\/uploads\/2025\/04\/facelift-surgery-before-after-in-turkey-1-300x169.webp 300w, https:\/\/drermanak.com\/wp-content\/uploads\/2025\/04\/facelift-surgery-before-after-in-turkey-1-1024x577.webp 1024w, https:\/\/drermanak.com\/wp-content\/uploads\/2025\/04\/facelift-surgery-before-after-in-turkey-1-768x433.webp 768w, https:\/\/drermanak.com\/wp-content\/uploads\/2025\/04\/facelift-surgery-before-after-in-turkey-1-1536x865.webp 1536w\" sizes=\"(max-width: 1640px) 100vw, 1640px\" title=\"\">                                  <div class=\"overlay fill\"\n                      style=\"background-color: rgba(0,0,0,.15)\">\n                  <\/div>\n                                                              <\/div>\n              <div class=\"box-text text-left\" >\n                 <p><\/p>\n              <\/div>\n            <\/div>\n            <\/a>          <\/div>\n         <\/div><div class=\"gallery-col col\" >\n          <div class=\"col-inner\">\n            <a class=\"image-lightbox lightbox-gallery\" href=\"https:\/\/drermanak.com\/wp-content\/uploads\/2025\/04\/facelift-surgery-before-after-in-turkey-4.webp\" title=\"\">            <div class=\"box has-hover gallery-box box-overlay dark\">\n              <div class=\"box-image\" >\n                <img decoding=\"async\" width=\"1640\" height=\"924\" src=\"https:\/\/drermanak.com\/wp-content\/uploads\/2025\/04\/facelift-surgery-before-after-in-turkey-4.webp\" class=\"attachment-2048x2048 size-2048x2048\" alt=\"\" ids=\"21852,21864,21868,21872,21876,21884,21892,21931\" lightbox_image_size=\"original\" columns=\"2\" image_size=\"2048x2048\" srcset=\"https:\/\/drermanak.com\/wp-content\/uploads\/2025\/04\/facelift-surgery-before-after-in-turkey-4.webp 1640w, https:\/\/drermanak.com\/wp-content\/uploads\/2025\/04\/facelift-surgery-before-after-in-turkey-4-300x169.webp 300w, https:\/\/drermanak.com\/wp-content\/uploads\/2025\/04\/facelift-surgery-before-after-in-turkey-4-1024x577.webp 1024w, https:\/\/drermanak.com\/wp-content\/uploads\/2025\/04\/facelift-surgery-before-after-in-turkey-4-768x433.webp 768w, https:\/\/drermanak.com\/wp-content\/uploads\/2025\/04\/facelift-surgery-before-after-in-turkey-4-1536x865.webp 1536w\" sizes=\"(max-width: 1640px) 100vw, 1640px\" title=\"\">                                  <div class=\"overlay fill\"\n                      style=\"background-color: rgba(0,0,0,.15)\">\n                  <\/div>\n                                                              <\/div>\n              <div class=\"box-text text-left\" >\n                 <p><\/p>\n              <\/div>\n            <\/div>\n            <\/a>          <\/div>\n         <\/div><div class=\"gallery-col col\" >\n          <div class=\"col-inner\">\n            <a class=\"image-lightbox lightbox-gallery\" href=\"https:\/\/drermanak.com\/wp-content\/uploads\/2025\/04\/facelift-surgery-before-after-in-turkey-5.webp\" title=\"\">            <div class=\"box has-hover gallery-box box-overlay dark\">\n              <div class=\"box-image\" >\n                <img decoding=\"async\" width=\"1640\" height=\"924\" src=\"https:\/\/drermanak.com\/wp-content\/uploads\/2025\/04\/facelift-surgery-before-after-in-turkey-5.webp\" class=\"attachment-2048x2048 size-2048x2048\" alt=\"\" ids=\"21852,21864,21868,21872,21876,21884,21892,21931\" lightbox_image_size=\"original\" columns=\"2\" image_size=\"2048x2048\" srcset=\"https:\/\/drermanak.com\/wp-content\/uploads\/2025\/04\/facelift-surgery-before-after-in-turkey-5.webp 1640w, https:\/\/drermanak.com\/wp-content\/uploads\/2025\/04\/facelift-surgery-before-after-in-turkey-5-300x169.webp 300w, https:\/\/drermanak.com\/wp-content\/uploads\/2025\/04\/facelift-surgery-before-after-in-turkey-5-1024x577.webp 1024w, https:\/\/drermanak.com\/wp-content\/uploads\/2025\/04\/facelift-surgery-before-after-in-turkey-5-768x433.webp 768w, https:\/\/drermanak.com\/wp-content\/uploads\/2025\/04\/facelift-surgery-before-after-in-turkey-5-1536x865.webp 1536w\" sizes=\"(max-width: 1640px) 100vw, 1640px\" title=\"\">                                  <div class=\"overlay fill\"\n                      style=\"background-color: rgba(0,0,0,.15)\">\n                  <\/div>\n                                                              <\/div>\n              <div class=\"box-text text-left\" >\n                 <p><\/p>\n              <\/div>\n            <\/div>\n            <\/a>          <\/div>\n         <\/div><div class=\"gallery-col col\" >\n          <div class=\"col-inner\">\n            <a class=\"image-lightbox lightbox-gallery\" href=\"https:\/\/drermanak.com\/wp-content\/uploads\/2025\/04\/facelift-surgery-before-after-in-turkey-7.webp\" title=\"\">            <div class=\"box has-hover gallery-box box-overlay dark\">\n              <div class=\"box-image\" >\n                <img decoding=\"async\" width=\"1640\" height=\"924\" src=\"https:\/\/drermanak.com\/wp-content\/uploads\/2025\/04\/facelift-surgery-before-after-in-turkey-7.webp\" class=\"attachment-2048x2048 size-2048x2048\" alt=\"\" ids=\"21852,21864,21868,21872,21876,21884,21892,21931\" lightbox_image_size=\"original\" columns=\"2\" image_size=\"2048x2048\" srcset=\"https:\/\/drermanak.com\/wp-content\/uploads\/2025\/04\/facelift-surgery-before-after-in-turkey-7.webp 1640w, https:\/\/drermanak.com\/wp-content\/uploads\/2025\/04\/facelift-surgery-before-after-in-turkey-7-300x169.webp 300w, https:\/\/drermanak.com\/wp-content\/uploads\/2025\/04\/facelift-surgery-before-after-in-turkey-7-1024x577.webp 1024w, https:\/\/drermanak.com\/wp-content\/uploads\/2025\/04\/facelift-surgery-before-after-in-turkey-7-768x433.webp 768w, https:\/\/drermanak.com\/wp-content\/uploads\/2025\/04\/facelift-surgery-before-after-in-turkey-7-1536x865.webp 1536w\" sizes=\"(max-width: 1640px) 100vw, 1640px\" title=\"\">                                  <div class=\"overlay fill\"\n                      style=\"background-color: rgba(0,0,0,.15)\">\n                  <\/div>\n                                                              <\/div>\n              <div class=\"box-text text-left\" >\n                 <p><\/p>\n              <\/div>\n            <\/div>\n            <\/a>          <\/div>\n         <\/div><div class=\"gallery-col col\" >\n          <div class=\"col-inner\">\n            <a class=\"image-lightbox lightbox-gallery\" href=\"https:\/\/drermanak.com\/wp-content\/uploads\/2025\/04\/facelift-surgery-before-after-in-turkey-9.webp\" title=\"\">            <div class=\"box has-hover gallery-box box-overlay dark\">\n              <div class=\"box-image\" >\n                <img decoding=\"async\" width=\"1640\" height=\"924\" src=\"https:\/\/drermanak.com\/wp-content\/uploads\/2025\/04\/facelift-surgery-before-after-in-turkey-9.webp\" class=\"attachment-2048x2048 size-2048x2048\" alt=\"\" ids=\"21852,21864,21868,21872,21876,21884,21892,21931\" lightbox_image_size=\"original\" columns=\"2\" image_size=\"2048x2048\" srcset=\"https:\/\/drermanak.com\/wp-content\/uploads\/2025\/04\/facelift-surgery-before-after-in-turkey-9.webp 1640w, https:\/\/drermanak.com\/wp-content\/uploads\/2025\/04\/facelift-surgery-before-after-in-turkey-9-300x169.webp 300w, https:\/\/drermanak.com\/wp-content\/uploads\/2025\/04\/facelift-surgery-before-after-in-turkey-9-1024x577.webp 1024w, https:\/\/drermanak.com\/wp-content\/uploads\/2025\/04\/facelift-surgery-before-after-in-turkey-9-768x433.webp 768w, https:\/\/drermanak.com\/wp-content\/uploads\/2025\/04\/facelift-surgery-before-after-in-turkey-9-1536x865.webp 1536w\" sizes=\"(max-width: 1640px) 100vw, 1640px\" title=\"\">                                  <div class=\"overlay fill\"\n                      style=\"background-color: rgba(0,0,0,.15)\">\n                  <\/div>\n                                                              <\/div>\n              <div class=\"box-text text-left\" >\n                 <p><\/p>\n              <\/div>\n            <\/div>\n            <\/a>          <\/div>\n         <\/div><div class=\"gallery-col col\" >\n          <div class=\"col-inner\">\n            <a class=\"image-lightbox lightbox-gallery\" href=\"https:\/\/drermanak.com\/wp-content\/uploads\/2025\/04\/facelift-surgery-before-after-in-turkey-11.webp\" title=\"\">            <div class=\"box has-hover gallery-box box-overlay dark\">\n              <div class=\"box-image\" >\n                <img decoding=\"async\" width=\"1640\" height=\"924\" src=\"https:\/\/drermanak.com\/wp-content\/uploads\/2025\/04\/facelift-surgery-before-after-in-turkey-11.webp\" class=\"attachment-2048x2048 size-2048x2048\" alt=\"\" ids=\"21852,21864,21868,21872,21876,21884,21892,21931\" lightbox_image_size=\"original\" columns=\"2\" image_size=\"2048x2048\" srcset=\"https:\/\/drermanak.com\/wp-content\/uploads\/2025\/04\/facelift-surgery-before-after-in-turkey-11.webp 1640w, https:\/\/drermanak.com\/wp-content\/uploads\/2025\/04\/facelift-surgery-before-after-in-turkey-11-300x169.webp 300w, https:\/\/drermanak.com\/wp-content\/uploads\/2025\/04\/facelift-surgery-before-after-in-turkey-11-1024x577.webp 1024w, https:\/\/drermanak.com\/wp-content\/uploads\/2025\/04\/facelift-surgery-before-after-in-turkey-11-768x433.webp 768w, https:\/\/drermanak.com\/wp-content\/uploads\/2025\/04\/facelift-surgery-before-after-in-turkey-11-1536x865.webp 1536w\" sizes=\"(max-width: 1640px) 100vw, 1640px\" title=\"\">                                  <div class=\"overlay fill\"\n                      style=\"background-color: rgba(0,0,0,.15)\">\n                  <\/div>\n                                                              <\/div>\n              <div class=\"box-text text-left\" >\n                 <p><\/p>\n              <\/div>\n            <\/div>\n            <\/a>          <\/div>\n         <\/div><div class=\"gallery-col col\" >\n          <div class=\"col-inner\">\n            <a class=\"image-lightbox lightbox-gallery\" href=\"https:\/\/drermanak.com\/wp-content\/uploads\/2025\/04\/Combined-Facelift-Neck-Lift.webp\" title=\"\">            <div class=\"box has-hover gallery-box box-overlay dark\">\n              <div class=\"box-image\" >\n                <img decoding=\"async\" width=\"1080\" height=\"1350\" src=\"https:\/\/drermanak.com\/wp-content\/uploads\/2025\/04\/Combined-Facelift-Neck-Lift.webp\" class=\"attachment-2048x2048 size-2048x2048\" alt=\"\" ids=\"21852,21864,21868,21872,21876,21884,21892,21931\" lightbox_image_size=\"original\" columns=\"2\" image_size=\"2048x2048\" srcset=\"https:\/\/drermanak.com\/wp-content\/uploads\/2025\/04\/Combined-Facelift-Neck-Lift.webp 1080w, https:\/\/drermanak.com\/wp-content\/uploads\/2025\/04\/Combined-Facelift-Neck-Lift-240x300.webp 240w, https:\/\/drermanak.com\/wp-content\/uploads\/2025\/04\/Combined-Facelift-Neck-Lift-819x1024.webp 819w, https:\/\/drermanak.com\/wp-content\/uploads\/2025\/04\/Combined-Facelift-Neck-Lift-768x960.webp 768w\" sizes=\"(max-width: 1080px) 100vw, 1080px\" title=\"\">                                  <div class=\"overlay fill\"\n                      style=\"background-color: rgba(0,0,0,.15)\">\n                  <\/div>\n                                                              <\/div>\n              <div class=\"box-text text-left\" >\n                 <p><\/p>\n              <\/div>\n            <\/div>\n            <\/a>          <\/div>\n         <\/div><\/div>\n","protected":false},"excerpt":{"rendered":"<p>D\u00e9couvrez les r\u00e9sultats transformateurs dans notre galerie de photos Avant &amp; Apr\u00e8s lifting, pr\u00e9sentant les vrais r\u00e9sultats obtenus chez les patients du Dr Erman Ak. Observez comment des interventions de lifting du visage, r\u00e9alis\u00e9es avec expertise, peuvent rajeunir les contours du visage, r\u00e9duire le rel\u00e2chement cutan\u00e9 et redonner une apparence jeune. Chaque s\u00e9rie de photos [&#8230;]\n","protected":false},"author":2,"featured_media":0,"parent":0,"menu_order":0,"comment_status":"closed","ping_status":"closed","template":"","meta":{"footnotes":""},"class_list":["post-22907","page","type-page","status-publish","hentry"],"_links":{"self":[{"href":"https:\/\/drermanak.com\/fr\/wp-json\/wp\/v2\/pages\/22907","targetHints":{"allow":["GET"]}}],"collection":[{"href":"https:\/\/drermanak.com\/fr\/wp-json\/wp\/v2\/pages"}],"about":[{"href":"https:\/\/drermanak.com\/fr\/wp-json\/wp\/v2\/types\/page"}],"author":[{"embeddable":true,"href":"https:\/\/drermanak.com\/fr\/wp-json\/wp\/v2\/users\/2"}],"replies":[{"embeddable":true,"href":"https:\/\/drermanak.com\/fr\/wp-json\/wp\/v2\/comments?post=22907"}],"version-history":[{"count":2,"href":"https:\/\/drermanak.com\/fr\/wp-json\/wp\/v2\/pages\/22907\/revisions"}],"predecessor-version":[{"id":25218,"href":"https:\/\/drermanak.com\/fr\/wp-json\/wp\/v2\/pages\/22907\/revisions\/25218"}],"wp:attachment":[{"href":"https:\/\/drermanak.com\/fr\/wp-json\/wp\/v2\/media?parent=22907"}],"curies":[{"name":"wp","href":"https:\/\/api.w.org\/{rel}","templated":true}]}}