{"id":27140,"date":"2025-09-05T09:19:34","date_gmt":"2025-09-05T06:19:34","guid":{"rendered":"https:\/\/drermanak.com\/?page_id=27140"},"modified":"2025-09-05T09:27:43","modified_gmt":"2025-09-05T09:27:43","slug":"guide-du-patient","status":"publish","type":"page","link":"https:\/\/drermanak.com\/fr\/sur-moi\/guide-du-patient\/","title":{"rendered":"Guide du Patient"},"content":{"rendered":"<h2>Avant de voyager en Turquie<\/h2>\n<ul>\n<li aria-level=\"1\">Pour les vols long-courriers (outre-mer) : veuillez arriver \u00e0 Istanbul au moins 2 jours avant l\u2019op\u00e9ration.<\/li>\n<li aria-level=\"1\">Pour les vols court-courriers : veuillez arriver au moins 1 jour avant l\u2019op\u00e9ration.<\/li>\n<li aria-level=\"1\">Nous recommandons de venir avec un accompagnant pour rester avec vous pendant les premiers jours apr\u00e8s l\u2019op\u00e9ration. Si cela n\u2019est pas possible, nous pouvons vous orienter vers des services externes professionnels d\u2019infirmiers\/accompagnants (co\u00fbt suppl\u00e9mentaire) pour votre s\u00e9jour \u00e0 l\u2019h\u00f4tel.<\/li>\n<li aria-level=\"1\">Passeport &amp; Visa : V\u00e9rifiez les conditions de visa sur le site officiel : https:\/\/www.mfa.gov.tr\/visa-information-for-foreigners.en.mfa<\/li>\n<li aria-level=\"1\">Les patients \u00e9ligibles peuvent demander un e-Visa en ligne : https:\/\/www.evisa.gov.tr<\/li>\n<\/ul>\n<h2>Pr\u00e9paration M\u00e9dicale<\/h2>\n<ul>\n<li aria-level=\"1\">Atteindre et maintenir votre poids id\u00e9al est obligatoire avant l\u2019op\u00e9ration. Les fluctuations de poids apr\u00e8s l\u2019op\u00e9ration peuvent affecter n\u00e9gativement les r\u00e9sultats.<\/li>\n<li aria-level=\"1\">Les m\u00e9dicaments amaigrissants : doivent \u00eatre arr\u00eat\u00e9s au moins 6 semaines avant l\u2019op\u00e9ration.<\/li>\n<li aria-level=\"1\">Le traitement hormonal substitutif (THS) et les pilules contraceptives orales : doivent \u00eatre arr\u00eat\u00e9s 6 semaines avant l\u2019op\u00e9ration.<\/li>\n<li aria-level=\"1\">Les anticoagulants &amp; compl\u00e9ments \u00e0 base de plantes (aspirine, ibuprof\u00e8ne, om\u00e9ga-3, vitamine E, ginkgo, ginseng, etc.) : arr\u00eater 7 \u00e0 10 jours avant l\u2019op\u00e9ration.<\/li>\n<li aria-level=\"1\">Tabac\/nicotine : doit \u00eatre arr\u00eat\u00e9 au moins 3 \u00e0 4 semaines avant l\u2019op\u00e9ration.<\/li>\n<li aria-level=\"1\">Alcool : doit \u00eatre \u00e9vit\u00e9 au moins 1 semaine avant l\u2019op\u00e9ration.<\/li>\n<li aria-level=\"1\">R\u00e9duction\/augmentation mammaire : une mammographie ou une \u00e9chographie mammaire est obligatoire. Ces examens peuvent \u00e9galement \u00eatre r\u00e9alis\u00e9s dans notre h\u00f4pital avec un co\u00fbt suppl\u00e9mentaire.<\/li>\n<li aria-level=\"1\">Patients de lifting du visage : tout produit de comblement facial doit \u00eatre dissous au moins 2 mois avant l\u2019op\u00e9ration.<\/li>\n<li aria-level=\"1\">Les tisanes (comme le th\u00e9 vert, th\u00e9 au citron, etc.) peuvent augmenter le risque de saignement. Veuillez les \u00e9viter 1 semaine avant et 1 semaine apr\u00e8s l\u2019op\u00e9ration.<\/li>\n<li aria-level=\"1\">Le th\u00e9 noir est s\u00fbr et peut \u00eatre consomm\u00e9.<\/li>\n<li aria-level=\"1\">Certains aliments \u2014 y compris les cerises, les griottes, l\u2019ail, le raisin frais ou sec, et la past\u00e8que \u2014 contiennent de l\u2019acide salicylique naturel et peuvent agir comme l\u2019aspirine, augmentant l\u00e9g\u00e8rement le risque de saignement. Il est pr\u00e9f\u00e9rable d\u2019\u00e9viter de consommer ces aliments en grande quantit\u00e9 durant la semaine pr\u00e9c\u00e9dant l\u2019op\u00e9ration.<\/li>\n<li aria-level=\"1\">Laissez tous vos bijoux \u00e0 la maison (y compris alliances, colliers et boucles d\u2019oreilles).<\/li>\n<li aria-level=\"1\">Portez des v\u00eatements qui s\u2019ouvrent par l\u2019avant (avec boutons ou fermeture \u00e9clair). \u00c9vitez les v\u00eatements serr\u00e9s ou ceux qui doivent \u00eatre enfil\u00e9s par la t\u00eate.<\/li>\n<li aria-level=\"1\">Prenez une douche chaude la veille de l\u2019op\u00e9ration.<\/li>\n<li aria-level=\"1\">Le jour de l\u2019op\u00e9ration, n\u2019utilisez pas de produits capillaires tels que la laque, le gel ou la mousse.<\/li>\n<\/ul>\n<h2>Dossiers M\u00e9dicaux &amp; Documentation<\/h2>\n<ul>\n<li aria-level=\"1\">Formulaire m\u00e9dical d\u00e9taill\u00e9 (allergies, m\u00e9dicaments, ant\u00e9c\u00e9dents m\u00e9dicaux, habitudes de tabac\/alcool).<\/li>\n<li aria-level=\"1\">Rapports chirurgicaux ant\u00e9rieurs ou comptes rendus de sortie.<\/li>\n<li aria-level=\"1\">Si vous avez des comorbidit\u00e9s (maladie cardiaque, diab\u00e8te, troubles de la coagulation, etc.), une lettre de votre m\u00e9decin attestant de votre aptitude est requise.<\/li>\n<li aria-level=\"1\">Examens pr\u00e9op\u00e9ratoires (surtout pour les chirurgies combin\u00e9es ou longues) : Num\u00e9ration sanguine compl\u00e8te, Biochimie (foie, reins, \u00e9lectrolytes), Tests de coagulation (PT, aPTT, INR).<\/li>\n<li aria-level=\"1\">Les patients doivent r\u00e9aliser ces tests dans leur pays d\u2019origine et nous envoyer les r\u00e9sultats. Nous les examinerons et donnerons d\u2019\u00e9ventuelles recommandations suppl\u00e9mentaires.<\/li>\n<li aria-level=\"1\">Toute maladie infectieuse connue (VIH, H\u00e9patite B\/C, etc.) doit \u00eatre signal\u00e9e \u00e0 l\u2019avance.<\/li>\n<\/ul>\n<h2>Consultation en Ligne<\/h2>\n<ul>\n<li aria-level=\"1\">Tous les patients internationaux doivent avoir une consultation en ligne avant l\u2019op\u00e9ration.<\/li>\n<li aria-level=\"1\">Pendant cette s\u00e9ance, nous discuterons de vos attentes, de ce qui peut\/ne peut pas \u00eatre r\u00e9alis\u00e9, des risques chirurgicaux, du processus de r\u00e9cup\u00e9ration et de la planification du voyage.<\/li>\n<li aria-level=\"1\">Remarque : La consultation en ligne est payante, mais ce montant sera d\u00e9duit du co\u00fbt total de l\u2019op\u00e9ration.<\/li>\n<\/ul>\n<h2>Pendant le Vol (Pr\u00e9vention de la TVP)<\/h2>\n<ul>\n<li aria-level=\"1\">Marchez fr\u00e9quemment : d\u00e9placez-vous dans la cabine au moins une fois par heure.<\/li>\n<li aria-level=\"1\">Faites des exercices pour les mollets et les chevilles en position assise.<\/li>\n<li aria-level=\"1\">Buvez beaucoup d\u2019eau ; \u00e9vitez l\u2019alcool et la caf\u00e9ine.<\/li>\n<li aria-level=\"1\">Des bas de contention peuvent \u00eatre recommand\u00e9s pour les patients \u00e0 haut risque.<\/li>\n<\/ul>\n<h2>\u00c0 apporter<\/h2>\n<ul>\n<li aria-level=\"1\">V\u00eatements confortables s\u2019ouvrant par l\u2019avant.<\/li>\n<li aria-level=\"1\">V\u00eatements postop\u00e9ratoires\/corset\/soutien-gorge chirurgical (notre clinique vous guidera).<\/li>\n<li aria-level=\"1\">Apportez vos m\u00e9dicaments habituels prescrits.<\/li>\n<li aria-level=\"1\">Articles d\u2019hygi\u00e8ne personnelle.<\/li>\n<\/ul>\n<h2>\u00c0 l\u2019arriv\u00e9e \u00e0 Istanbul<\/h2>\n<ul>\n<li aria-level=\"1\">Selon l\u2019op\u00e9ration, vous s\u00e9journerez g\u00e9n\u00e9ralement 1 \u00e0 2 nuits \u00e0 l\u2019h\u00f4pital.<\/li>\n<li aria-level=\"1\">Si vous n\u2019avez pas d\u2019accompagnant, nous pouvons vous orienter vers des services externes professionnels d\u2019infirmiers\/accompagnants durant votre s\u00e9jour \u00e0 l\u2019h\u00f4tel (co\u00fbt suppl\u00e9mentaire).<\/li>\n<li aria-level=\"1\">Les contr\u00f4les postop\u00e9ratoires seront organis\u00e9s. Apr\u00e8s votre retour dans votre pays, le suivi pourra se poursuivre en ligne.<\/li>\n<\/ul>\n","protected":false},"excerpt":{"rendered":"<p>Avant de voyager en Turquie Pour les vols long-courriers (outre-mer) : veuillez arriver \u00e0 Istanbul au moins 2 jours avant l\u2019op\u00e9ration. Pour les vols court-courriers : veuillez arriver au moins 1 jour avant l\u2019op\u00e9ration. Nous recommandons de venir avec un accompagnant pour rester avec vous pendant les premiers jours apr\u00e8s l\u2019op\u00e9ration. Si cela n\u2019est pas [&#8230;]\n","protected":false},"author":2,"featured_media":0,"parent":22846,"menu_order":0,"comment_status":"closed","ping_status":"closed","template":"page-blank-title-center.php","meta":{"footnotes":""},"class_list":["post-27140","page","type-page","status-publish","hentry"],"_links":{"self":[{"href":"https:\/\/drermanak.com\/fr\/wp-json\/wp\/v2\/pages\/27140","targetHints":{"allow":["GET"]}}],"collection":[{"href":"https:\/\/drermanak.com\/fr\/wp-json\/wp\/v2\/pages"}],"about":[{"href":"https:\/\/drermanak.com\/fr\/wp-json\/wp\/v2\/types\/page"}],"author":[{"embeddable":true,"href":"https:\/\/drermanak.com\/fr\/wp-json\/wp\/v2\/users\/2"}],"replies":[{"embeddable":true,"href":"https:\/\/drermanak.com\/fr\/wp-json\/wp\/v2\/comments?post=27140"}],"version-history":[{"count":1,"href":"https:\/\/drermanak.com\/fr\/wp-json\/wp\/v2\/pages\/27140\/revisions"}],"predecessor-version":[{"id":27141,"href":"https:\/\/drermanak.com\/fr\/wp-json\/wp\/v2\/pages\/27140\/revisions\/27141"}],"up":[{"embeddable":true,"href":"https:\/\/drermanak.com\/fr\/wp-json\/wp\/v2\/pages\/22846"}],"wp:attachment":[{"href":"https:\/\/drermanak.com\/fr\/wp-json\/wp\/v2\/media?parent=27140"}],"curies":[{"name":"wp","href":"https:\/\/api.w.org\/{rel}","templated":true}]}}