{"id":32312,"date":"2022-06-07T07:01:22","date_gmt":"2022-06-07T04:01:22","guid":{"rendered":"https:\/\/drermanak.com\/?page_id=32312"},"modified":"2026-05-08T10:01:51","modified_gmt":"2026-05-08T07:01:51","slug":"chi-sono","status":"publish","type":"page","link":"https:\/\/drermanak.com\/it\/chi-sono\/","title":{"rendered":"Chi Sono"},"content":{"rendered":"<div class=\"row align-middle\"  id=\"row-381832243\">\n\n\t<div id=\"col-262993215\" class=\"col medium-6 small-12 large-6\"  >\n\t\t\t\t<div class=\"col-inner\"  >\n\t\t\t\n\t\t\t\n<h2>Op. Dr. Erman AK<\/h2>\n<p>Il Dr. Erman Ak \u00e8 uno <a href=\"https:\/\/drermanak.com\/hakkimda\/istanbul-turkiyede-klinige-sahip-bir-plastik-rekonstruktif-ve-estetik-cerrahi-uzmani\/\">Specialista in Chirurgia Plastica, Ricostruttiva ed Estetica con clinica a Istanbul, in Turchia<\/a>, riconosciuto per gli interventi di chirurgia estetica del viso, del seno e di rimodellamento del corpo, con esperienza a livello internazionale. Con i suoi approcci estetici moderni, la sua concezione chirurgica orientata a risultati naturali e la sua prospettiva artistica, \u00e8 uno dei nomi pionieristici della chirurgia estetica.<\/p>\n<h2>Formazione e carriera accademica<\/h2>\n<p>Il Dr. Erman Ak ha completato l\u2019istruzione primaria e secondaria a Mersin e la formazione liceale presso il Liceo Scientifico di Mersin. Dopo essersi laureato nel 2014 presso la Facolt\u00e0 di Medicina dell\u2019Universit\u00e0 Hacettepe, ha iniziato la <a href=\"https:\/\/drermanak.com\/hakkimda\/istanbul-universitesi-capa-tip-fakultesi-plastik-rekonstruktif-ve-estetik-cerrahi-anabilim-dalinda-uzmanlik-egitimi\/\">formazione specialistica presso il Dipartimento di Chirurgia Plastica, Ricostruttiva ed Estetica della Facolt\u00e0 di Medicina \u00c7apa dell\u2019Universit\u00e0 di Istanbul<\/a>.<\/p>\n<p>Durante gli anni di specializzazione ha avuto un ruolo attivo nella chirurgia della mano, nelle anomalie congenite della mano, nei trasferimenti nervosi e negli interventi di microchirurgia; ha acquisito un\u2019intensa esperienza nella chirurgia facciale.<\/p>\n\t\t<\/div>\n\t\t\t\t\t<\/div>\n\n\t\n\n\t<div id=\"col-1664062407\" class=\"col medium-6 small-12 large-6 small-col-first\"  >\n\t\t\t\t<div class=\"col-inner\"  >\n\t\t\t\n\t\t\t\n\t<div class=\"img has-hover x md-x lg-x y md-y lg-y\" id=\"image_1144862584\">\n\t\t\t\t\t\t\t\t<div class=\"img-inner dark\" >\n\t\t\t<img decoding=\"async\" width=\"1114\" height=\"1374\" src=\"https:\/\/drermanak.com\/wp-content\/uploads\/2024\/11\/Group-111@2x-1.webp\" class=\"attachment-2048x2048 size-2048x2048\" alt=\"\" srcset=\"https:\/\/drermanak.com\/wp-content\/uploads\/2024\/11\/Group-111@2x-1.webp 1114w, https:\/\/drermanak.com\/wp-content\/uploads\/2024\/11\/Group-111@2x-1-243x300.webp 243w, https:\/\/drermanak.com\/wp-content\/uploads\/2024\/11\/Group-111@2x-1-830x1024.webp 830w, https:\/\/drermanak.com\/wp-content\/uploads\/2024\/11\/Group-111@2x-1-768x947.webp 768w\" sizes=\"(max-width: 1114px) 100vw, 1114px\" title=\"\">\t\t\t\t\t\t\n\t\t\t\t\t<\/div>\n\t\t\t\t\t\t\t\t\n<style>\n#image_1144862584 {\n  width: 100%;\n}\n<\/style>\n\t<\/div>\n\t\n\t\t<\/div>\n\t\t\t\t\t<\/div>\n\n\t\n<\/div>\n\n  \n    <div class=\"row large-columns-3 medium-columns- small-columns-1 slider row-slider slider-nav-reveal\"  data-flickity-options='{&quot;imagesLoaded&quot;: true, &quot;groupCells&quot;: &quot;100%&quot;, &quot;dragThreshold&quot; : 5, &quot;cellAlign&quot;: &quot;left&quot;,&quot;wrapAround&quot;: true,&quot;prevNextButtons&quot;: true,&quot;percentPosition&quot;: true,&quot;pageDots&quot;: false, &quot;rightToLeft&quot;: false, &quot;autoPlay&quot; : false}' >\n\n  <div class=\"gallery-col col\" >\n          <div class=\"col-inner\">\n            <a class=\"image-lightbox lightbox-gallery\" href=\"https:\/\/drermanak.com\/wp-content\/uploads\/2024\/11\/1-png.webp\" title=\"\">            <div class=\"box has-hover gallery-box box-none\">\n              <div class=\"box-image\" >\n                <img decoding=\"async\" width=\"500\" height=\"300\" src=\"https:\/\/drermanak.com\/wp-content\/uploads\/2024\/11\/1-png.webp\" class=\"attachment-2048x2048 size-2048x2048\" alt=\"\" ids=\"32308,32309,32310\" style=\"none\" lightbox_image_size=\"2048x2048\" type=\"slider\" columns=\"3\" columns__sm=\"1\" image_size=\"2048x2048\" srcset=\"https:\/\/drermanak.com\/wp-content\/uploads\/2024\/11\/1-png.webp 500w, https:\/\/drermanak.com\/wp-content\/uploads\/2024\/11\/1-300x180.webp 300w\" sizes=\"(max-width: 500px) 100vw, 500px\" title=\"\">                                                              <\/div>\n              <div class=\"box-text text-left\" >\n                 <p><\/p>\n              <\/div>\n            <\/div>\n            <\/a>          <\/div>\n         <\/div><div class=\"gallery-col col\" >\n          <div class=\"col-inner\">\n            <a class=\"image-lightbox lightbox-gallery\" href=\"https:\/\/drermanak.com\/wp-content\/uploads\/2024\/11\/2-png.webp\" title=\"\">            <div class=\"box has-hover gallery-box box-none\">\n              <div class=\"box-image\" >\n                <img decoding=\"async\" width=\"500\" height=\"300\" src=\"https:\/\/drermanak.com\/wp-content\/uploads\/2024\/11\/2-png.webp\" class=\"attachment-2048x2048 size-2048x2048\" alt=\"\" ids=\"32308,32309,32310\" style=\"none\" lightbox_image_size=\"2048x2048\" type=\"slider\" columns=\"3\" columns__sm=\"1\" image_size=\"2048x2048\" srcset=\"https:\/\/drermanak.com\/wp-content\/uploads\/2024\/11\/2-png.webp 500w, https:\/\/drermanak.com\/wp-content\/uploads\/2024\/11\/2-300x180.webp 300w\" sizes=\"(max-width: 500px) 100vw, 500px\" title=\"\">                                                              <\/div>\n              <div class=\"box-text text-left\" >\n                 <p><\/p>\n              <\/div>\n            <\/div>\n            <\/a>          <\/div>\n         <\/div><div class=\"gallery-col col\" >\n          <div class=\"col-inner\">\n            <a class=\"image-lightbox lightbox-gallery\" href=\"https:\/\/drermanak.com\/wp-content\/uploads\/2024\/11\/3-png.webp\" title=\"\">            <div class=\"box has-hover gallery-box box-none\">\n              <div class=\"box-image\" >\n                <img decoding=\"async\" width=\"500\" height=\"300\" src=\"https:\/\/drermanak.com\/wp-content\/uploads\/2024\/11\/3-png.webp\" class=\"attachment-2048x2048 size-2048x2048\" alt=\"\" ids=\"32308,32309,32310\" style=\"none\" lightbox_image_size=\"2048x2048\" type=\"slider\" columns=\"3\" columns__sm=\"1\" image_size=\"2048x2048\" srcset=\"https:\/\/drermanak.com\/wp-content\/uploads\/2024\/11\/3-png.webp 500w, https:\/\/drermanak.com\/wp-content\/uploads\/2024\/11\/3-300x180.webp 300w\" sizes=\"(max-width: 500px) 100vw, 500px\" title=\"\">                                                              <\/div>\n              <div class=\"box-text text-left\" >\n                 <p><\/p>\n              <\/div>\n            <\/div>\n            <\/a>          <\/div>\n         <\/div><\/div>\n<div class=\"row align-middle\"  id=\"row-730645172\">\n\n\t<div id=\"col-1531532533\" class=\"col small-12 large-12\"  >\n\t\t\t\t<div class=\"col-inner\"  >\n\t\t\t\n\t\t\t\n<h2>Formazione internazionale e studi scientifici<\/h2>\n<p>Nel 2018 ha ricevuto <a href=\"https:\/\/drermanak.com\/hakkimda\/tayvan-chang-gung-memorial-hastanesinde-prof-dr-fu-chan-wei-ile-ileri-mikrocerrahi-egitimi\/\">formazione avanzata in microchirurgia presso il Chang Gung Memorial Hospital di Taiwan con il Prof. Dr. Fu Chan Wei<\/a>. Nel 2019 ha tenuto una presentazione orale sugli \u201cALT flaps\u201d al congresso della World Society for Reconstructive Microsurgery tenutosi a Bologna. Ha completato la sua formazione specialistica con la tesi intitolata \u201cRicerca sulla morbilit\u00e0 dell\u2019area donatrice dopo lembi muscolari di latissimus dorsi\u201d.<\/p>\n<p>Dopo la specializzazione, ha preso parte alla <a href=\"https:\/\/drermanak.com\/hakkimda\/basaksehir-cam-ve-sakura-hastanesi-plastik-cerrahi-doktorlugu\/\">fondazione del reparto di Chirurgia Plastica dell\u2019Ospedale Ba\u015fak\u015fehir \u00c7am e Sakura e ha ricoperto a lungo l\u2019incarico di responsabile del reparto<\/a>. In questo periodo ha eseguito il primo intervento dell\u2019ospedale di trapianto osseo dal piede alla mandibola.<\/p>\n<p>Nel 2022 ha svolto studi avanzati per tre mesi sull\u2019estetica del viso e del seno <a href=\"https:\/\/drermanak.com\/hakkimda\/italyada-villa-bella-clinicte-prof-dr-giovanni-botti-ve-chiara-botti-ile-birlikte-isaps-bursiyeri\/\">come borsista ISAPS presso la Villa Bella Clinic in Italia, insieme al Prof. Dr. Giovanni Botti e a Chiara Botti<\/a>. Nel 2021 \u00e8 stato insignito della Qualifica Europea in Chirurgia Plastica Estetica dall\u2019<strong>European Board of Plastic Surgery (EBOPRAS)<\/strong>.<\/p>\n<h2>Approccio alla chirurgia estetica<\/h2>\n<p>Il Dr. Erman Ak considera la chirurgia estetica non solo come un intervento, ma come un processo di progettazione personalizzato. Valuta ogni paziente in base alle proprie proporzioni del viso, alla propria struttura tissutale e alla propria estetica naturale. Il suo obiettivo \u00e8 conferire un aspetto giovane, equilibrato ed elegante preservando la naturalezza.<\/p>\n<h2>Aree di specializzazione<\/h2>\n<p>Il Dr. Erman Ak dispone di un\u2019ampia gamma di interventi nei campi dell\u2019estetica del viso, del seno e del corpo:<\/p>\n<h3>Estetica del viso<\/h3>\n<ul>\n<li aria-level=\"1\">Intervento di lifting della fronte<\/li>\n<li aria-level=\"1\">Estetica della palpebra superiore<\/li>\n<li aria-level=\"1\">Estetica della palpebra inferiore<\/li>\n<li aria-level=\"1\">Intervento di lifting delle tempie<\/li>\n<li aria-level=\"1\">Intervento di lifting del medio volto<\/li>\n<li aria-level=\"1\">Lifting del viso deep plane<\/li>\n<li aria-level=\"1\">Lifting del collo deep plane (platismoplastica)<\/li>\n<li aria-level=\"1\">Intervento di lifting del collo<\/li>\n<li aria-level=\"1\">Lip Lift (sollevamento del labbro)<\/li>\n<li aria-level=\"1\">Estetica della punta del mento<\/li>\n<li aria-level=\"1\">Bichectomia (assottigliamento delle guance)<\/li>\n<li aria-level=\"1\">Iniezione di grasso al viso<\/li>\n<\/ul>\n<h3>Estetica del seno<\/h3>\n<ul>\n<li aria-level=\"1\">Intervento di aumento del seno<\/li>\n<li aria-level=\"1\">Intervento di lifting del seno<\/li>\n<li aria-level=\"1\">Intervento di riduzione del seno<\/li>\n<\/ul>\n<h3>Estetica del corpo<\/h3>\n<ul>\n<li aria-level=\"1\">Intervento di addominoplastica<\/li>\n<li aria-level=\"1\">Liposuzione<\/li>\n<li aria-level=\"1\">Intervento di lifting delle braccia<\/li>\n<li aria-level=\"1\">Estetica dei glutei (BBL \u2013 Brazilian Butt Lift)<\/li>\n<li>Mommy Makeover (combinazione estetica post-parto)<\/li>\n<\/ul>\n\t\t<\/div>\n\t\t\t\t\t<\/div>\n\n\t\n<\/div>\n","protected":false},"excerpt":{"rendered":"","protected":false},"author":2,"featured_media":0,"parent":0,"menu_order":0,"comment_status":"closed","ping_status":"closed","template":"","meta":{"footnotes":""},"class_list":["post-32312","page","type-page","status-publish","hentry"],"_links":{"self":[{"href":"https:\/\/drermanak.com\/it\/wp-json\/wp\/v2\/pages\/32312","targetHints":{"allow":["GET"]}}],"collection":[{"href":"https:\/\/drermanak.com\/it\/wp-json\/wp\/v2\/pages"}],"about":[{"href":"https:\/\/drermanak.com\/it\/wp-json\/wp\/v2\/types\/page"}],"author":[{"embeddable":true,"href":"https:\/\/drermanak.com\/it\/wp-json\/wp\/v2\/users\/2"}],"replies":[{"embeddable":true,"href":"https:\/\/drermanak.com\/it\/wp-json\/wp\/v2\/comments?post=32312"}],"version-history":[{"count":3,"href":"https:\/\/drermanak.com\/it\/wp-json\/wp\/v2\/pages\/32312\/revisions"}],"predecessor-version":[{"id":32352,"href":"https:\/\/drermanak.com\/it\/wp-json\/wp\/v2\/pages\/32312\/revisions\/32352"}],"wp:attachment":[{"href":"https:\/\/drermanak.com\/it\/wp-json\/wp\/v2\/media?parent=32312"}],"curies":[{"name":"wp","href":"https:\/\/api.w.org\/{rel}","templated":true}]}}