{"id":32330,"date":"2025-09-05T09:19:34","date_gmt":"2025-09-05T06:19:34","guid":{"rendered":"https:\/\/drermanak.com\/?page_id=32330"},"modified":"2026-05-08T10:02:32","modified_gmt":"2026-05-08T07:02:32","slug":"guida-per-il-paziente","status":"publish","type":"page","link":"https:\/\/drermanak.com\/it\/chi-sono\/guida-per-il-paziente\/","title":{"rendered":"Guida per il Paziente"},"content":{"rendered":"<h2>Prima di viaggiare in Turchia<\/h2>\n<ul>\n<li aria-level=\"1\">Per voli a lunga distanza (intercontinentali): arrivate a Istanbul almeno 2 giorni prima dell\u2019operazione.<\/li>\n<li aria-level=\"1\">Per voli a breve distanza: arrivate almeno 1 giorno prima dell\u2019operazione.<\/li>\n<li aria-level=\"1\">Vi consigliamo di portare un accompagnatore che rimanga con voi nei primi giorni dopo l\u2019intervento. Se ci\u00f2 non \u00e8 possibile, possiamo consigliare servizi professionali di infermiere\/accompagnatore per il vostro soggiorno in hotel (a pagamento).<\/li>\n<li aria-level=\"1\">Passaporto &amp; Visto: controllate i requisiti per il visto sul sito web ufficiale: https:\/\/www.mfa.gov.tr\/visa-information-for-foreigners.en.mfa<\/li>\n<li aria-level=\"1\">I pazienti idonei possono richiedere online l\u2019e-Visa: https:\/\/www.evisa.gov.tr<\/li>\n<\/ul>\n<h2>Preparazione medica<\/h2>\n<ul>\n<li aria-level=\"1\">\u00c8 obbligatorio raggiungere e mantenere il vostro peso ideale prima dell\u2019intervento. Le variazioni di peso dopo l\u2019intervento possono influire negativamente sui risultati.<\/li>\n<li aria-level=\"1\">Farmaci per la perdita di peso: devono essere sospesi almeno 6 settimane prima dell\u2019operazione.<\/li>\n<li aria-level=\"1\">Terapia ormonale sostitutiva (HRT) e pillole anticoncezionali: devono essere sospese 6 settimane prima dell\u2019operazione.<\/li>\n<li aria-level=\"1\">Anticoagulanti &amp; integratori erboristici (aspirina, ibuprofene, omega-3, vitamina E, ginkgo, ginseng ecc.): devono essere sospesi 7\u201310 giorni prima dell\u2019operazione.<\/li>\n<li aria-level=\"1\">Sigarette\/nicotina: devono essere sospese almeno 3\u20134 settimane prima dell\u2019operazione.<\/li>\n<li aria-level=\"1\">Alcol: non deve essere consumato almeno 1 settimana prima dell\u2019operazione.<\/li>\n<li aria-level=\"1\">Riduzione\/sollevamento del seno: mammografia o ecografia mammaria sono obbligatorie. Questi esami possono essere effettuati anche nel nostro ospedale, a pagamento.<\/li>\n<li aria-level=\"1\">Pazienti sottoposti a lifting del viso: tutti i filler del viso devono essere stati sciolti almeno 2 mesi prima dell\u2019intervento.<\/li>\n<li aria-level=\"1\">Le tisane (t\u00e8 verde, t\u00e8 al limone ecc.) possono aumentare il rischio di sanguinamento. Vi preghiamo di evitare queste tisane 1 settimana prima e 1 settimana dopo l\u2019intervento.<\/li>\n<li aria-level=\"1\">Il t\u00e8 nero \u00e8 sicuro e pu\u00f2 essere consumato.<\/li>\n<li aria-level=\"1\">Alcuni alimenti \u2014 ciliegie, amarene, aglio, uva fresca o secca e anguria \u2014 contengono acido salicilico naturale e possono agire come l\u2019aspirina, aumentando leggermente il rischio di sanguinamento. Per questo motivo, \u00e8 meglio evitare di consumare questi alimenti in grandi quantit\u00e0 nella settimana precedente l\u2019intervento.<\/li>\n<li aria-level=\"1\">Lasciate tutti i vostri gioielli a casa (inclusi fede, collana, orecchini).<\/li>\n<li aria-level=\"1\">Indossate abiti che si aprono sul davanti (con bottoni o cerniera). Evitate abiti stretti o capi che devono essere infilati dalla testa.<\/li>\n<li aria-level=\"1\">La sera prima dell\u2019intervento fate una doccia tiepida.<\/li>\n<li aria-level=\"1\">Il giorno dell\u2019intervento non utilizzate prodotti come lacca, gel o schiuma per capelli.<\/li>\n<\/ul>\n<h2>Cartelle cliniche &amp; Documenti<\/h2>\n<ul>\n<li aria-level=\"1\">Modulo dettagliato di anamnesi medica (allergie, farmaci, malattie pregresse, abitudini di fumo\/alcol).<\/li>\n<li aria-level=\"1\">Referti di interventi precedenti o lettere di dimissione.<\/li>\n<li aria-level=\"1\">Se avete malattie concomitanti (malattie cardiache, diabete, disturbi della coagulazione ecc.) \u00e8 necessario un certificato di idoneit\u00e0 medica del vostro medico.<\/li>\n<li aria-level=\"1\">Esami preoperatori (soprattutto per interventi combinati o lunghi): emocromo completo, biochimica (fegato, reni, elettroliti), test della coagulazione (PT, aPTT, INR).<\/li>\n<li aria-level=\"1\">I pazienti devono completare questi esami nel proprio Paese e inviarci i risultati. I risultati saranno valutati e, in base ai riscontri, verranno fornite ulteriori raccomandazioni.<\/li>\n<li aria-level=\"1\">Qualsiasi malattia infettiva nota (HIV, Epatite B\/C ecc.) deve essere comunicata in anticipo.<\/li>\n<\/ul>\n<h2>Consulenza online<\/h2>\n<ul>\n<li aria-level=\"1\">Tutti i pazienti internazionali devono obbligatoriamente effettuare una consulenza online prima dell\u2019intervento.<\/li>\n<li aria-level=\"1\">Durante questo colloquio verranno discussi le vostre aspettative, ci\u00f2 che pu\u00f2\/non pu\u00f2 essere fatto, i rischi dell\u2019intervento, il processo di recupero e la pianificazione del viaggio.<\/li>\n<li aria-level=\"1\">Nota: la consulenza online \u00e8 a pagamento, ma questo importo sar\u00e0 detratto dal costo totale dell\u2019intervento.<\/li>\n<\/ul>\n<h2>Durante il volo (prevenzione della DVT)<\/h2>\n<ul>\n<li aria-level=\"1\">Camminate spesso: muovetevi in cabina almeno una volta ogni ora.<\/li>\n<li aria-level=\"1\">Da seduti, eseguite esercizi per polpacci e caviglie.<\/li>\n<li aria-level=\"1\">Bevete molta acqua; evitate alcol e caffeina.<\/li>\n<li aria-level=\"1\">Per i pazienti ad alto rischio possono essere consigliate calze a compressione.<\/li>\n<\/ul>\n<h2>Cosa portare con voi<\/h2>\n<ul>\n<li aria-level=\"1\">Abiti comodi che si aprono sul davanti.<\/li>\n<li aria-level=\"1\">Indumenti post-operatori\/corsetto\/reggiseno chirurgico (la nostra clinica vi guider\u00e0).<\/li>\n<li aria-level=\"1\">Portate i farmaci regolari prescritti che utilizzate.<\/li>\n<li aria-level=\"1\">Prodotti per l\u2019igiene personale.<\/li>\n<\/ul>\n<h2>All\u2019arrivo a Istanbul<\/h2>\n<ul>\n<li aria-level=\"1\">A seconda del tipo di intervento, generalmente rimarrete in ospedale 1\u20132 notti.<\/li>\n<li aria-level=\"1\">Se non avete un accompagnatore, possiamo indirizzarvi verso servizi professionali di infermiere\/accompagnatore durante il vostro soggiorno in hotel (a pagamento).<\/li>\n<li aria-level=\"1\">Saranno organizzati controlli post-operatori. Dopo il rientro nel vostro Paese, il follow-up potr\u00e0 proseguire online.<\/li>\n<\/ul>\n","protected":false},"excerpt":{"rendered":"<p>Prima di viaggiare in Turchia Per voli a lunga distanza (intercontinentali): arrivate a Istanbul almeno 2 giorni prima dell\u2019operazione. Per voli a breve distanza: arrivate almeno 1 giorno prima dell\u2019operazione. Vi consigliamo di portare un accompagnatore che rimanga con voi nei primi giorni dopo l\u2019intervento. Se ci\u00f2 non \u00e8 possibile, possiamo consigliare servizi professionali di [&#8230;]\n","protected":false},"author":2,"featured_media":0,"parent":32312,"menu_order":0,"comment_status":"closed","ping_status":"closed","template":"page-blank-title-center.php","meta":{"footnotes":""},"class_list":["post-32330","page","type-page","status-publish","hentry"],"_links":{"self":[{"href":"https:\/\/drermanak.com\/it\/wp-json\/wp\/v2\/pages\/32330","targetHints":{"allow":["GET"]}}],"collection":[{"href":"https:\/\/drermanak.com\/it\/wp-json\/wp\/v2\/pages"}],"about":[{"href":"https:\/\/drermanak.com\/it\/wp-json\/wp\/v2\/types\/page"}],"author":[{"embeddable":true,"href":"https:\/\/drermanak.com\/it\/wp-json\/wp\/v2\/users\/2"}],"replies":[{"embeddable":true,"href":"https:\/\/drermanak.com\/it\/wp-json\/wp\/v2\/comments?post=32330"}],"version-history":[{"count":2,"href":"https:\/\/drermanak.com\/it\/wp-json\/wp\/v2\/pages\/32330\/revisions"}],"predecessor-version":[{"id":32356,"href":"https:\/\/drermanak.com\/it\/wp-json\/wp\/v2\/pages\/32330\/revisions\/32356"}],"up":[{"embeddable":true,"href":"https:\/\/drermanak.com\/it\/wp-json\/wp\/v2\/pages\/32312"}],"wp:attachment":[{"href":"https:\/\/drermanak.com\/it\/wp-json\/wp\/v2\/media?parent=32330"}],"curies":[{"name":"wp","href":"https:\/\/api.w.org\/{rel}","templated":true}]}}