{"id":33851,"date":"2024-11-21T19:51:17","date_gmt":"2024-11-21T16:51:17","guid":{"rendered":"https:\/\/drermanak.com\/?page_id=33851"},"modified":"2026-05-08T11:30:26","modified_gmt":"2026-05-08T08:30:26","slug":"chirurgia-plastica","status":"publish","type":"page","link":"https:\/\/drermanak.com\/it\/chirurgia-plastica\/","title":{"rendered":"Costi e Pacchetti di Chirurgia Plastica"},"content":{"rendered":"<div class=\"row\"  id=\"row-1511007580\">\n\n\t<div id=\"col-1314072360\" class=\"col small-12 large-12\"  >\n\t\t\t\t<div class=\"col-inner\"  >\n\t\t\t\n\t\t\t\n<p style=\"text-align: left;\">\n\t<section class=\"section\" id=\"section_1671737766\">\n\t\t<div class=\"section-bg fill\" >\n\t\t\t\t\t\t\t\t\t\n\t\t\t\n\n\t\t<\/div>\n\n\t\t\n\n\t\t<div class=\"section-content relative\">\n\t\t\t\n\n<div class=\"row align-middle\"  id=\"row-1343183737\">\n\n\n\t<div id=\"col-589741784\" class=\"col medium-6 small-12 large-6\"  >\n\t\t\t\t<div class=\"col-inner\"  >\n\t\t\t\n\t\t\t\n\n\t<div id=\"text-1647050606\" class=\"text\">\n\t\t\n\n<p>Preparato da: <a href=\"https:\/\/drermanak.com\/\">Dr. Erman Ak<\/a><br \/>Data di Aggiornamento: <\/p>\r\n<h1><span style=\"font-size: 85%;\"><strong>: Processo Post-Operatorio, Prezzi 2026 &amp; Recensioni dei Pazienti<\/strong><\/span><\/h1>\n\t\t\n<style>\n#text-1647050606 {\n  color: #343b48;\n}\n#text-1647050606 > * {\n  color: #343b48;\n}\n<\/style>\n\t<\/div>\n\t\n<div class=\"row row-collapse\"  id=\"row-53191565\">\n\n\n\t<div id=\"col-2147216697\" class=\"col medium-8 small-12 large-8\"  >\n\t\t\t\t<div class=\"col-inner\"  >\n\t\t\t\n\t\t\t\n\n<p> \u00e8 una procedura chirurgica moderna e sicura progettata per soddisfare le vostre aspettative estetiche e funzionali. Il Dr. Erman Ak esegue  e altri interventi di chirurgia plastica a Istanbul. Potete leggere il nostro contenuto per informazioni sui prezzi di , sul processo e sugli aspetti a cui prestare attenzione prima e dopo l\u2019intervento.<\/p>\n\t<div id=\"gap-760933306\" class=\"gap-element clearfix\" style=\"display:block; height:auto;\">\n\t\t\n<style>\n#gap-760933306 {\n  padding-top: 2px;\n}\n<\/style>\n\t<\/div>\n\t\n\n<a href=\"\/hakkimda\/\" class=\"button primary is-small lowercase\" style=\"border-radius:99px;\">\n\t\t<span>Continua a Leggere<\/span>\n\t<\/a>\n\n\n\t<div id=\"gap-882397459\" class=\"gap-element clearfix\" style=\"display:block; height:auto;\">\n\t\t\n<style>\n#gap-882397459 {\n  padding-top: 2px;\n}\n<\/style>\n\t<\/div>\n\t\n\n<a href=\"\/iletisim\/\" class=\"button secondary is-small lowercase\" style=\"border-radius:99px;\">\n\t\t<span>Prenota un Appuntamento<\/span>\n\t<\/a>\n\n\n\n\t\t<\/div>\n\t\t\t\t\t<\/div>\n\n\t\n\n\t<div id=\"col-1749483165\" class=\"col medium-4 small-12 large-4\"  >\n\t\t\t\t<div class=\"col-inner\"  >\n\t\t\t\n\t\t\t\n\n\t<div class=\"img has-hover hide-for-small x md-x lg-x y md-y lg-y\" id=\"image_653930832\">\n\t\t\t\t\t\t\t\t<div class=\"img-inner image-cover dark\" style=\"padding-top:250px;\">\n\t\t\t<img decoding=\"async\" width=\"451\" height=\"705\" src=\"https:\/\/drermanak.com\/wp-content\/uploads\/2024\/11\/Group-110.webp\" class=\"attachment-2048x2048 size-2048x2048\" alt=\"\" srcset=\"https:\/\/drermanak.com\/wp-content\/uploads\/2024\/11\/Group-110.webp 451w, https:\/\/drermanak.com\/wp-content\/uploads\/2024\/11\/Group-110-192x300.webp 192w\" sizes=\"(max-width: 451px) 100vw, 451px\" title=\"\">\t\t\t\t\t\t\n\t\t\t\t\t<\/div>\n\t\t\t\t\t\t\t\t\n<style>\n#image_653930832 {\n  width: 100%;\n}\n<\/style>\n\t<\/div>\n\t\n\n\t<div class=\"img has-hover show-for-small x md-x lg-x y md-y lg-y\" id=\"image_534562088\">\n\t\t\t\t\t\t\t\t<div class=\"img-inner dark\" >\n\t\t\t<img decoding=\"async\" width=\"320\" height=\"399\" src=\"https:\/\/drermanak.com\/wp-content\/uploads\/2024\/11\/Group-85-1-png.webp\" class=\"attachment-2048x2048 size-2048x2048\" alt=\"\" srcset=\"https:\/\/drermanak.com\/wp-content\/uploads\/2024\/11\/Group-85-1-png.webp 320w, https:\/\/drermanak.com\/wp-content\/uploads\/2024\/11\/Group-85-1-241x300.webp 241w\" sizes=\"(max-width: 320px) 100vw, 320px\" title=\"\">\t\t\t\t\t\t\n\t\t\t\t\t<\/div>\n\t\t\t\t\t\t\t\t\n<style>\n#image_534562088 {\n  width: 100%;\n}\n<\/style>\n\t<\/div>\n\t\n\n\n\t\t<\/div>\n\t\t\t\t\t<\/div>\n\n\t\n\n\n<style>\n#row-53191565 > .col > .col-inner {\n  padding: 5px 5px 5px 5px;\n}\n<\/style>\n<\/div>\n\n\t\t<\/div>\n\t\t\t\t\t<\/div>\n\n\t\n\n\t<div id=\"col-2100440781\" class=\"col medium-6 small-12 large-6 small-col-first\"  >\n\t\t\t\t<div class=\"col-inner text-center\"  >\n\t\t\t\n\t\t\t\n\n\t<div class=\"img has-hover x md-x lg-x y md-y lg-y\" id=\"image_1330173307\">\n\t\t\t\t\t\t\t\t<div class=\"img-inner dark\" >\n\t\t\t<img decoding=\"async\" width=\"768\" height=\"947\" src=\"https:\/\/drermanak.com\/wp-content\/uploads\/2024\/12\/TR-slider-gorsel@2x-768x947.webp\" class=\"attachment-medium_large size-medium_large\" alt=\"\" srcset=\"https:\/\/drermanak.com\/wp-content\/uploads\/2024\/12\/TR-slider-gorsel@2x-768x947.webp 768w, https:\/\/drermanak.com\/wp-content\/uploads\/2024\/12\/TR-slider-gorsel@2x-243x300.webp 243w, https:\/\/drermanak.com\/wp-content\/uploads\/2024\/12\/TR-slider-gorsel@2x-830x1024.webp 830w, https:\/\/drermanak.com\/wp-content\/uploads\/2024\/12\/TR-slider-gorsel@2x.webp 1114w\" sizes=\"(max-width: 768px) 100vw, 768px\" title=\"\">\t\t\t\t\t\t\n\t\t\t\t\t<\/div>\n\t\t\t\t\t\t\t\t\n<style>\n#image_1330173307 {\n  width: 80%;\n}\n<\/style>\n\t<\/div>\n\t\n\n\n\t\t<\/div>\n\t\t\t\t\t<\/div>\n\n\t\n\n<\/div>\n\n\t\t<\/div>\n\n\t\t\n<style>\n#section_1671737766 {\n  padding-top: 30px;\n  padding-bottom: 30px;\n}\n<\/style>\n\t<\/section>\n\t\n<p>La scena della chirurgia plastica in Turchia ha acquisito un notevole slancio negli ultimi anni, attirando pazienti da ogni angolo del mondo. Dalle tecniche chirurgiche avanzate a risparmi sui costi fino al 70%, ci sono molte ragioni per cui le persone scelgono di viaggiare qui per una procedura estetica.<\/p>\n<h2>Che cos\u2019\u00e8 la chirurgia plastica?<\/h2>\n<p>La chirurgia plastica \u00e8 una branca specializzata della medicina che prevede tecniche chirurgiche per ricostruire, riparare o migliorare varie parti del corpo. Include procedure ricostruttive per correggere deformit\u00e0 o ripristinare la funzione e procedure estetiche mirate a migliorare l\u2019aspetto. Eseguita da chirurghi qualificati, la chirurgia plastica combina competenza medica e giudizio estetico per ottenere risultati naturali ed equilibrati.<\/p>\n<h2>Perch\u00e9 le persone viaggiano in Turchia per la chirurgia plastica?<\/h2>\n<p>Immaginate un ristorante popolare nel cuore di una citt\u00e0 vivace: cibo eccellente, atmosfera confortevole e prezzi imbattibili. Le offerte di chirurgia plastica in Turchia collaborano in modo equivalente. Nel 2023, nel Paese sono stati eseguiti pi\u00f9 di 553.000 interventi estetici e cosmetici, spinti da una forte domanda sia interna sia estera.<\/p>\n<p>Uno dei principali fattori di attrazione \u00e8 l\u2019accessibilit\u00e0 economica. Gli interventi estetici in Turchia costano spesso il 50\u201370% in meno rispetto ai Paesi occidentali come gli Stati Uniti o il Regno Unito. Sebbene i prezzi possano essere pi\u00f9 bassi, la qualit\u00e0 rimane elevata. Una combinazione di strutture avanzate, supporto governativo e un tasso di cambio favorevole aiuta a mantenere bassi i costi senza compromettere la cura del paziente.<\/p>\n<p>C\u2019\u00e8 anche un distinto fascino culturale e turistico. Ad esempio, molti pazienti provenienti da Germania, Regno Unito e Spagna arrivano non solo per l\u2019intervento, ma anche per esplorare i maestosi palazzi di Istanbul o rilassarsi sulle spiagge di Antalya. Pensatelo come unire una vacanza a un miglioramento della salute, tutto in un unico viaggio.<\/p>\n<h2>Come mantengono standard elevati i chirurghi in Turchia?<\/h2>\n<p>Un occhio esperto e una mano abile sono alla base di ogni intervento di successo. Oltre il 90% dei chirurghi plastici della T\u00fcrkiye \u00e8 certificato a livello internazionale, molti dei quali formati in tecniche avanzate riconosciute in tutto il mondo. Questo non \u00e8 solo un pezzo di carta appeso a una parete; rappresenta anni di formazione rigorosa, tutoraggio diretto ed esami che garantiscono competenza al massimo livello.<\/p>\n<p>Anche le cliniche fanno grandi sforzi per aderire agli standard internazionali. La Turchia ospita numerose strutture accreditate da organizzazioni come la Joint Commission International (JCI), che stabilisce requisiti rigorosi su tutto, dalla sicurezza del paziente alle qualifiche del personale. La supervisione governativa contribuisce ulteriormente a mantenere uno standard qualitativo uniforme. Il Ministero della Salute turco, ad esempio, effettua ispezioni regolari per garantire che i requisiti di licenza siano rispettati e aggiornati.<\/p>\n<h2>Quali sono le procedure estetiche pi\u00f9 popolari in Turchia?<\/h2>\n<p>Individui diversi hanno obiettivi estetici diversi e le cliniche turche offrono un\u2019ampia gamma di scelte. Le procedure pi\u00f9 richieste generalmente includono:<\/p>\n<ul>\n<li><strong><a href=\"https:\/\/drermanak.com\/it\/rinoplastica\/\">Rinoplastica (chirurgia del naso)<\/a><\/strong><\/li>\n<\/ul>\n<p>Spesso definita la \u201cregina degli interventi facciali\u201d, la rinoplastica \u00e8 costantemente tra le procedure principali in Turchia. Solo nel 2023 sono stati eseguiti oltre 83.000 interventi al naso. Immaginate di accordare finemente la struttura di uno strumento musicale: ottenere la forma giusta pu\u00f2 armonizzare l\u2019intero viso.<\/p>\n<ul>\n<li><strong><a href=\"https:\/\/drermanak.com\/it\/liposuzione\/\">Liposuzione<\/a><\/strong><\/li>\n<\/ul>\n<p>Nel 2023 sono state eseguite circa 70.000 procedure di liposuzione, rendendola il secondo intervento estetico pi\u00f9 richiesto. La liposuzione \u00e8 un po\u2019 come scolpire l\u2019argilla; i chirurghi rimuovono o ridistribuiscono il tessuto adiposo per modellare aree come addome, cosce o braccia.<\/p>\n<ul>\n<li><strong><a href=\"https:\/\/drermanak.com\/it\/mastoplastica-additiva\/\">Aumento del seno<\/a> e <a href=\"https:\/\/drermanak.com\/it\/mastoplastica-riduttiva\/\">Riduzione del seno<\/a><\/strong><\/li>\n<\/ul>\n<p>Queste procedure si rivolgono ai pazienti che desiderano ottenere una figura pi\u00f9 proporzionata. Alcuni vogliono aumentare la taglia, altri desiderano sollievo dal dolore alla schiena e alle spalle causato da seni grandi.<\/p>\n<ul>\n<li><strong><a href=\"https:\/\/drermanak.com\/it\/lifting-facciale-deep-plane\/\">Lifting del viso<\/a> e <a href=\"https:\/\/drermanak.com\/it\/blefaroplastica-superiore\/\">Chirurgia delle palpebre<\/a><\/strong><\/li>\n<\/ul>\n<p>Per chi desidera tornare indietro nel tempo, lifting del viso e chirurgia delle palpebre (blefaroplastica) affrontano i segni visibili dell\u2019invecchiamento stringendo la pelle cadente o rimuovendo il tessuto in eccesso intorno agli occhi.<\/p>\n<h2>Quanto sono convenienti questi trattamenti rispetto agli Stati Uniti o all\u2019Europa?<\/h2>\n<p>Il fattore convenienza \u00e8 simile al trovare un abito firmato a un prezzo notevolmente scontato: i pazienti spesso si meravigliano di quanto possano risparmiare. Confrontando i prezzi con quelli degli Stati Uniti o dell\u2019Europa occidentale, i risparmi possono variare dal 50% al 70%. Queste differenze emergono per diversi motivi:<\/p>\n<p><strong>Costi operativi pi\u00f9 bassi:<\/strong> Stipendi, spese delle strutture e costi amministrativi tendono a essere inferiori in Turchia, consentendo alle cliniche di applicare tariffe pi\u00f9 basse.<\/p>\n<p><strong>Tasso di cambio favorevole:<\/strong> La lira turca ha un tasso di cambio competitivo, che aiuta i pazienti internazionali.<\/p>\n<p><strong>Supporto governativo:<\/strong> Le autorit\u00e0 incoraggiano attivamente il turismo sanitario attraverso iniziative strategiche, come incentivi agli investimenti e normative semplificate che promuovono prezzi competitivi.<\/p>\n<p>Anche con il risparmio sui costi, la soddisfazione dei pazienti rimane elevata. Uno studio ha rilevato che oltre il 90% degli individui riporta recensioni positive sulle proprie procedure estetiche in Turchia, in gran parte perch\u00e9 le cliniche mantengono standard di cura rigorosi.<\/p>\n<h2>Cosa rende diverso il processo di recupero in Turchia?<\/h2>\n<p>Pensate al periodo di recupero come a un viaggio importante quanto l\u2019intervento stesso. Le strutture in Turchia spesso offrono pacchetti completi all-inclusive, che coprono tutto dalla prima consulenza ai controlli postoperatori. Tali pacchetti possono includere una camera ospedaliera privata, farmaci e persino trasferimenti aeroportuali, progettati affinch\u00e9 i pazienti possano concentrarsi sulla guarigione invece che sui dettagli logistici.<\/p>\n<p>Molti scelgono di trascorrere una parte del recupero esplorando citt\u00e0 vicine o localit\u00e0 costiere. Sebbene sia fondamentale seguire le indicazioni postoperatorie del chirurgo, un turismo leggero pu\u00f2 aiutare a sollevare il morale durante la fase di guarigione. I pazienti spesso lo descrivono come un\u2019esperienza completa: ricevono cure di qualit\u00e0 avendo al contempo l\u2019opportunit\u00e0 di ammirare meraviglie architettoniche come Santa Sofia a Istanbul o rilassarsi lungo le coste mediterranee di Antalya.<\/p>\n<h2>Come \u00e8 progettata l\u2019infrastruttura del turismo medico in Turchia per aiutare?<\/h2>\n<p>Immaginate un sistema ferroviario che funziona cos\u00ec bene che ogni coincidenza \u00e8 puntuale, ogni stazione \u00e8 presidiata e ogni possibile esigenza viene soddisfatta. L\u2019infrastruttura del turismo medico in Turchia collabora in modo simile. Accoglie i pazienti internazionali offrendo:<\/p>\n<ul>\n<li>Servizi di traduzione: molte cliniche impiegano personale multilingue per assistere i pazienti che non parlano turco.<\/li>\n<li>Logistica di viaggio semplice: aeroporti ben collegati, assistenza per il visto e pickup aeroportuali organizzati rendono il viaggio meno stressante.<\/li>\n<li>Cliniche e ospedali accreditati: con pi\u00f9 di 40 strutture accreditate a livello internazionale, i pazienti possono avere fiducia di essere in mani competenti.<\/li>\n<li>Organizzazioni di supporto: USHA\u015e (International Health Services Inc.), fondata nel 2019, \u00e8 una di queste iniziative focalizzate sulla promozione e regolamentazione del turismo medico.<\/li>\n<\/ul>\n<p>Questa struttura ha aiutato la Turchia ad attirare quasi 600.000 turisti sanitari solo nella prima met\u00e0 del 2022. In un quadro pi\u00f9 ampio, il mercato del turismo sanitario del Paese ha generato oltre 1 miliardo di dollari nel 2019, con circa il 60% proveniente dalla chirurgia plastica.<\/p>\n<h2>Com\u2019\u00e8 il futuro della chirurgia plastica in Turchia?<\/h2>\n<p>Con tassi di crescita previsti al 20% annuo, il settore \u00e8 destinato a diventare ancora pi\u00f9 avanzato, soprattutto in citt\u00e0 importanti come Istanbul, che potrebbe contribuire a oltre il 50% dei ricavi del Paese in questo settore entro il 2025.<\/p>\n<p>Anche la tecnologia \u00e8 in prima linea in questa progressione. Molte cliniche stanno incorporando imaging 3D e strumenti di intelligenza artificiale (AI) per pianificare gli interventi con maggiore precisione. Questi sistemi possono generare anteprime realistiche, riducendo le supposizioni e migliorando la comunicazione tra chirurghi e pazienti.<\/p>\n<p>Inoltre, i trattamenti non chirurgici, come filler dermici e Botox, sono in aumento, rispecchiando le tendenze globali. Queste procedure minimamente invasive sono popolari tra gli individui che cercano miglioramenti rapidi o un aspetto rinfrescato senza i tempi di inattivit\u00e0 della chirurgia.<\/p>\n<p>Con la continua crescita della domanda, molti esperti prevedono ulteriori investimenti in ricerca e formazione. Dalla chirurgia assistita da robot ai biomateriali avanzati che aiutano la guarigione, la scena della chirurgia plastica turca \u00e8 pronta a rimanere all\u2019avanguardia dell\u2019innovazione.<\/p>\n<p>Il successo della Turchia nella chirurgia plastica pu\u00f2 essere paragonato a una ricetta completa: iniziare con una base di chirurghi altamente formati, aggiungere strutture moderne, condire con vantaggi di costo e completare con esperienze culturali attraenti. Rinoplastica e liposuzione rimangono le preferite dal pubblico, ma un ampio spettro di procedure, tra cui aumento del seno, lifting del viso e trapianti di capelli, continua ad attirare pazienti da Germania, Regno Unito, Spagna e oltre.<\/p>\n\t\t<\/div>\n\t\t\t\t\t<\/div>\n\n\t\n<\/div>\n<div class=\"row\"  id=\"row-1694374890\">\n\n\t<div id=\"col-1686977945\" class=\"col small-12 large-12\"  >\n\t\t\t\t<div class=\"col-inner\"  >\n\t\t\t\n\t\t\t\n<h2><strong>Estetica facciale<\/strong><\/h2>\n<table dir=\"ltr\" border=\"1\" cellspacing=\"0\" cellpadding=\"0\" data-sheets-root=\"1\" data-sheets-baot=\"1\">\n<colgroup>\n<col width=\"331\" \/>\n<col width=\"60\" \/><\/colgroup>\n<tbody>\n<tr>\n<td>Procedura<\/td>\n<td>Prezzo (\u20ac)<\/td>\n<\/tr>\n<tr>\n<td>Lifting Deep Plane + Lifting del collo<\/td>\n<td>8.500 &#8211; 9.000<\/td>\n<\/tr>\n<tr>\n<td>Mid Facelift + Lifting del collo<\/td>\n<td>7.000 &#8211; 7.500<\/td>\n<\/tr>\n<tr>\n<td>Rinoplastica<\/td>\n<td>4.000 &#8211; 4.500<\/td>\n<\/tr>\n<tr>\n<td>Rinoplastica etnica<\/td>\n<td>5.000 &#8211; 5.500<\/td>\n<\/tr>\n<tr>\n<td>Bichectomia<\/td>\n<td>2.500 &#8211; 3.000<\/td>\n<\/tr>\n<tr>\n<td>Lifting temporale<\/td>\n<td>4.000 &#8211; 4.500<\/td>\n<\/tr>\n<tr>\n<td>Blefaroplastica superiore (senza hotel e transfer)<\/td>\n<td>1.500 &#8211; 2.000<\/td>\n<\/tr>\n<tr>\n<td>Blefaroplastica superiore (con 4 notti in hotel)<\/td>\n<td>2.250 &#8211; 2.500<\/td>\n<\/tr>\n<tr>\n<td>Blefaroplastica inferiore<\/td>\n<td>2.500 &#8211; 3.000<\/td>\n<\/tr>\n<tr>\n<td>Blefaroplastica superiore + inferiore<\/td>\n<td>4.500 &#8211; 5.000<\/td>\n<\/tr>\n<\/tbody>\n<\/table>\n<h2>Procedure Brazilian Butt Lift (BBL)<\/h2>\n<table dir=\"ltr\" border=\"1\" cellspacing=\"0\" cellpadding=\"0\" data-sheets-root=\"1\" data-sheets-baot=\"1\">\n<colgroup>\n<col width=\"331\" \/>\n<col width=\"60\" \/><\/colgroup>\n<tbody>\n<tr>\n<td>Procedura<\/td>\n<td>Prezzo (\u20ac)<\/td>\n<\/tr>\n<tr>\n<td>BBL + Lipo 360<\/td>\n<td>6.000 &#8211; 6.500<\/td>\n<\/tr>\n<tr>\n<td>BBL + Lipo 360 + Lifting del seno<\/td>\n<td>8.500 &#8211; 9.500<\/td>\n<\/tr>\n<tr>\n<td>BBL + Lipo 360 + Lifting del seno + Impianti<\/td>\n<td>9.000 &#8211; 10.000<\/td>\n<\/tr>\n<tr>\n<td>BBL + Addominoplastica + Lipo 360 + Lifting del seno<\/td>\n<td>12.000 &#8211; 13.000<\/td>\n<\/tr>\n<tr>\n<td>BBL + Addominoplastica + Lipo 360 + Lifting del seno + Impianti<\/td>\n<td>13.000 &#8211; 14.500<\/td>\n<\/tr>\n<\/tbody>\n<\/table>\n<h2>Procedure di addominoplastica<\/h2>\n<table dir=\"ltr\" border=\"1\" cellspacing=\"0\" cellpadding=\"0\" data-sheets-root=\"1\" data-sheets-baot=\"1\">\n<colgroup>\n<col width=\"331\" \/>\n<col width=\"60\" \/><\/colgroup>\n<tbody>\n<tr>\n<td>Procedura<\/td>\n<td>Prezzo (\u20ac)<\/td>\n<\/tr>\n<tr>\n<td>Addominoplastica + Lipo 360<\/td>\n<td>6.500 &#8211; 7.000<\/td>\n<\/tr>\n<tr>\n<td>Addominoplastica estesa + Lipo 360<\/td>\n<td>7.000 &#8211; 7.500<\/td>\n<\/tr>\n<tr>\n<td>Addominoplastica 360 + Lipo 360<\/td>\n<td>8.000 &#8211; 8.500<\/td>\n<\/tr>\n<tr>\n<td>Addominoplastica + Lipo 360 + BBL<\/td>\n<td>8.000 &#8211; 8.500<\/td>\n<\/tr>\n<tr>\n<td>Addominoplastica + Lipo 360 + Lifting del seno<\/td>\n<td>10.000 &#8211; 11.000<\/td>\n<\/tr>\n<tr>\n<td>Addominoplastica + Lipo 360 + Lifting del seno + Impianti<\/td>\n<td>12.000 &#8211; 13.000<\/td>\n<\/tr>\n<\/tbody>\n<\/table>\n<h2><strong>Procedure al seno<\/strong><\/h2>\n<table dir=\"ltr\" border=\"1\" cellspacing=\"0\" cellpadding=\"0\" data-sheets-root=\"1\" data-sheets-baot=\"1\">\n<colgroup>\n<col width=\"331\" \/>\n<col width=\"60\" \/><\/colgroup>\n<tbody>\n<tr>\n<td>Procedura<\/td>\n<td>Prezzo (\u20ac)<\/td>\n<\/tr>\n<tr>\n<td>Riduzione del seno + Lifting<\/td>\n<td>5.000 &#8211; 5.500<\/td>\n<\/tr>\n<tr>\n<td>Aumento del seno<\/td>\n<td>5.000 &#8211; 5.500<\/td>\n<\/tr>\n<\/tbody>\n<\/table>\n<h2><strong>Lifting braccia + cosce<\/strong><\/h2>\n<table dir=\"ltr\" border=\"1\" cellspacing=\"0\" cellpadding=\"0\" data-sheets-root=\"1\" data-sheets-baot=\"1\">\n<colgroup>\n<col width=\"331\" \/>\n<col width=\"60\" \/><\/colgroup>\n<tbody>\n<tr>\n<td>Procedura<\/td>\n<td>Prezzo (\u20ac)<\/td>\n<\/tr>\n<tr>\n<td>Lifting braccia + Lifting cosce<\/td>\n<td>9.500 &#8211; 10.500<\/td>\n<\/tr>\n<\/tbody>\n<\/table>\n\t\t<\/div>\n\t\t\t\t\t<\/div>\n\n\t\n<\/div>\n","protected":false},"excerpt":{"rendered":"","protected":false},"author":2,"featured_media":32311,"parent":0,"menu_order":0,"comment_status":"closed","ping_status":"closed","template":"page-blank.php","meta":{"footnotes":""},"class_list":["post-33851","page","type-page","status-publish","has-post-thumbnail","hentry"],"_links":{"self":[{"href":"https:\/\/drermanak.com\/it\/wp-json\/wp\/v2\/pages\/33851","targetHints":{"allow":["GET"]}}],"collection":[{"href":"https:\/\/drermanak.com\/it\/wp-json\/wp\/v2\/pages"}],"about":[{"href":"https:\/\/drermanak.com\/it\/wp-json\/wp\/v2\/types\/page"}],"author":[{"embeddable":true,"href":"https:\/\/drermanak.com\/it\/wp-json\/wp\/v2\/users\/2"}],"replies":[{"embeddable":true,"href":"https:\/\/drermanak.com\/it\/wp-json\/wp\/v2\/comments?post=33851"}],"version-history":[{"count":3,"href":"https:\/\/drermanak.com\/it\/wp-json\/wp\/v2\/pages\/33851\/revisions"}],"predecessor-version":[{"id":33861,"href":"https:\/\/drermanak.com\/it\/wp-json\/wp\/v2\/pages\/33851\/revisions\/33861"}],"wp:featuredmedia":[{"embeddable":true,"href":"https:\/\/drermanak.com\/it\/wp-json\/wp\/v2\/media\/32311"}],"wp:attachment":[{"href":"https:\/\/drermanak.com\/it\/wp-json\/wp\/v2\/media?parent=33851"}],"curies":[{"name":"wp","href":"https:\/\/api.w.org\/{rel}","templated":true}]}}