{"id":7665,"date":"2022-06-07T07:01:22","date_gmt":"2022-06-07T04:01:22","guid":{"rendered":"https:\/\/adoring-mirzakhani.212-227-6-40.plesk.page\/about-me\/"},"modified":"2025-11-06T17:50:22","modified_gmt":"2025-11-06T14:50:22","slug":"over-mij","status":"publish","type":"page","link":"https:\/\/drermanak.com\/nl\/over-mij\/","title":{"rendered":"Over mij"},"content":{"rendered":"<div class=\"row align-middle\"  id=\"row-715551452\">\n\n\t<div id=\"col-690470755\" class=\"col medium-6 small-12 large-6\"  >\n\t\t\t\t<div class=\"col-inner\"  >\n\t\t\t\n\t\t\t\n<h2>Op. Dr. Erman AK<\/h2>\n<p>Op. Dr. Erman Ak is een specialist in Plastische, Reconstructieve en Esthetische Chirurgie met een kliniek in Istanbul, Turkije. Hij staat bekend om zijn gezicht-, borst- en lichaamscontourchirurgie en heeft internationale ervaring. Met moderne esthetische benaderingen, een op natuurlijke resultaten gerichte chirurgische visie en een artistieke blik is hij een van de toonaangevende namen in de esthetische chirurgie.<\/p>\n<h2>Opleiding en Academische Carri\u00e8re<\/h2>\n<p>Dr. Erman Ak voltooide zijn basis- en middelbare onderwijs in Mersin en zijn middelbare school aan het Mersin Fen Lisesi. In 2014 studeerde hij af aan de Faculteit Geneeskunde van de Hacettepe Universiteit en begon hij zijn specialisatie aan de Afdeling Plastische, Reconstructieve en Esthetische Chirurgie van de Universiteit van Istanbul \u00c7apa.<\/p>\n<p>Tijdens zijn assistentiejaren speelde hij een actieve rol in handchirurgie, aangeboren handafwijkingen, zenuwoverdrachten en microchirurgische operaties; hij deed intensieve ervaring op in gezichtschirurgie.<\/p>\n\t\t<\/div>\n\t\t\t\t\t<\/div>\n\n\t\n\n\t<div id=\"col-512741245\" class=\"col medium-6 small-12 large-6 small-col-first\"  >\n\t\t\t\t<div class=\"col-inner\"  >\n\t\t\t\n\t\t\t\n\t<div class=\"img has-hover x md-x lg-x y md-y lg-y\" id=\"image_892205471\">\n\t\t\t\t\t\t\t\t<div class=\"img-inner dark\" >\n\t\t\t<img loading=\"lazy\" decoding=\"async\" width=\"1114\" height=\"1374\" src=\"https:\/\/drermanak.com\/wp-content\/uploads\/2024\/11\/Group-111@2x-1.webp\" class=\"attachment-2048x2048 size-2048x2048\" alt=\"\" srcset=\"https:\/\/drermanak.com\/wp-content\/uploads\/2024\/11\/Group-111@2x-1.webp 1114w, https:\/\/drermanak.com\/wp-content\/uploads\/2024\/11\/Group-111@2x-1-243x300.webp 243w, https:\/\/drermanak.com\/wp-content\/uploads\/2024\/11\/Group-111@2x-1-830x1024.webp 830w, https:\/\/drermanak.com\/wp-content\/uploads\/2024\/11\/Group-111@2x-1-768x947.webp 768w\" sizes=\"auto, (max-width: 1114px) 100vw, 1114px\" title=\"\">\t\t\t\t\t\t\n\t\t\t\t\t<\/div>\n\t\t\t\t\t\t\t\t\n<style>\n#image_892205471 {\n  width: 100%;\n}\n<\/style>\n\t<\/div>\n\t\n\t\t<\/div>\n\t\t\t\t\t<\/div>\n\n\t\n<\/div>\n\n  \n    <div class=\"row large-columns-3 medium-columns- small-columns-1 slider row-slider slider-nav-reveal\"  data-flickity-options='{&quot;imagesLoaded&quot;: true, &quot;groupCells&quot;: &quot;100%&quot;, &quot;dragThreshold&quot; : 5, &quot;cellAlign&quot;: &quot;left&quot;,&quot;wrapAround&quot;: true,&quot;prevNextButtons&quot;: true,&quot;percentPosition&quot;: true,&quot;pageDots&quot;: false, &quot;rightToLeft&quot;: false, &quot;autoPlay&quot; : false}' >\n\n  <div class=\"gallery-col col\" >\n          <div class=\"col-inner\">\n            <a class=\"image-lightbox lightbox-gallery\" href=\"https:\/\/drermanak.com\/wp-content\/uploads\/2024\/11\/1-png.webp\" title=\"\">            <div class=\"box has-hover gallery-box box-none\">\n              <div class=\"box-image\" >\n                <img loading=\"lazy\" decoding=\"async\" width=\"500\" height=\"300\" src=\"https:\/\/drermanak.com\/wp-content\/uploads\/2024\/11\/1-png.webp\" class=\"attachment-2048x2048 size-2048x2048\" alt=\"\" ids=\"18097,18101,18105\" style=\"none\" lightbox_image_size=\"2048x2048\" type=\"slider\" columns=\"3\" columns__sm=\"1\" image_size=\"2048x2048\" title=\"\">                                                              <\/div>\n              <div class=\"box-text text-left\" >\n                 <p><\/p>\n              <\/div>\n            <\/div>\n            <\/a>          <\/div>\n         <\/div><div class=\"gallery-col col\" >\n          <div class=\"col-inner\">\n            <a class=\"image-lightbox lightbox-gallery\" href=\"https:\/\/drermanak.com\/wp-content\/uploads\/2024\/11\/2-png.webp\" title=\"\">            <div class=\"box has-hover gallery-box box-none\">\n              <div class=\"box-image\" >\n                <img loading=\"lazy\" decoding=\"async\" width=\"500\" height=\"300\" src=\"https:\/\/drermanak.com\/wp-content\/uploads\/2024\/11\/2-png.webp\" class=\"attachment-2048x2048 size-2048x2048\" alt=\"\" ids=\"18097,18101,18105\" style=\"none\" lightbox_image_size=\"2048x2048\" type=\"slider\" columns=\"3\" columns__sm=\"1\" image_size=\"2048x2048\" title=\"\">                                                              <\/div>\n              <div class=\"box-text text-left\" >\n                 <p><\/p>\n              <\/div>\n            <\/div>\n            <\/a>          <\/div>\n         <\/div><div class=\"gallery-col col\" >\n          <div class=\"col-inner\">\n            <a class=\"image-lightbox lightbox-gallery\" href=\"https:\/\/drermanak.com\/wp-content\/uploads\/2024\/11\/3-png.webp\" title=\"\">            <div class=\"box has-hover gallery-box box-none\">\n              <div class=\"box-image\" >\n                <img loading=\"lazy\" decoding=\"async\" width=\"500\" height=\"300\" src=\"https:\/\/drermanak.com\/wp-content\/uploads\/2024\/11\/3-png.webp\" class=\"attachment-2048x2048 size-2048x2048\" alt=\"\" ids=\"18097,18101,18105\" style=\"none\" lightbox_image_size=\"2048x2048\" type=\"slider\" columns=\"3\" columns__sm=\"1\" image_size=\"2048x2048\" title=\"\">                                                              <\/div>\n              <div class=\"box-text text-left\" >\n                 <p><\/p>\n              <\/div>\n            <\/div>\n            <\/a>          <\/div>\n         <\/div><\/div>\n<div class=\"row align-middle\"  id=\"row-1481208548\">\n\n\t<div id=\"col-1900438337\" class=\"col small-12 large-12\"  >\n\t\t\t\t<div class=\"col-inner\"  >\n\t\t\t\n\t\t\t\n<h2>Internationale Opleiding en Wetenschappelijke Studies<\/h2>\n<p>In 2018 volgde hij een geavanceerde microchirurgische training aan het Chang Gung Memorial Hospital in Taiwan bij Prof. Dr. Fu Chan Wei. In 2019 gaf hij een mondelinge presentatie over \u201cALT-flappen\u201d op het World Society for Reconstructive Microsurgery-congres in Bologna. Hij voltooide zijn specialisatie met het proefschrift \u201cOnderzoek naar de morbiditeit van de donorplaats na Latissimus Dorsi-spierflappen\u201d.<\/p>\n<p>Na zijn specialisatie was hij betrokken bij de oprichting van de afdeling Plastische Chirurgie van het Ba\u015fak\u015fehir \u00c7am en Sakura Ziekenhuis en was hij lange tijd afdelingshoofd. In deze periode voerde hij de eerste poliklinische bottransplantatie van kaak tot kaak van het ziekenhuis uit.<\/p>\n<p>In 2022 werkte hij drie maanden als ISAPS-beurshouder bij Prof. Dr. Giovanni Botti en Chiara Botti in de Villa Bella Clinic in Itali\u00eb, waar hij zich verder specialiseerde in gezichts- en borstesthetiek. In 2021 werd hij door de <strong>European Board of Plastic Surgery (EBOPRAS)<\/strong> onderscheiden met de Europese certificering voor Esthetische Plastische Chirurgie.<\/p>\n<h2>Esthetische Chirurgische Benadering<\/h2>\n<p>Dr. Erman Ak beschouwt esthetische chirurgie niet enkel als een ingreep, maar als een persoonlijk ontwerpproces. Hij evalueert elke pati\u00ebnt op basis van hun gezichtsverhoudingen, weefselstructuur en natuurlijke esthetiek. Zijn doel is een jong, evenwichtig en elegant uiterlijk te bereiken, met behoud van natuurlijkheid.<\/p>\n<h2>Expertisegebieden<\/h2>\n<p>Dr. Erman Ak heeft een breed scala aan operaties op het gebied van gezicht-, borst- en lichaamsesthetiek:<\/p>\n<h3>Gezichtschirurgie<\/h3>\n<ul>\n<li>Voorhoofdslift<\/li>\n<li>Bovenooglidcorrectie<\/li>\n<li>Onderooglidcorrectie<\/li>\n<li>Wenkbrauw-\/slaaplift<\/li>\n<li>Midlift<\/li>\n<li>Diepvlak-gezichtslift<\/li>\n<li>Diepvlak-halslift (Platysmaplastiek)<\/li>\n<li>Halslift<\/li>\n<li>Liplift<\/li>\n<li>Kinvergroting<\/li>\n<li>Bichectomie (wangverkleining)<\/li>\n<li>Vetinjectie in het gezicht<\/li>\n<\/ul>\n<h3>Borstesthetiek<\/h3>\n<ul>\n<li>Borstvergroting<\/li>\n<li>Borstlift<\/li>\n<li>Borstverkleining<\/li>\n<\/ul>\n<h3>Lichaamsesthetiek<\/h3>\n<ul>\n<li>Buikwandcorrectie<\/li>\n<li>Liposuctie<\/li>\n<li>Armlift<\/li>\n<li>Billift (BBL \u2013 Brazilian Butt Lift)<\/li>\n<li>Mommy Makeover (Postpartum esthetische combinatie)<\/li>\n<\/ul>\n\t\t<\/div>\n\t\t\t\t\t<\/div>\n\n\t\n<\/div>\n","protected":false},"excerpt":{"rendered":"","protected":false},"author":2,"featured_media":0,"parent":0,"menu_order":0,"comment_status":"closed","ping_status":"closed","template":"","meta":{"footnotes":""},"class_list":["post-7665","page","type-page","status-publish","hentry"],"_links":{"self":[{"href":"https:\/\/drermanak.com\/nl\/wp-json\/wp\/v2\/pages\/7665","targetHints":{"allow":["GET"]}}],"collection":[{"href":"https:\/\/drermanak.com\/nl\/wp-json\/wp\/v2\/pages"}],"about":[{"href":"https:\/\/drermanak.com\/nl\/wp-json\/wp\/v2\/types\/page"}],"author":[{"embeddable":true,"href":"https:\/\/drermanak.com\/nl\/wp-json\/wp\/v2\/users\/2"}],"replies":[{"embeddable":true,"href":"https:\/\/drermanak.com\/nl\/wp-json\/wp\/v2\/comments?post=7665"}],"version-history":[{"count":3,"href":"https:\/\/drermanak.com\/nl\/wp-json\/wp\/v2\/pages\/7665\/revisions"}],"predecessor-version":[{"id":28460,"href":"https:\/\/drermanak.com\/nl\/wp-json\/wp\/v2\/pages\/7665\/revisions\/28460"}],"wp:attachment":[{"href":"https:\/\/drermanak.com\/nl\/wp-json\/wp\/v2\/media?parent=7665"}],"curies":[{"name":"wp","href":"https:\/\/api.w.org\/{rel}","templated":true}]}}