{"id":28599,"date":"2025-09-05T09:19:34","date_gmt":"2025-09-05T06:19:34","guid":{"rendered":"https:\/\/drermanak.com\/?page_id=28599"},"modified":"2025-12-01T15:30:05","modified_gmt":"2025-12-01T12:30:05","slug":"patientguide","status":"publish","type":"page","link":"https:\/\/drermanak.com\/sv\/om-mig\/patientguide\/","title":{"rendered":"Patientguide"},"content":{"rendered":"<h2>Innan du reser till Turkiet<\/h2>\n<ul>\n<li aria-level=\"1\">F\u00f6r l\u00e5ngdistansflyg (\u00f6ver hav): v\u00e4nligen ankom Istanbul minst 2 dagar f\u00f6re operationen.<\/li>\n<li aria-level=\"1\">F\u00f6r kortdistansflyg: ankom minst 1 dag f\u00f6re operationen.<\/li>\n<li aria-level=\"1\">Vi rekommenderar att ta med en anh\u00f6rig som kan stanna hos dig under de f\u00f6rsta dagarna efter operationen. Om detta inte \u00e4r m\u00f6jligt kan vi h\u00e4nvisa dig till externa professionella v\u00e5rd-\/companions-tj\u00e4nster (extra kostnad) f\u00f6r hotellvistelsen.<\/li>\n<li aria-level=\"1\">Pass &amp; visum: Kontrollera visumkrav p\u00e5 den officiella webbplatsen: https:\/\/www.mfa.gov.tr\/visa-information-for-foreigners.en.mfa<\/li>\n<li aria-level=\"1\">Beh\u00f6riga patienter kan ans\u00f6ka om e-visum online: https:\/\/www.evisa.gov.tr<\/li>\n<\/ul>\n<h2>Medicinsk f\u00f6rberedelse<\/h2>\n<ul>\n<li aria-level=\"1\">Att n\u00e5 och beh\u00e5lla din idealvikt \u00e4r obligatoriskt f\u00f6re operationen. Viktf\u00f6r\u00e4ndringar efter operationen kan p\u00e5verka resultaten negativt.<\/li>\n<li aria-level=\"1\">Viktminskningsmediciner: m\u00e5ste avslutas minst 6 veckor f\u00f6re operationen.<\/li>\n<li aria-level=\"1\">Hormonbehandling (HRT) och p-piller: m\u00e5ste stoppas 6 veckor f\u00f6re operationen.<\/li>\n<li aria-level=\"1\">Blodf\u00f6rtunnande medel &amp; v\u00e4xtbaserade kosttillskott (aspirin, ibuprofen, omega-3, vitamin E, ginkgo, ginseng, osv.): sluta 7\u201310 dagar f\u00f6re operationen.<\/li>\n<li aria-level=\"1\">R\u00f6kning\/nikotin: m\u00e5ste stoppas minst 3\u20134 veckor f\u00f6re operationen.<\/li>\n<li aria-level=\"1\">Alkohol: b\u00f6r undvikas minst 1 vecka f\u00f6re operationen.<\/li>\n<li aria-level=\"1\">Br\u00f6stf\u00f6rminskning\/br\u00f6stlyft: mammografi eller br\u00f6stultraljud \u00e4r obligatoriskt. Unders\u00f6kningarna kan \u00e4ven ordnas p\u00e5 v\u00e5rt sjukhus mot extra kostnad.<\/li>\n<li aria-level=\"1\">Patienter som g\u00f6r ansiktslyft: eventuella fillers i ansiktet m\u00e5ste l\u00f6sas upp minst 2 m\u00e5nader f\u00f6re operationen.<\/li>\n<li aria-level=\"1\">V\u00e4xtbaserade teer (s\u00e5som gr\u00f6nt te, citronte, etc.) kan \u00f6ka bl\u00f6dningsrisken. Undvik dem 1 vecka f\u00f6re och 1 vecka efter operationen.<\/li>\n<li aria-level=\"1\">Svart te \u00e4r s\u00e4kert att konsumera.<\/li>\n<li aria-level=\"1\">Vissa livsmedel \u2013 inklusive k\u00f6rsb\u00e4r, surk\u00f6rsb\u00e4r, vitl\u00f6k, f\u00e4rska eller torkade druvor och vattenmelon \u2013 inneh\u00e5ller naturlig salicylsyra och kan verka likt aspirin och \u00f6ka bl\u00f6dningsrisken n\u00e5got. Undvik att konsumera dessa i stora m\u00e4ngder veckan f\u00f6re operationen.<\/li>\n<li aria-level=\"1\">L\u00e4mna alla smycken hemma (inklusive vigselringar, halsband och \u00f6rh\u00e4ngen).<\/li>\n<li aria-level=\"1\">B\u00e4r framkn\u00e4ppta\/plagg med dragkedja. Undvik \u00e5tsittande kl\u00e4der eller kl\u00e4der som m\u00e5ste tas p\u00e5 \u00f6ver huvudet.<\/li>\n<li aria-level=\"1\">Ta en varm dusch kv\u00e4llen f\u00f6re operationen.<\/li>\n<li aria-level=\"1\">P\u00e5 operationsdagen: anv\u00e4nd inga h\u00e5rprodukter s\u00e5som spray, gel eller mousse.<\/li>\n<\/ul>\n<h2>Medicinsk dokumentation<\/h2>\n<ul>\n<li aria-level=\"1\">Detaljerad medicinsk historik (allergier, mediciner, tidigare sjukdomar, r\u00f6k-\/alkoholvanor).<\/li>\n<li aria-level=\"1\">Tidigare operationsrapporter eller utskrivningssammanfattningar.<\/li>\n<li aria-level=\"1\">Om du har samsjukligheter (hj\u00e4rtsjukdom, diabetes, koagulationsrubbningar, etc.) kr\u00e4vs ett medicinskt klartecken fr\u00e5n din l\u00e4kare.<\/li>\n<li aria-level=\"1\">Preoperativa tester (s\u00e4rskilt f\u00f6r kombinerade eller l\u00e5nga operationer): Blodstatus, biokemi (lever, njurar, elektrolyter), koagulationstester (PT, aPTT, INR).<\/li>\n<li aria-level=\"1\">Patienter m\u00e5ste genomf\u00f6ra dessa tester i sitt hemland f\u00f6re ankomst och skicka resultaten till oss. Vi kommer att granska dem och ge ytterligare rekommendationer baserat p\u00e5 fynden.<\/li>\n<li aria-level=\"1\">Eventuella k\u00e4nda infektionssjukdomar (HIV, hepatit B\/C, etc.) m\u00e5ste rapporteras till oss i f\u00f6rv\u00e4g.<\/li>\n<\/ul>\n<h2>Onlinekonsultation<\/h2>\n<ul>\n<li aria-level=\"1\">Alla internationella patienter m\u00e5ste genomg\u00e5 en onlinekonsultation f\u00f6re operationen.<\/li>\n<li aria-level=\"1\">Under denna session diskuterar vi dina f\u00f6rv\u00e4ntningar, vad som kan\/inte kan uppn\u00e5s, kirurgiska risker, \u00e5terh\u00e4mtningsprocess och reseplanering.<\/li>\n<li aria-level=\"1\">Obs: Onlinekonsultationen har en avgift, men beloppet dras av fr\u00e5n den totala operationskostnaden.<\/li>\n<\/ul>\n<h2>Under flygresan (DVT-prevention)<\/h2>\n<ul>\n<li aria-level=\"1\">G\u00e5 runt ofta: r\u00f6r dig i kabinen minst en g\u00e5ng i timmen.<\/li>\n<li aria-level=\"1\">Utf\u00f6r vad- och fotleds\u00f6vningar medan du sitter.<\/li>\n<li aria-level=\"1\">Drick mycket vatten; undvik alkohol och koffein.<\/li>\n<li aria-level=\"1\">Kompressionsstrumpor kan rekommenderas f\u00f6r h\u00f6griskpatienter.<\/li>\n<\/ul>\n<h2>Vad du ska ta med<\/h2>\n<ul>\n<li aria-level=\"1\">Bekv\u00e4ma plagg som \u00f6ppnas framtill.<\/li>\n<li aria-level=\"1\">Postoperativa plagg\/korsett\/kirurgisk bh (kliniken informerar dig).<\/li>\n<li aria-level=\"1\">Ta med dina ordinerade mediciner.<\/li>\n<li aria-level=\"1\">Personliga hygienartiklar.<\/li>\n<\/ul>\n<h2>Vid ankomst till Istanbul<\/h2>\n<ul>\n<li aria-level=\"1\">Beroende p\u00e5 operationen kommer du vanligtvis att stanna 1\u20132 n\u00e4tter p\u00e5 sjukhuset.<\/li>\n<li aria-level=\"1\">Om du inte har en anh\u00f6rig kan vi h\u00e4nvisa dig till externa professionella v\u00e5rd-\/companions-tj\u00e4nster under hotellvistelsen (extra kostnad).<\/li>\n<li aria-level=\"1\">Postoperativa kontroller kommer att ordnas. Efter att du \u00e5terv\u00e4nt till ditt land kan uppf\u00f6ljningen forts\u00e4tta online.<\/li>\n<\/ul>\n","protected":false},"excerpt":{"rendered":"<p>Innan du reser till Turkiet F\u00f6r l\u00e5ngdistansflyg (\u00f6ver hav): v\u00e4nligen ankom Istanbul minst 2 dagar f\u00f6re operationen. F\u00f6r kortdistansflyg: ankom minst 1 dag f\u00f6re operationen. Vi rekommenderar att ta med en anh\u00f6rig som kan stanna hos dig under de f\u00f6rsta dagarna efter operationen. Om detta inte \u00e4r m\u00f6jligt kan vi h\u00e4nvisa dig till externa professionella [&#8230;]\n","protected":false},"author":2,"featured_media":0,"parent":28629,"menu_order":0,"comment_status":"closed","ping_status":"closed","template":"page-blank-title-center.php","meta":{"footnotes":""},"class_list":["post-28599","page","type-page","status-publish","hentry"],"_links":{"self":[{"href":"https:\/\/drermanak.com\/sv\/wp-json\/wp\/v2\/pages\/28599","targetHints":{"allow":["GET"]}}],"collection":[{"href":"https:\/\/drermanak.com\/sv\/wp-json\/wp\/v2\/pages"}],"about":[{"href":"https:\/\/drermanak.com\/sv\/wp-json\/wp\/v2\/types\/page"}],"author":[{"embeddable":true,"href":"https:\/\/drermanak.com\/sv\/wp-json\/wp\/v2\/users\/2"}],"replies":[{"embeddable":true,"href":"https:\/\/drermanak.com\/sv\/wp-json\/wp\/v2\/comments?post=28599"}],"version-history":[{"count":2,"href":"https:\/\/drermanak.com\/sv\/wp-json\/wp\/v2\/pages\/28599\/revisions"}],"predecessor-version":[{"id":28601,"href":"https:\/\/drermanak.com\/sv\/wp-json\/wp\/v2\/pages\/28599\/revisions\/28601"}],"up":[{"embeddable":true,"href":"https:\/\/drermanak.com\/sv\/wp-json\/wp\/v2\/pages\/28629"}],"wp:attachment":[{"href":"https:\/\/drermanak.com\/sv\/wp-json\/wp\/v2\/media?parent=28599"}],"curies":[{"name":"wp","href":"https:\/\/api.w.org\/{rel}","templated":true}]}}