{"id":28629,"date":"2022-06-07T07:01:22","date_gmt":"2022-06-07T04:01:22","guid":{"rendered":"https:\/\/drermanak.com\/?page_id=28629"},"modified":"2025-12-01T15:33:48","modified_gmt":"2025-12-01T12:33:48","slug":"om-mig","status":"publish","type":"page","link":"https:\/\/drermanak.com\/sv\/om-mig\/","title":{"rendered":"Om mig"},"content":{"rendered":"<div class=\"row align-middle\"  id=\"row-782354427\">\n\n\t<div id=\"col-1486193822\" class=\"col medium-6 small-12 large-6\"  >\n\t\t\t\t<div class=\"col-inner\"  >\n\t\t\t\n\t\t\t\n<h2>Op. Dr. Erman AK<\/h2>\n<p>Op. Dr. Erman Ak \u00e4r specialist inom plastikkirurgi, rekonstruktiv kirurgi och estetisk kirurgi baserad i Istanbul, Turkiet, k\u00e4nd f\u00f6r sin expertis inom ansikts-, br\u00f6st- och kroppskontureringskirurgi. Med internationell erfarenhet, ett modernt estetiskt f\u00f6rh\u00e5llningss\u00e4tt, fokus p\u00e5 naturliga resultat och ett konstn\u00e4rligt perspektiv \u00e4r han en av de ledande namnen inom estetisk kirurgi.<\/p>\n<h2>Utbildning och akademisk karri\u00e4r<\/h2>\n<p>Dr. Erman Ak fullf\u00f6ljde sin grundskole- och gymnasieutbildning i Mersin och tog examen fr\u00e5n Mersin Science High School. \u00c5r 2014 tog han examen fr\u00e5n Hacettepe Universitets medicinska fakultet och b\u00f6rjade sin specialisering vid Istanbul Universitet, \u00c7apa medicinska fakultet, avdelningen f\u00f6r plastikkirurgi, rekonstruktiv och estetisk kirurgi.<\/p>\n<p>Under sin specialistutbildning deltog han aktivt i handkirurgi, medf\u00f6dda handanomalier, nerv\u00f6verf\u00f6ringar och mikrokirurgiska ingrepp; han fick intensiv erfarenhet inom ansiktskirurgi.<\/p>\n\t\t<\/div>\n\t\t\t\t\t<\/div>\n\n\t\n\n\t<div id=\"col-1610347446\" class=\"col medium-6 small-12 large-6 small-col-first\"  >\n\t\t\t\t<div class=\"col-inner\"  >\n\t\t\t\n\t\t\t\n\t<div class=\"img has-hover x md-x lg-x y md-y lg-y\" id=\"image_1659134531\">\n\t\t\t\t\t\t\t\t<div class=\"img-inner dark\" >\n\t\t\t<img decoding=\"async\" width=\"1114\" height=\"1374\" src=\"https:\/\/drermanak.com\/wp-content\/uploads\/2024\/11\/Group-111@2x-1.webp\" class=\"attachment-2048x2048 size-2048x2048\" alt=\"\" srcset=\"https:\/\/drermanak.com\/wp-content\/uploads\/2024\/11\/Group-111@2x-1.webp 1114w, https:\/\/drermanak.com\/wp-content\/uploads\/2024\/11\/Group-111@2x-1-243x300.webp 243w, https:\/\/drermanak.com\/wp-content\/uploads\/2024\/11\/Group-111@2x-1-830x1024.webp 830w, https:\/\/drermanak.com\/wp-content\/uploads\/2024\/11\/Group-111@2x-1-768x947.webp 768w\" sizes=\"(max-width: 1114px) 100vw, 1114px\" title=\"\">\t\t\t\t\t\t\n\t\t\t\t\t<\/div>\n\t\t\t\t\t\t\t\t\n<style>\n#image_1659134531 {\n  width: 100%;\n}\n<\/style>\n\t<\/div>\n\t\n\t\t<\/div>\n\t\t\t\t\t<\/div>\n\n\t\n<\/div>\n\n  \n    <div class=\"row large-columns-3 medium-columns- small-columns-1 slider row-slider slider-nav-reveal\"  data-flickity-options='{&quot;imagesLoaded&quot;: true, &quot;groupCells&quot;: &quot;100%&quot;, &quot;dragThreshold&quot; : 5, &quot;cellAlign&quot;: &quot;left&quot;,&quot;wrapAround&quot;: true,&quot;prevNextButtons&quot;: true,&quot;percentPosition&quot;: true,&quot;pageDots&quot;: false, &quot;rightToLeft&quot;: false, &quot;autoPlay&quot; : false}' >\n\n  <div class=\"gallery-col col\" >\n          <div class=\"col-inner\">\n            <a class=\"image-lightbox lightbox-gallery\" href=\"https:\/\/drermanak.com\/wp-content\/uploads\/2024\/11\/1-png.webp\" title=\"\">            <div class=\"box has-hover gallery-box box-none\">\n              <div class=\"box-image\" >\n                <img decoding=\"async\" width=\"500\" height=\"300\" src=\"https:\/\/drermanak.com\/wp-content\/uploads\/2024\/11\/1-png.webp\" class=\"attachment-2048x2048 size-2048x2048\" alt=\"\" ids=\"28626,28627,28628\" style=\"none\" lightbox_image_size=\"2048x2048\" type=\"slider\" columns=\"3\" columns__sm=\"1\" image_size=\"2048x2048\" srcset=\"https:\/\/drermanak.com\/wp-content\/uploads\/2024\/11\/1-png.webp 500w, https:\/\/drermanak.com\/wp-content\/uploads\/2024\/11\/1-300x180.webp 300w\" sizes=\"(max-width: 500px) 100vw, 500px\" title=\"\">                                                              <\/div>\n              <div class=\"box-text text-left\" >\n                 <p><\/p>\n              <\/div>\n            <\/div>\n            <\/a>          <\/div>\n         <\/div><div class=\"gallery-col col\" >\n          <div class=\"col-inner\">\n            <a class=\"image-lightbox lightbox-gallery\" href=\"https:\/\/drermanak.com\/wp-content\/uploads\/2024\/11\/2-png.webp\" title=\"\">            <div class=\"box has-hover gallery-box box-none\">\n              <div class=\"box-image\" >\n                <img decoding=\"async\" width=\"500\" height=\"300\" src=\"https:\/\/drermanak.com\/wp-content\/uploads\/2024\/11\/2-png.webp\" class=\"attachment-2048x2048 size-2048x2048\" alt=\"\" ids=\"28626,28627,28628\" style=\"none\" lightbox_image_size=\"2048x2048\" type=\"slider\" columns=\"3\" columns__sm=\"1\" image_size=\"2048x2048\" srcset=\"https:\/\/drermanak.com\/wp-content\/uploads\/2024\/11\/2-png.webp 500w, https:\/\/drermanak.com\/wp-content\/uploads\/2024\/11\/2-300x180.webp 300w\" sizes=\"(max-width: 500px) 100vw, 500px\" title=\"\">                                                              <\/div>\n              <div class=\"box-text text-left\" >\n                 <p><\/p>\n              <\/div>\n            <\/div>\n            <\/a>          <\/div>\n         <\/div><div class=\"gallery-col col\" >\n          <div class=\"col-inner\">\n            <a class=\"image-lightbox lightbox-gallery\" href=\"https:\/\/drermanak.com\/wp-content\/uploads\/2024\/11\/3-png.webp\" title=\"\">            <div class=\"box has-hover gallery-box box-none\">\n              <div class=\"box-image\" >\n                <img decoding=\"async\" width=\"500\" height=\"300\" src=\"https:\/\/drermanak.com\/wp-content\/uploads\/2024\/11\/3-png.webp\" class=\"attachment-2048x2048 size-2048x2048\" alt=\"\" ids=\"28626,28627,28628\" style=\"none\" lightbox_image_size=\"2048x2048\" type=\"slider\" columns=\"3\" columns__sm=\"1\" image_size=\"2048x2048\" srcset=\"https:\/\/drermanak.com\/wp-content\/uploads\/2024\/11\/3-png.webp 500w, https:\/\/drermanak.com\/wp-content\/uploads\/2024\/11\/3-300x180.webp 300w\" sizes=\"(max-width: 500px) 100vw, 500px\" title=\"\">                                                              <\/div>\n              <div class=\"box-text text-left\" >\n                 <p><\/p>\n              <\/div>\n            <\/div>\n            <\/a>          <\/div>\n         <\/div><\/div>\n<div class=\"row align-middle\"  id=\"row-284334304\">\n\n\t<div id=\"col-680382028\" class=\"col small-12 large-12\"  >\n\t\t\t\t<div class=\"col-inner\"  >\n\t\t\t\n\t\t\t\n<h2>Internationell utbildning och vetenskapliga studier<\/h2>\n<p>\u00c5r 2018 fick han avancerad mikrokirurgisk utbildning vid Chang Gung Memorial Hospital i Taiwan under Prof. Dr. Fu Chan Wei. \u00c5r 2019 h\u00f6ll han en muntlig presentation om \u201cALT-flikar\u201d vid World Society for Reconstructive Microsurgery Congress i Bologna. Han avslutade sin specialistutbildning med en avhandling om \u201cUtv\u00e4rdering av donatorst\u00e4lle-morbiditet efter Latissimus Dorsi-muskeltransplantationer\u201d.<\/p>\n<p>Efter sin specialisering deltog han i etableringen av plastikkirurgiavdelningen vid Ba\u015fak\u015fehir \u00c7am och Sakura Hospital och tj\u00e4nstgjorde som avdelningschef under en l\u00e5ng period. Under denna tid utf\u00f6rde han sjukhusets f\u00f6rsta k\u00e4kbensgraft-operation.<\/p>\n<p>\u00c5r 2022 arbetade han som ISAPS-stipendiat tillsammans med Prof. Dr. Giovanni Botti och Chiara Botti vid Villa Bella Clinic i Italien i tre m\u00e5nader, d\u00e4r han genomf\u00f6rde avancerade studier inom ansikts- och br\u00f6stestetik. \u00c5r 2021 tilldelades han European Board Certification in Aesthetic Plastic Surgery av <strong>European Board of Plastic Surgery (EBOPRAS)<\/strong>.<\/p>\n<h2>Estetiskt kirurgiskt tillv\u00e4gag\u00e5ngss\u00e4tt<\/h2>\n<p>Dr. Erman Ak ser estetisk kirurgi inte endast som ett ingrepp, utan som en personlig designprocess. Han utv\u00e4rderar varje patient utifr\u00e5n deras ansiktsproportioner, v\u00e4vnadsstruktur och naturliga estetik. Hans m\u00e5l \u00e4r att skapa ett ungdomligt, balanserat och elegant utseende samtidigt som naturligheten bevaras.<\/p>\n<h2>Expertisomr\u00e5den<\/h2>\n<p>Dr. Erman Ak utf\u00f6r ett brett spektrum av operationer inom ansikts-, br\u00f6st- och kroppsestetik:<\/p>\n<h3>Ansiktsestetik<\/h3>\n<ul>\n<li>Pannlyft<\/li>\n<li>\u00d6vre \u00f6gonlocksoperation<\/li>\n<li>Nedre \u00f6gonlocksoperation<\/li>\n<li>Temporalt lyft<\/li>\n<li>Mellansiktslyft<\/li>\n<li>Deep Plane Facelift<\/li>\n<li>Deep Plane Neck Lift (Platysmaplastik)<\/li>\n<li>Nacklyft<\/li>\n<li>Lipplift<\/li>\n<li>Hakf\u00f6rstoring<\/li>\n<li>Buccal Fat Removal (Bichektomi)<\/li>\n<li>Fettransplantation i ansiktet<\/li>\n<\/ul>\n<h3>Br\u00f6stestetik<\/h3>\n<ul>\n<li>Br\u00f6stf\u00f6rstoring<\/li>\n<li>Br\u00f6stlyft<\/li>\n<li>Br\u00f6stf\u00f6rminskning<\/li>\n<\/ul>\n<h3>Kroppsstetik<\/h3>\n<ul>\n<li>Abdominoplastik (Tummy Tuck)<\/li>\n<li>Fettsugning<\/li>\n<li>Armlift<\/li>\n<li>S\u00e4testetik (BBL \u2013 Brazilian Butt Lift)<\/li>\n<li>Mommy Makeover (Postpartum estetisk kombinationsbehandling)<\/li>\n<\/ul>\n\t\t<\/div>\n\t\t\t\t\t<\/div>\n\n\t\n<\/div>\n","protected":false},"excerpt":{"rendered":"","protected":false},"author":2,"featured_media":0,"parent":0,"menu_order":0,"comment_status":"closed","ping_status":"closed","template":"","meta":{"footnotes":""},"class_list":["post-28629","page","type-page","status-publish","hentry"],"_links":{"self":[{"href":"https:\/\/drermanak.com\/sv\/wp-json\/wp\/v2\/pages\/28629","targetHints":{"allow":["GET"]}}],"collection":[{"href":"https:\/\/drermanak.com\/sv\/wp-json\/wp\/v2\/pages"}],"about":[{"href":"https:\/\/drermanak.com\/sv\/wp-json\/wp\/v2\/types\/page"}],"author":[{"embeddable":true,"href":"https:\/\/drermanak.com\/sv\/wp-json\/wp\/v2\/users\/2"}],"replies":[{"embeddable":true,"href":"https:\/\/drermanak.com\/sv\/wp-json\/wp\/v2\/comments?post=28629"}],"version-history":[{"count":2,"href":"https:\/\/drermanak.com\/sv\/wp-json\/wp\/v2\/pages\/28629\/revisions"}],"predecessor-version":[{"id":28632,"href":"https:\/\/drermanak.com\/sv\/wp-json\/wp\/v2\/pages\/28629\/revisions\/28632"}],"wp:attachment":[{"href":"https:\/\/drermanak.com\/sv\/wp-json\/wp\/v2\/media?parent=28629"}],"curies":[{"name":"wp","href":"https:\/\/api.w.org\/{rel}","templated":true}]}}